{"id":629,"date":"2016-09-13T13:48:16","date_gmt":"2016-09-13T17:48:16","guid":{"rendered":"http:\/\/simon.wps.dev\/fr\/mortgages\/"},"modified":"2025-12-17T11:18:34","modified_gmt":"2025-12-17T16:18:34","slug":"services","status":"publish","type":"page","link":"https:\/\/sebastienchampagne.com\/fr\/services\/","title":{"rendered":"SERVICES HYPOTH\u00c9CAIRES"},"content":{"rendered":"<h1>SERVICES HYPOTH\u00c9CAIRES<\/h1>\n<h2>Des solutions simples, humaines et adapt\u00e9es \u00e0 votre r\u00e9alit\u00e9<\/h2>\n<p data-start=\"513\" data-end=\"712\">Que vous achetiez une premi\u00e8re propri\u00e9t\u00e9, renouveliez votre pr\u00eat ou souhaitiez optimiser votre situation financi\u00e8re, mon r\u00f4le est de vous accompagner avec clart\u00e9 et bienveillance \u2014 du d\u00e9but \u00e0 la fin.<\/p>\n<p data-start=\"714\" data-end=\"767\">Voici un aper\u00e7u des services que je peux vous offrir.<\/p>\n<h2 data-start=\"1199\" data-end=\"1246\">1. Pr\u00e9approbation hypoth\u00e9caire<\/h2>\n<p data-start=\"1295\" data-end=\"1499\">La pr\u00e9approbation vous donne une vision claire de votre budget et vous permet de magasiner en toute confiance.<br data-start=\"1405\" data-end=\"1408\" \/>C\u2019est aussi la meilleure fa\u00e7on de prot\u00e9ger votre taux pendant que vous cherchez une maison.<\/p>\n<div style=\"text-align: center; margin-top: 16px; margin-bottom: 0;\"><a style=\"display: inline-flex; align-items: center; justify-content: center; background: #ffffff; color: #003366; padding: 6px 18px; font-weight: 600; font-size: 13px; line-height: 1; border-radius: 5px; text-decoration: none; border: 1px solid #003366;\" href=\"https:\/\/sebastienchampagne.com\/fr\/services\/preapprobation-hypothecaire\/\"><br \/>\nEn savoir plus<br \/>\n<\/a><\/div>\n<h2 data-start=\"714\" data-end=\"767\"><strong data-start=\"779\" data-end=\"807\">2. Achat d\u2019une propri\u00e9t\u00e9<\/strong><\/h2>\n<p data-start=\"810\" data-end=\"1000\">L\u2019achat d\u2019une maison est une grande \u00e9tape. Je vous guide pour comprendre vos options, b\u00e2tir une strat\u00e9gie solide et obtenir une solution parfaitement adapt\u00e9e \u00e0 votre budget et vos objectifs.<\/p>\n<p data-start=\"1002\" data-end=\"1025\"><strong data-start=\"1002\" data-end=\"1023\">Services inclus :<\/strong><\/p>\n<ul data-start=\"1026\" data-end=\"1197\">\n<li data-start=\"1026\" data-end=\"1057\">\n<p data-start=\"1028\" data-end=\"1057\">Pr\u00e9approbation hypoth\u00e9caire<\/p>\n<\/li>\n<li data-start=\"1058\" data-end=\"1082\">\n<p data-start=\"1060\" data-end=\"1082\">Optimisation du taux<\/p>\n<\/li>\n<li data-start=\"1083\" data-end=\"1151\">\n<p data-start=\"1085\" data-end=\"1151\">Conseils sur la mise de fonds, les co\u00fbts et la structure du pr\u00eat<\/p>\n<\/li>\n<li data-start=\"1152\" data-end=\"1197\">\n<p data-start=\"1154\" data-end=\"1197\">Soutien tout au long du processus d\u2019achat<\/p>\n<\/li>\n<\/ul>\n<div style=\"text-align: center; margin-top: 16px; margin-bottom: 0;\"><a style=\"display: inline-flex; align-items: center; justify-content: center; background: #ffffff; color: #003366; padding: 6px 18px; font-weight: 600; font-size: 13px; line-height: 1; border-radius: 5px; text-decoration: none; border: 1px solid #003366;\" href=\"https:\/\/sebastienchampagne.com\/fr\/services\/acheter-une-maison\/\"><br \/>\nEn savoir plus<br \/>\n<\/a><\/div>\n<h2 data-start=\"1549\" data-end=\"1590\"><strong data-start=\"1554\" data-end=\"1588\">3. Renouvellement hypoth\u00e9caire<\/strong><\/h2>\n<p data-start=\"1591\" data-end=\"1751\">Un renouvellement n\u2019est jamais automatique.\u00a0 C\u2019est une occasion d\u2019am\u00e9liorer vos conditions, d\u2019obtenir un meilleur taux et d\u2019ajuster votre strat\u00e9gie financi\u00e8re.\u00a0 Je compare pour vous plusieurs pr\u00eateurs afin de maximiser vos avantages.<\/p>\n<div style=\"text-align: center; margin-top: 16px; margin-bottom: 0;\"><a style=\"display: inline-flex; align-items: center; justify-content: center; background: #ffffff; color: #003366; padding: 6px 18px; font-weight: 600; font-size: 13px; line-height: 1; border-radius: 5px; text-decoration: none; border: 1px solid #003366;\" href=\"https:\/\/sebastienchampagne.com\/fr\/services\/renouvellement-hypothecaire\/\"><br \/>\nEn savoir plus<br \/>\n<\/a><\/div>\n<h2 data-start=\"1875\" data-end=\"1915\"><strong data-start=\"1880\" data-end=\"1913\">4. Refinancement hypoth\u00e9caire<\/strong><\/h2>\n<p data-start=\"1916\" data-end=\"1973\">Un refinancement peut vous offrir plus de flexibilit\u00e9 :<\/p>\n<ul data-start=\"1974\" data-end=\"2088\">\n<li data-start=\"1974\" data-end=\"1999\">\n<p data-start=\"1976\" data-end=\"1999\">r\u00e9duire vos paiements<\/p>\n<\/li>\n<li data-start=\"2000\" data-end=\"2035\">\n<p data-start=\"2002\" data-end=\"2035\">financer des projets importants<\/p>\n<\/li>\n<li data-start=\"2036\" data-end=\"2061\">\n<p data-start=\"2038\" data-end=\"2061\">consolider vos dettes<\/p>\n<\/li>\n<li data-start=\"2062\" data-end=\"2088\">\n<p data-start=\"2064\" data-end=\"2088\">optimiser votre budget<\/p>\n<\/li>\n<\/ul>\n<p data-start=\"2090\" data-end=\"2187\">Je vous accompagne pour d\u00e9terminer si c\u2019est r\u00e9ellement la meilleure option selon votre situation.<\/p>\n<div style=\"text-align: center; margin-top: 16px; margin-bottom: 0;\"><a style=\"display: inline-flex; align-items: center; justify-content: center; background: #ffffff; color: #003366; padding: 6px 18px; font-weight: 600; font-size: 13px; line-height: 1; border-radius: 5px; text-decoration: none; border: 1px solid #003366;\" href=\"https:\/\/sebastienchampagne.com\/fr\/services\/refinancement-hypothecaire\/\"><br \/>\nEn savoir plus<br \/>\n<\/a><\/div>\n<h2 data-start=\"2236\" data-end=\"2283\"><strong data-start=\"2241\" data-end=\"2281\">5. Hypoth\u00e8que invers\u00e9e (55 ans et +)<\/strong><\/h2>\n<p data-start=\"2284\" data-end=\"2477\">Une solution con\u00e7ue pour am\u00e9liorer votre qualit\u00e9 de vie \u00e0 la retraite sans vendre votre maison.<br data-start=\"2379\" data-end=\"2382\" \/>Elle vous permet d\u2019acc\u00e9der \u00e0 la valeur nette de votre propri\u00e9t\u00e9 tout en demeurant propri\u00e9taire.<\/p>\n<div style=\"text-align: center; margin-top: 16px; margin-bottom: 0;\"><a style=\"display: inline-flex; align-items: center; justify-content: center; background: #ffffff; color: #003366; padding: 6px 18px; font-weight: 600; font-size: 13px; line-height: 1; border-radius: 5px; text-decoration: none; border: 1px solid #003366;\" href=\"https:\/\/sebastienchampagne.com\/fr\/services\/hypotheque-inversee\/\"><br \/>\nEn savoir plus<br \/>\n<\/a><\/div>\n<h2 data-start=\"2531\" data-end=\"2570\"><strong data-start=\"2536\" data-end=\"2568\">6. Investissement immobilier<\/strong><\/h2>\n<p data-start=\"2571\" data-end=\"2787\">Vous envisagez d\u2019acheter un immeuble \u00e0 revenus ou une seconde propri\u00e9t\u00e9 ?<br data-start=\"2644\" data-end=\"2647\" \/>Je vous aide \u00e0 structurer votre financement, analyser la rentabilit\u00e9 et obtenir les meilleures conditions pour vos projets d\u2019investissement.<\/p>\n<div style=\"text-align: center; margin-top: 16px; margin-bottom: 0;\"><a style=\"display: inline-flex; align-items: center; justify-content: center; background: #ffffff; color: #003366; padding: 6px 18px; font-weight: 600; font-size: 13px; line-height: 1; border-radius: 5px; text-decoration: none; border: 1px solid #003366;\" href=\"https:\/\/sebastienchampagne.com\/fr\/services\/investissement-immobilier\/\"><br \/>\nEn savoir plus<br \/>\n<\/a><\/div>\n<h2 data-start=\"3055\" data-end=\"3091\">\ud83d\udcde <strong data-start=\"3060\" data-end=\"3089\">Besoin d\u2019accompagnement ?<\/strong><\/h2>\n<p data-start=\"3092\" data-end=\"3202\">Aucun engagement. Juste une conversation pour clarifier vos options et vous guider vers la meilleure solution.<\/p>\n<div style=\"text-align: center; margin-top: 40px; margin-bottom: 50px;\"><a style=\"display: inline-block; background: #f5c400; color: #003366; padding: 0px 34px 20px 34px; font-weight: bold; font-size: 16px; border-radius: 8px; text-decoration: none; box-shadow: 0 6px 14px rgba(0,0,0,0.15);\" href=\"https:\/\/sebastienchampagne.com\/fr\/contact\/\"><br \/>\n\ud83d\udcde Parler \u00e0 un expert<br \/>\n<\/a><\/div>\n","protected":false},"excerpt":{"rendered":"<p>Des solutions hypoth\u00e9caires adapt\u00e9es \u00e0 votre r\u00e9alit\u00e9, pour avancer avec confiance \u00e0 chaque \u00e9tape.<\/p>\n","protected":false},"author":1,"featured_media":1670,"parent":0,"menu_order":0,"comment_status":"closed","ping_status":"closed","template":"","meta":[],"yoast_head":"<!-- This site is optimized with the Yoast SEO plugin v17.1 - https:\/\/yoast.com\/wordpress\/plugins\/seo\/ -->\n<meta name=\"description\" content=\"D\u00e9couvrez l\u2019ensemble des services hypoth\u00e9caires offerts par S\u00e9bastien Champagne : achat, pr\u00e9approbation, renouvellement, refinancement, hypoth\u00e8que invers\u00e9e et investissement immobilier. Un accompagnement clair, humain et personnalis\u00e9.\" \/>\n<meta name=\"robots\" content=\"index, follow, max-snippet:-1, max-image-preview:large, max-video-preview:-1\" \/>\n<link rel=\"canonical\" href=\"https:\/\/sebastienchampagne.com\/fr\/services\/\" \/>\n<meta property=\"og:locale\" content=\"fr_FR\" \/>\n<meta property=\"og:type\" content=\"article\" \/>\n<meta property=\"og:title\" content=\"Services hypoth\u00e9caires | S\u00e9bastien Champagne \u2013 Courtier hypoth\u00e9caire\" \/>\n<meta property=\"og:description\" content=\"D\u00e9couvrez l\u2019ensemble des services hypoth\u00e9caires offerts par S\u00e9bastien Champagne : achat, pr\u00e9approbation, renouvellement, refinancement, hypoth\u00e8que invers\u00e9e et investissement immobilier. Un accompagnement clair, humain et personnalis\u00e9.\" \/>\n<meta property=\"og:url\" content=\"https:\/\/sebastienchampagne.com\/fr\/services\/\" \/>\n<meta property=\"og:site_name\" content=\"Dominion Lending Centres\" \/>\n<meta property=\"article:modified_time\" content=\"2025-12-17T16:18:34+00:00\" \/>\n<meta property=\"og:image\" content=\"https:\/\/sebastienchampagne.com\/wp-content\/uploads\/2025\/12\/sebastien-champagne-services-hypothe\u0301caires.jpg\" \/>\n\t<meta property=\"og:image:width\" content=\"1920\" \/>\n\t<meta property=\"og:image:height\" content=\"800\" \/>\n<meta name=\"twitter:card\" content=\"summary\" \/>\n<meta name=\"twitter:label1\" content=\"Dur\u00e9e de lecture est.\" \/>\n\t<meta name=\"twitter:data1\" content=\"2 minutes\" \/>\n<script type=\"application\/ld+json\" class=\"yoast-schema-graph\">{\"@context\":\"https:\/\/schema.org\",\"@graph\":[{\"@type\":\"Organization\",\"@id\":\"https:\/\/sebastienchampagne.com\/fr\/#organization\",\"name\":\"Centres Hypoth\\u00e9caires Dominion\",\"url\":\"https:\/\/sebastienchampagne.com\/fr\/\",\"sameAs\":[],\"logo\":{\"@type\":\"ImageObject\",\"@id\":\"https:\/\/sebastienchampagne.com\/fr\/#logo\",\"inLanguage\":\"fr-FR\",\"url\":\"https:\/\/sebastienchampagne.com\/wp-content\/uploads\/2017\/01\/vector_DLC1.jpg\",\"contentUrl\":\"https:\/\/sebastienchampagne.com\/wp-content\/uploads\/2017\/01\/vector_DLC1.jpg\",\"width\":369,\"height\":173,\"caption\":\"Centres Hypoth\\u00e9caires Dominion\"},\"image\":{\"@id\":\"https:\/\/sebastienchampagne.com\/fr\/#logo\"}},{\"@type\":\"WebSite\",\"@id\":\"https:\/\/sebastienchampagne.com\/fr\/#website\",\"url\":\"https:\/\/sebastienchampagne.com\/fr\/\",\"name\":\"Dominion Lending Centres\",\"description\":\"DLC Broker Site\",\"publisher\":{\"@id\":\"https:\/\/sebastienchampagne.com\/fr\/#organization\"},\"potentialAction\":[{\"@type\":\"SearchAction\",\"target\":{\"@type\":\"EntryPoint\",\"urlTemplate\":\"https:\/\/sebastienchampagne.com\/fr\/?s={search_term_string}\"},\"query-input\":\"required name=search_term_string\"}],\"inLanguage\":\"fr-FR\"},{\"@type\":\"ImageObject\",\"@id\":\"https:\/\/sebastienchampagne.com\/fr\/services\/#primaryimage\",\"inLanguage\":\"fr-FR\",\"url\":\"https:\/\/sebastienchampagne.com\/wp-content\/uploads\/2025\/12\/sebastien-champagne-services-hypothe\\u0301caires.jpg\",\"contentUrl\":\"https:\/\/sebastienchampagne.com\/wp-content\/uploads\/2025\/12\/sebastien-champagne-services-hypothe\\u0301caires.jpg\",\"width\":1920,\"height\":800,\"caption\":\"\\u00c9quipe de professionnels discutant de solutions hypoth\\u00e9caires autour d\\u2019une table \\u2014 services de courtage hypoth\\u00e9caire personnalis\\u00e9s\"},{\"@type\":\"WebPage\",\"@id\":\"https:\/\/sebastienchampagne.com\/fr\/services\/#webpage\",\"url\":\"https:\/\/sebastienchampagne.com\/fr\/services\/\",\"name\":\"Services hypoth\\u00e9caires | S\\u00e9bastien Champagne \\u2013 Courtier hypoth\\u00e9caire\",\"isPartOf\":{\"@id\":\"https:\/\/sebastienchampagne.com\/fr\/#website\"},\"primaryImageOfPage\":{\"@id\":\"https:\/\/sebastienchampagne.com\/fr\/services\/#primaryimage\"},\"datePublished\":\"2016-09-13T17:48:16+00:00\",\"dateModified\":\"2025-12-17T16:18:34+00:00\",\"description\":\"D\\u00e9couvrez l\\u2019ensemble des services hypoth\\u00e9caires offerts par S\\u00e9bastien Champagne : achat, pr\\u00e9approbation, renouvellement, refinancement, hypoth\\u00e8que invers\\u00e9e et investissement immobilier. Un accompagnement clair, humain et personnalis\\u00e9.\",\"breadcrumb\":{\"@id\":\"https:\/\/sebastienchampagne.com\/fr\/services\/#breadcrumb\"},\"inLanguage\":\"fr-FR\",\"potentialAction\":[{\"@type\":\"ReadAction\",\"target\":[\"https:\/\/sebastienchampagne.com\/fr\/services\/\"]}]},{\"@type\":\"BreadcrumbList\",\"@id\":\"https:\/\/sebastienchampagne.com\/fr\/services\/#breadcrumb\",\"itemListElement\":[{\"@type\":\"ListItem\",\"position\":1,\"name\":\"Home\",\"item\":\"https:\/\/sebastienchampagne.com\/fr\/\"},{\"@type\":\"ListItem\",\"position\":2,\"name\":\"SERVICES HYPOTH\\u00c9CAIRES\"}]}]}<\/script>\n<!-- \/ Yoast SEO plugin. -->","yoast_head_json":{"description":"D\u00e9couvrez l\u2019ensemble des services hypoth\u00e9caires offerts par S\u00e9bastien Champagne : achat, pr\u00e9approbation, renouvellement, refinancement, hypoth\u00e8que invers\u00e9e et investissement immobilier. Un accompagnement clair, humain et personnalis\u00e9.","robots":{"index":"index","follow":"follow","max-snippet":"max-snippet:-1","max-image-preview":"max-image-preview:large","max-video-preview":"max-video-preview:-1"},"canonical":"https:\/\/sebastienchampagne.com\/fr\/services\/","og_locale":"fr_FR","og_type":"article","og_title":"Services hypoth\u00e9caires | S\u00e9bastien Champagne \u2013 Courtier hypoth\u00e9caire","og_description":"D\u00e9couvrez l\u2019ensemble des services hypoth\u00e9caires offerts par S\u00e9bastien Champagne : achat, pr\u00e9approbation, renouvellement, refinancement, hypoth\u00e8que invers\u00e9e et investissement immobilier. Un accompagnement clair, humain et personnalis\u00e9.","og_url":"https:\/\/sebastienchampagne.com\/fr\/services\/","og_site_name":"Dominion Lending Centres","article_modified_time":"2025-12-17T16:18:34+00:00","og_image":[{"width":1920,"height":800,"url":"https:\/\/sebastienchampagne.com\/wp-content\/uploads\/2025\/12\/sebastien-champagne-services-hypothe\u0301caires.jpg","path":"\/var\/www\/sites\/wps\/sites\/code\/wp-content\/uploads\/2025\/12\/sebastien-champagne-services-hypothe\u0301caires.jpg","size":"full","id":1670,"alt":"\u00c9quipe de professionnels discutant de solutions hypoth\u00e9caires autour d\u2019une table \u2014 services de courtage hypoth\u00e9caire personnalis\u00e9s","pixels":1536000,"type":"image\/jpeg"}],"twitter_card":"summary","twitter_misc":{"Dur\u00e9e de lecture est.":"2 minutes"},"schema":{"@context":"https:\/\/schema.org","@graph":[{"@type":"Organization","@id":"https:\/\/sebastienchampagne.com\/fr\/#organization","name":"Centres Hypoth\u00e9caires Dominion","url":"https:\/\/sebastienchampagne.com\/fr\/","sameAs":[],"logo":{"@type":"ImageObject","@id":"https:\/\/sebastienchampagne.com\/fr\/#logo","inLanguage":"fr-FR","url":"https:\/\/sebastienchampagne.com\/wp-content\/uploads\/2017\/01\/vector_DLC1.jpg","contentUrl":"https:\/\/sebastienchampagne.com\/wp-content\/uploads\/2017\/01\/vector_DLC1.jpg","width":369,"height":173,"caption":"Centres Hypoth\u00e9caires Dominion"},"image":{"@id":"https:\/\/sebastienchampagne.com\/fr\/#logo"}},{"@type":"WebSite","@id":"https:\/\/sebastienchampagne.com\/fr\/#website","url":"https:\/\/sebastienchampagne.com\/fr\/","name":"Dominion Lending Centres","description":"DLC Broker Site","publisher":{"@id":"https:\/\/sebastienchampagne.com\/fr\/#organization"},"potentialAction":[{"@type":"SearchAction","target":{"@type":"EntryPoint","urlTemplate":"https:\/\/sebastienchampagne.com\/fr\/?s={search_term_string}"},"query-input":"required name=search_term_string"}],"inLanguage":"fr-FR"},{"@type":"ImageObject","@id":"https:\/\/sebastienchampagne.com\/fr\/services\/#primaryimage","inLanguage":"fr-FR","url":"https:\/\/sebastienchampagne.com\/wp-content\/uploads\/2025\/12\/sebastien-champagne-services-hypothe\u0301caires.jpg","contentUrl":"https:\/\/sebastienchampagne.com\/wp-content\/uploads\/2025\/12\/sebastien-champagne-services-hypothe\u0301caires.jpg","width":1920,"height":800,"caption":"\u00c9quipe de professionnels discutant de solutions hypoth\u00e9caires autour d\u2019une table \u2014 services de courtage hypoth\u00e9caire personnalis\u00e9s"},{"@type":"WebPage","@id":"https:\/\/sebastienchampagne.com\/fr\/services\/#webpage","url":"https:\/\/sebastienchampagne.com\/fr\/services\/","name":"Services hypoth\u00e9caires | S\u00e9bastien Champagne \u2013 Courtier hypoth\u00e9caire","isPartOf":{"@id":"https:\/\/sebastienchampagne.com\/fr\/#website"},"primaryImageOfPage":{"@id":"https:\/\/sebastienchampagne.com\/fr\/services\/#primaryimage"},"datePublished":"2016-09-13T17:48:16+00:00","dateModified":"2025-12-17T16:18:34+00:00","description":"D\u00e9couvrez l\u2019ensemble des services hypoth\u00e9caires offerts par S\u00e9bastien Champagne : achat, pr\u00e9approbation, renouvellement, refinancement, hypoth\u00e8que invers\u00e9e et investissement immobilier. Un accompagnement clair, humain et personnalis\u00e9.","breadcrumb":{"@id":"https:\/\/sebastienchampagne.com\/fr\/services\/#breadcrumb"},"inLanguage":"fr-FR","potentialAction":[{"@type":"ReadAction","target":["https:\/\/sebastienchampagne.com\/fr\/services\/"]}]},{"@type":"BreadcrumbList","@id":"https:\/\/sebastienchampagne.com\/fr\/services\/#breadcrumb","itemListElement":[{"@type":"ListItem","position":1,"name":"Home","item":"https:\/\/sebastienchampagne.com\/fr\/"},{"@type":"ListItem","position":2,"name":"SERVICES HYPOTH\u00c9CAIRES"}]}]}},"_links":{"self":[{"href":"https:\/\/sebastienchampagne.com\/fr\/wp-json\/wp\/v2\/pages\/629"}],"collection":[{"href":"https:\/\/sebastienchampagne.com\/fr\/wp-json\/wp\/v2\/pages"}],"about":[{"href":"https:\/\/sebastienchampagne.com\/fr\/wp-json\/wp\/v2\/types\/page"}],"author":[{"embeddable":true,"href":"https:\/\/sebastienchampagne.com\/fr\/wp-json\/wp\/v2\/users\/1"}],"replies":[{"embeddable":true,"href":"https:\/\/sebastienchampagne.com\/fr\/wp-json\/wp\/v2\/comments?post=629"}],"version-history":[{"count":8,"href":"https:\/\/sebastienchampagne.com\/fr\/wp-json\/wp\/v2\/pages\/629\/revisions"}],"predecessor-version":[{"id":1726,"href":"https:\/\/sebastienchampagne.com\/fr\/wp-json\/wp\/v2\/pages\/629\/revisions\/1726"}],"wp:featuredmedia":[{"embeddable":true,"href":"https:\/\/sebastienchampagne.com\/fr\/wp-json\/wp\/v2\/media\/1670"}],"wp:attachment":[{"href":"https:\/\/sebastienchampagne.com\/fr\/wp-json\/wp\/v2\/media?parent=629"}],"curies":[{"name":"wp","href":"https:\/\/api.w.org\/{rel}","templated":true}]}}