{"id":627,"date":"2016-09-13T13:48:38","date_gmt":"2016-09-13T17:48:38","guid":{"rendered":"http:\/\/simon.wps.dev\/fr\/refinance\/"},"modified":"2026-02-05T16:20:56","modified_gmt":"2026-02-05T21:20:56","slug":"refinancement-hypothecaire","status":"publish","type":"page","link":"https:\/\/sebastienchampagne.com\/fr\/services\/refinancement-hypothecaire\/","title":{"rendered":"REFINANCEMENT HYPOTH\u00c9CAIRE : une solution strat\u00e9gique pour avancer en toute confiance"},"content":{"rendered":"<h2 data-start=\"1151\" data-end=\"1206\"><strong data-start=\"1155\" data-end=\"1206\">Qu\u2019est-ce qu\u2019un refinancement hypoth\u00e9caire ?<\/strong><\/h2>\n<p data-start=\"2413\" data-end=\"2608\">Un refinancement hypoth\u00e9caire permet de restructurer votre pr\u00eat ou d\u2019acc\u00e9der \u00e0 la valeur nette de votre propri\u00e9t\u00e9, et ce \u00e0 tout moment, m\u00eame si votre terme hypoth\u00e9caire n\u2019est pas termin\u00e9.<\/p>\n<p data-start=\"2610\" data-end=\"2747\">Contrairement au renouvellement, le refinancement est souvent utilis\u00e9 comme outil strat\u00e9gique pour am\u00e9liorer sa situation financi\u00e8re.<\/p>\n<p data-start=\"2749\" data-end=\"2796\">Vous pourriez envisager un refinancement pour :<\/p>\n<ul data-start=\"2798\" data-end=\"3157\">\n<li data-start=\"2798\" data-end=\"2900\">\n<p data-start=\"2800\" data-end=\"2900\">acc\u00e9der \u00e0 l\u2019\u00e9quit\u00e9 de votre propri\u00e9t\u00e9 (r\u00e9novations, projets personnels, investissement immobilier)<\/p>\n<\/li>\n<li data-start=\"2901\" data-end=\"2965\">\n<p data-start=\"2903\" data-end=\"2965\">consolider vos dettes en utilisant la valeur de votre maison<\/p>\n<\/li>\n<li data-start=\"2966\" data-end=\"3000\">\n<p data-start=\"2968\" data-end=\"3000\">r\u00e9duire vos paiements mensuels<\/p>\n<\/li>\n<li data-start=\"3001\" data-end=\"3049\">\n<p data-start=\"3003\" data-end=\"3049\">profiter d\u2019un taux d\u2019int\u00e9r\u00eat plus avantageux<\/p>\n<\/li>\n<li data-start=\"3050\" data-end=\"3090\">\n<p data-start=\"3052\" data-end=\"3090\">modifier la dur\u00e9e de l\u2019amortissement<\/p>\n<\/li>\n<li data-start=\"3091\" data-end=\"3157\">\n<p data-start=\"3093\" data-end=\"3157\">repositionner votre strat\u00e9gie financi\u00e8re \u00e0 moyen ou long terme<\/p>\n<\/li>\n<\/ul>\n<p data-start=\"3159\" data-end=\"3509\">Le refinancement permet d\u2019aller chercher de l\u2019argent suppl\u00e9mentaire gr\u00e2ce \u00e0 la valeur de votre propri\u00e9t\u00e9, jusqu\u2019\u00e0 80 % de sa valeur actuelle.<br data-start=\"3304\" data-end=\"3307\" \/>Il comporte toutefois certains co\u00fbts, comme une p\u00e9nalit\u00e9 si le refinancement est effectu\u00e9 avant la fin du terme, des frais de notaire, ainsi qu\u2019un co\u00fbt total en int\u00e9r\u00eats plus \u00e9lev\u00e9 sur la dur\u00e9e du pr\u00eat.<\/p>\n<p data-start=\"3511\" data-end=\"3683\">C\u2019est pourquoi le refinancement est un outil puissant, mais qui doit \u00eatre utilis\u00e9 au bon moment et pour les bonnes raisons, dans le cadre d\u2019une strat\u00e9gie r\u00e9fl\u00e9chie.<\/p>\n<hr data-start=\"1784\" data-end=\"1787\" \/>\n<h3 data-start=\"1789\" data-end=\"1856\"><strong data-start=\"1793\" data-end=\"1856\">\u00a0Quelle est la diff\u00e9rence avec un renouvellement?<\/strong><\/h3>\n<div class=\"TyagGW_tableContainer\">\n<div class=\"group TyagGW_tableWrapper flex w-fit flex-col-reverse\" tabindex=\"-1\">\n<table class=\"w-fit min-w-(--thread-content-width)\" style=\"height: 215px;\" width=\"717\" data-start=\"1858\" data-end=\"2280\">\n<thead data-start=\"1858\" data-end=\"1907\">\n<tr data-start=\"1858\" data-end=\"1907\">\n<th data-start=\"1858\" data-end=\"1873\" data-col-size=\"md\">Votre besoin<\/th>\n<th style=\"text-align: center;\" data-start=\"1873\" data-end=\"1890\" data-col-size=\"sm\">Renouvellement<\/th>\n<th style=\"text-align: center;\" data-start=\"1890\" data-end=\"1907\" data-col-size=\"sm\">Refinancement<\/th>\n<\/tr>\n<\/thead>\n<tbody data-start=\"1956\" data-end=\"2280\">\n<tr data-start=\"1956\" data-end=\"2003\">\n<td data-start=\"1956\" data-end=\"1981\" data-col-size=\"md\">Votre terme se termine<\/td>\n<td style=\"text-align: center;\" data-col-size=\"sm\" data-start=\"1981\" data-end=\"1989\">\u2714<\/td>\n<td style=\"text-align: center;\" data-col-size=\"sm\" data-start=\"1989\" data-end=\"2003\">\u2714<\/td>\n<\/tr>\n<tr data-start=\"2004\" data-end=\"2053\">\n<td data-start=\"2004\" data-end=\"2040\" data-col-size=\"md\">Vous voulez ren\u00e9gocier votre taux<\/td>\n<td style=\"text-align: center;\" data-col-size=\"sm\" data-start=\"2040\" data-end=\"2048\">\u2714<\/td>\n<td style=\"text-align: center;\" data-col-size=\"sm\" data-start=\"2048\" data-end=\"2053\">\u2014<\/td>\n<\/tr>\n<tr data-start=\"2054\" data-end=\"2119\">\n<td data-start=\"2054\" data-end=\"2106\" data-col-size=\"md\">Vous avez besoin de fonds (r\u00e9nos, projet, dettes)<\/td>\n<td style=\"text-align: center;\" data-col-size=\"sm\" data-start=\"2106\" data-end=\"2110\">\u2014<\/td>\n<td style=\"text-align: center;\" data-col-size=\"sm\" data-start=\"2110\" data-end=\"2119\">\u2714<\/td>\n<\/tr>\n<tr data-start=\"2120\" data-end=\"2172\">\n<td data-start=\"2120\" data-end=\"2159\" data-col-size=\"md\">Vous souhaitez baisser vos paiements<\/td>\n<td style=\"text-align: center;\" data-col-size=\"sm\" data-start=\"2159\" data-end=\"2163\">\u2014<\/td>\n<td style=\"text-align: center;\" data-col-size=\"sm\" data-start=\"2163\" data-end=\"2172\">\u2714<\/td>\n<\/tr>\n<tr data-start=\"2173\" data-end=\"2223\">\n<td data-start=\"2173\" data-end=\"2206\" data-col-size=\"md\">Vous voulez changer de pr\u00eateur<\/td>\n<td style=\"text-align: center;\" data-col-size=\"sm\" data-start=\"2206\" data-end=\"2214\">\u2714<\/td>\n<td style=\"text-align: center;\" data-col-size=\"sm\" data-start=\"2214\" data-end=\"2223\">\u2714<\/td>\n<\/tr>\n<tr data-start=\"2224\" data-end=\"2280\">\n<td data-start=\"2224\" data-end=\"2267\" data-col-size=\"md\">Vous voulez modifier votre amortissement<\/td>\n<td style=\"text-align: center;\" data-col-size=\"sm\" data-start=\"2267\" data-end=\"2271\">\u2014<\/td>\n<td style=\"text-align: center;\" data-col-size=\"sm\" data-start=\"2271\" data-end=\"2280\">\u2714<\/td>\n<\/tr>\n<\/tbody>\n<\/table>\n<\/div>\n<\/div>\n<p><strong data-start=\"2291\" data-end=\"2329\">Et si vous n\u2019\u00eates pas certain ?<\/strong><\/p>\n<p data-start=\"2331\" data-end=\"2452\">C\u2019est tout \u00e0 fait normal.<br data-start=\"2356\" data-end=\"2359\" \/>Votre situation peut \u00eatre compatible avec l\u2019une ou l\u2019autre des options, ou m\u00eame les deux.<\/p>\n<p data-start=\"2454\" data-end=\"2618\">Mon r\u00f4le est de vous guider pour identifier la strat\u00e9gie qui vous donne les meilleures conditions selon vos objectifs, votre budget et votre r\u00e9alit\u00e9 financi\u00e8re.<\/p>\n<hr data-start=\"2620\" data-end=\"2623\" \/>\n<h2>Pourquoi envisager un refinancement ?<\/h2>\n<p data-start=\"772\" data-end=\"1042\">Un refinancement hypoth\u00e9caire n\u2019est pas seulement un moyen d\u2019acc\u00e9der \u00e0 de l\u2019\u00e9quit\u00e9 ou de r\u00e9duire vos paiements.<br data-start=\"883\" data-end=\"886\" \/>C\u2019est un levier strat\u00e9gique qui peut vous aider \u00e0 r\u00e9\u00e9quilibrer vos finances, optimiser votre taux ou aligner votre hypoth\u00e8que sur vos objectifs actuels.<\/p>\n<p data-start=\"1044\" data-end=\"1107\">Voici comment un refinancement peut r\u00e9ellement vous avantager :<\/p>\n<ul data-start=\"1109\" data-end=\"1714\">\n<li data-start=\"1109\" data-end=\"1231\">\n<p data-start=\"1111\" data-end=\"1231\"><strong data-start=\"1111\" data-end=\"1148\">R\u00e9duire votre pression financi\u00e8re<\/strong> : ajuster vos paiements ou votre amortissement pour retrouver de la flexibilit\u00e9.<\/p>\n<\/li>\n<li data-start=\"1232\" data-end=\"1347\">\n<p data-start=\"1234\" data-end=\"1347\"><strong data-start=\"1234\" data-end=\"1272\">Acc\u00e9der \u00e0 l\u2019\u00e9quit\u00e9 de votre maison<\/strong> : financer un projet, des r\u00e9novations ou une strat\u00e9gie d\u2019investissement.<\/p>\n<\/li>\n<li data-start=\"1348\" data-end=\"1460\">\n<p data-start=\"1350\" data-end=\"1460\"><strong data-start=\"1350\" data-end=\"1375\">Consolider vos dettes<\/strong> : transformer des dettes \u00e0 taux \u00e9lev\u00e9 en un paiement plus simple et moins co\u00fbteux.<\/p>\n<\/li>\n<li data-start=\"1461\" data-end=\"1561\">\n<p data-start=\"1463\" data-end=\"1561\"><strong data-start=\"1463\" data-end=\"1487\">Optimiser votre taux<\/strong> : profiter d\u2019un taux plus avantageux lorsque c\u2019est r\u00e9ellement rentable.<\/p>\n<\/li>\n<li data-start=\"1562\" data-end=\"1714\">\n<p data-start=\"1564\" data-end=\"1714\"><strong data-start=\"1564\" data-end=\"1608\">R\u00e9organiser votre structure hypoth\u00e9caire<\/strong> : choisir un terme, un type de taux ou des conditions qui correspondent mieux \u00e0 votre r\u00e9alit\u00e9 actuelle.<\/p>\n<\/li>\n<\/ul>\n<p data-start=\"1716\" data-end=\"1928\">Chaque refinancement doit \u00eatre \u00e9valu\u00e9 avec pr\u00e9cision.<br data-start=\"1769\" data-end=\"1772\" \/>Mon r\u00f4le est de vous aider \u00e0 comparer les options, calculer l\u2019impact r\u00e9el et d\u00e9terminer si le refinancement repr\u00e9sente la meilleure strat\u00e9gie pour vous.<\/p>\n<p>&nbsp;<\/p>\n<h2 data-start=\"1566\" data-end=\"1661\">Comment fonctionne le refinancement ?<\/h2>\n<p data-start=\"1728\" data-end=\"1783\">Le processus est simple, transparent et sans pression :<\/p>\n<ol data-start=\"1785\" data-end=\"2329\">\n<li data-start=\"1785\" data-end=\"1885\">\n<p data-start=\"1788\" data-end=\"1885\"><strong data-start=\"1788\" data-end=\"1818\">Analyse de votre situation<\/strong><br data-start=\"1818\" data-end=\"1821\" \/>Revenu, dettes, valeur de la propri\u00e9t\u00e9, objectifs financiers.<\/p>\n<\/li>\n<li data-start=\"1887\" data-end=\"1993\">\n<p data-start=\"1890\" data-end=\"1993\"><strong data-start=\"1890\" data-end=\"1919\">\u00c9valuation de vos options<\/strong><br data-start=\"1919\" data-end=\"1922\" \/>Je compare plusieurs pr\u00eateurs pour trouver les meilleures solutions.<\/p>\n<\/li>\n<li data-start=\"1995\" data-end=\"2109\">\n<p data-start=\"1998\" data-end=\"2109\"><strong data-start=\"1998\" data-end=\"2026\">Simulation personnalis\u00e9e<\/strong><br data-start=\"2026\" data-end=\"2029\" \/>On mesure ensemble les \u00e9conomies, les co\u00fbts potentiels, et les impacts r\u00e9els.<\/p>\n<\/li>\n<li data-start=\"2111\" data-end=\"2209\">\n<p data-start=\"2114\" data-end=\"2209\"><strong data-start=\"2114\" data-end=\"2135\">D\u00e9cision \u00e9clair\u00e9e<\/strong><br data-start=\"2135\" data-end=\"2138\" \/>Vous choisissez la solution qui correspond le mieux \u00e0 votre r\u00e9alit\u00e9.<\/p>\n<\/li>\n<li data-start=\"2211\" data-end=\"2329\">\n<p data-start=\"2214\" data-end=\"2329\"><strong data-start=\"2214\" data-end=\"2248\">Mise en place du refinancement<\/strong><br data-start=\"2248\" data-end=\"2251\" \/>Je m\u2019occupe de la coordination avec le pr\u00eateur et le notaire si n\u00e9cessaire.<\/p>\n<\/li>\n<\/ol>\n<p data-start=\"2331\" data-end=\"2395\">Le tout, dans un climat d\u2019\u00e9coute, d\u2019accompagnement et de clart\u00e9.<\/p>\n<h2 data-start=\"2331\" data-end=\"2395\">Est-ce que le refinancement est fait pour vous ?<\/h2>\n<p data-start=\"2473\" data-end=\"2554\">Le refinancement hypoth\u00e9caire peut \u00eatre une excellente option si vous souhaitez :<\/p>\n<ul data-start=\"2556\" data-end=\"2882\">\n<li data-start=\"2556\" data-end=\"2594\">\n<p data-start=\"2558\" data-end=\"2594\">Diminuer vos paiements mensuels<\/p>\n<\/li>\n<li data-start=\"2595\" data-end=\"2668\">\n<p data-start=\"2597\" data-end=\"2668\">\u00a0Acc\u00e9der aux fonds disponibles dans la valeur nette de votre maison<\/p>\n<\/li>\n<li data-start=\"2669\" data-end=\"2733\">\n<p data-start=\"2671\" data-end=\"2733\">Consolider vos dettes en une seule mensualit\u00e9 plus simple<\/p>\n<\/li>\n<li data-start=\"2734\" data-end=\"2781\">\n<p data-start=\"2736\" data-end=\"2781\">Financer un projet personnel ou familial<\/p>\n<\/li>\n<li data-start=\"2782\" data-end=\"2823\">\n<p data-start=\"2784\" data-end=\"2823\">Profiter d\u2019un taux plus avantageux<\/p>\n<\/li>\n<li data-start=\"2824\" data-end=\"2882\">\n<p data-start=\"2826\" data-end=\"2882\">Reprendre le contr\u00f4le de votre situation financi\u00e8re<\/p>\n<\/li>\n<\/ul>\n<p data-start=\"2884\" data-end=\"2971\">Lorsqu\u2019il est bien planifi\u00e9, le refinancement devient un levier financier puissant.<\/p>\n<h2 data-start=\"2884\" data-end=\"2971\">Questions fr\u00e9quentes<\/h2>\n<h3 data-start=\"3031\" data-end=\"3082\"><strong data-start=\"3035\" data-end=\"3080\">Est-ce que le refinancement a des frais ?<\/strong><\/h3>\n<p data-start=\"3083\" data-end=\"3192\">Parfois, selon la situation. Mais ces frais peuvent \u00eatre inexistants ou compens\u00e9s par les \u00e9conomies g\u00e9n\u00e9r\u00e9es.<\/p>\n<h3 data-start=\"3194\" data-end=\"3246\"><strong data-start=\"3198\" data-end=\"3244\">Puis-je refinancer avec un autre pr\u00eateur ?<\/strong><\/h3>\n<p data-start=\"3247\" data-end=\"3311\">Oui. Et souvent, cela ouvre la porte \u00e0 de meilleures conditions.<\/p>\n<h3 data-start=\"3313\" data-end=\"3349\"><strong data-start=\"3317\" data-end=\"3347\">Dois-je briser mon terme ?<\/strong><\/h3>\n<p data-start=\"3350\" data-end=\"3451\">Parfois. Je vous aide \u00e0 \u00e9valuer si cela vaut la peine selon vos objectifs et les p\u00e9nalit\u00e9s possibles.<\/p>\n<h3 data-start=\"3453\" data-end=\"3503\"><strong data-start=\"3457\" data-end=\"3501\">Combien puis-je retirer en refinan\u00e7ant ?<\/strong><\/h3>\n<p data-start=\"3504\" data-end=\"3578\">En r\u00e8gle g\u00e9n\u00e9rale, jusqu\u2019\u00e0 80 % de la valeur marchande de votre propri\u00e9t\u00e9.<\/p>\n<h2 data-start=\"3504\" data-end=\"3578\">Pr\u00eat(e) \u00e0 d\u00e9couvrir si le refinancement est avantageux pour vous ?<\/h2>\n<p>Je vous accompagne pour analyser vos options et trouver la solution qui vous donne le plus de libert\u00e9 financi\u00e8re.<\/p>\n<div style=\"margin-top: 40px; margin-bottom: 60px; text-align: center;\">\n<p><!-- CTA principal : Parler \u00e0 un expert --><br \/>\n<a style=\"display: inline-flex; align-items: center; \/* centre verticalement *\/ justify-content: center; \/* centre horizontalement *\/ gap: 10px; \/* espace entre emoji et texte *\/ background: #f5c400; color: #003366; padding: 20px 40px; \/* ajust\u00e9 pour un plus beau ratio *\/ font-weight: bold; font-size: 20px; border-radius: 18px; text-decoration: none; box-shadow: 0 6px 14px rgba(0,0,0,0.15);\" href=\"https:\/\/sebastienchampagne.com\/fr\/contact\/\"><br \/>\n\ud83d\udcde Parler \u00e0 un expert<br \/>\n<\/a><\/p>\n<p><!-- Espace --><\/p>\n<div style=\"height: 12px;\"><\/div>\n<p><!-- Bouton calculateur --><br \/>\n<a style=\"display: inline-flex; align-items: center; \/* centre verticalement *\/ justify-content: center; \/* centre horizontalement *\/ gap: 8px; \/* espace entre emoji et texte *\/ background: #ffffff; color: #003366; padding: 16px 36px; font-weight: bold; font-size: 18px; border-radius: 10px; text-decoration: none; border: 2px solid #003366;\" href=\"\/fr\/refinance\/refinance-calculators\/\"><br \/>\nAcc\u00e9der aux calculateurs<br \/>\n<\/a><\/p>\n<\/div>\n","protected":false},"excerpt":{"rendered":"<p>Le refinancement peut vous offrir une flexibilit\u00e9 pr\u00e9cieuse : r\u00e9duire vos paiements, financer un projet important, consolider vos dettes ou maximiser votre situation financi\u00e8re.<br \/>\nMon r\u00f4le est de vous guider avec clart\u00e9 pour choisir l\u2019option la plus avantageuse selon votre r\u00e9alit\u00e9.<\/p>\n","protected":false},"author":1,"featured_media":1645,"parent":629,"menu_order":0,"comment_status":"closed","ping_status":"closed","template":"","meta":[],"yoast_head":"<!-- This site is optimized with the Yoast SEO plugin v17.1 - https:\/\/yoast.com\/wordpress\/plugins\/seo\/ -->\n<meta name=\"description\" content=\"Explorez vos options de refinancement hypoth\u00e9caire : r\u00e9duction de paiements, consolidation de dettes, r\u00e9nos ou projet important. Analyse personnalis\u00e9e, accompagnement humain et conseils transparents.\" \/>\n<meta name=\"robots\" content=\"index, follow, max-snippet:-1, max-image-preview:large, max-video-preview:-1\" \/>\n<link rel=\"canonical\" href=\"https:\/\/sebastienchampagne.com\/fr\/services\/refinancement-hypothecaire\/\" \/>\n<meta property=\"og:locale\" content=\"fr_FR\" \/>\n<meta property=\"og:type\" content=\"article\" \/>\n<meta property=\"og:title\" content=\"Refinancement hypoth\u00e9caire | Solutions adapt\u00e9es \u00e0 votre situation | S\u00e9bastien Champagne\" \/>\n<meta property=\"og:description\" content=\"Explorez vos options de refinancement hypoth\u00e9caire : r\u00e9duction de paiements, consolidation de dettes, r\u00e9nos ou projet important. Analyse personnalis\u00e9e, accompagnement humain et conseils transparents.\" \/>\n<meta property=\"og:url\" content=\"https:\/\/sebastienchampagne.com\/fr\/services\/refinancement-hypothecaire\/\" \/>\n<meta property=\"og:site_name\" content=\"Dominion Lending Centres\" \/>\n<meta property=\"article:modified_time\" content=\"2026-02-05T21:20:56+00:00\" \/>\n<meta property=\"og:image\" content=\"https:\/\/sebastienchampagne.com\/wp-content\/uploads\/2025\/12\/sebastien-champagne-refinancement-calculatrice.jpg\" \/>\n\t<meta property=\"og:image:width\" content=\"1920\" \/>\n\t<meta property=\"og:image:height\" content=\"800\" \/>\n<meta name=\"twitter:card\" content=\"summary\" \/>\n<meta name=\"twitter:label1\" content=\"Dur\u00e9e de lecture est.\" \/>\n\t<meta name=\"twitter:data1\" content=\"4 minutes\" \/>\n<script type=\"application\/ld+json\" class=\"yoast-schema-graph\">{\"@context\":\"https:\/\/schema.org\",\"@graph\":[{\"@type\":\"Organization\",\"@id\":\"https:\/\/sebastienchampagne.com\/fr\/#organization\",\"name\":\"Centres Hypoth\\u00e9caires Dominion\",\"url\":\"https:\/\/sebastienchampagne.com\/fr\/\",\"sameAs\":[],\"logo\":{\"@type\":\"ImageObject\",\"@id\":\"https:\/\/sebastienchampagne.com\/fr\/#logo\",\"inLanguage\":\"fr-FR\",\"url\":\"https:\/\/sebastienchampagne.com\/wp-content\/uploads\/2017\/01\/vector_DLC1.jpg\",\"contentUrl\":\"https:\/\/sebastienchampagne.com\/wp-content\/uploads\/2017\/01\/vector_DLC1.jpg\",\"width\":369,\"height\":173,\"caption\":\"Centres Hypoth\\u00e9caires Dominion\"},\"image\":{\"@id\":\"https:\/\/sebastienchampagne.com\/fr\/#logo\"}},{\"@type\":\"WebSite\",\"@id\":\"https:\/\/sebastienchampagne.com\/fr\/#website\",\"url\":\"https:\/\/sebastienchampagne.com\/fr\/\",\"name\":\"Dominion Lending Centres\",\"description\":\"DLC Broker Site\",\"publisher\":{\"@id\":\"https:\/\/sebastienchampagne.com\/fr\/#organization\"},\"potentialAction\":[{\"@type\":\"SearchAction\",\"target\":{\"@type\":\"EntryPoint\",\"urlTemplate\":\"https:\/\/sebastienchampagne.com\/fr\/?s={search_term_string}\"},\"query-input\":\"required name=search_term_string\"}],\"inLanguage\":\"fr-FR\"},{\"@type\":\"ImageObject\",\"@id\":\"https:\/\/sebastienchampagne.com\/fr\/services\/refinancement-hypothecaire\/#primaryimage\",\"inLanguage\":\"fr-FR\",\"url\":\"https:\/\/sebastienchampagne.com\/wp-content\/uploads\/2025\/12\/sebastien-champagne-refinancement-calculatrice.jpg\",\"contentUrl\":\"https:\/\/sebastienchampagne.com\/wp-content\/uploads\/2025\/12\/sebastien-champagne-refinancement-calculatrice.jpg\",\"width\":1920,\"height\":800,\"caption\":\"Personne utilisant une calculatrice et un ordinateur portable pour analyser des options de refinancement hypoth\\u00e9caire\"},{\"@type\":\"WebPage\",\"@id\":\"https:\/\/sebastienchampagne.com\/fr\/services\/refinancement-hypothecaire\/#webpage\",\"url\":\"https:\/\/sebastienchampagne.com\/fr\/services\/refinancement-hypothecaire\/\",\"name\":\"Refinancement hypoth\\u00e9caire | Solutions adapt\\u00e9es \\u00e0 votre situation | S\\u00e9bastien Champagne\",\"isPartOf\":{\"@id\":\"https:\/\/sebastienchampagne.com\/fr\/#website\"},\"primaryImageOfPage\":{\"@id\":\"https:\/\/sebastienchampagne.com\/fr\/services\/refinancement-hypothecaire\/#primaryimage\"},\"datePublished\":\"2016-09-13T17:48:38+00:00\",\"dateModified\":\"2026-02-05T21:20:56+00:00\",\"description\":\"Explorez vos options de refinancement hypoth\\u00e9caire : r\\u00e9duction de paiements, consolidation de dettes, r\\u00e9nos ou projet important. Analyse personnalis\\u00e9e, accompagnement humain et conseils transparents.\",\"breadcrumb\":{\"@id\":\"https:\/\/sebastienchampagne.com\/fr\/services\/refinancement-hypothecaire\/#breadcrumb\"},\"inLanguage\":\"fr-FR\",\"potentialAction\":[{\"@type\":\"ReadAction\",\"target\":[\"https:\/\/sebastienchampagne.com\/fr\/services\/refinancement-hypothecaire\/\"]}]},{\"@type\":\"BreadcrumbList\",\"@id\":\"https:\/\/sebastienchampagne.com\/fr\/services\/refinancement-hypothecaire\/#breadcrumb\",\"itemListElement\":[{\"@type\":\"ListItem\",\"position\":1,\"name\":\"Home\",\"item\":\"https:\/\/sebastienchampagne.com\/fr\/\"},{\"@type\":\"ListItem\",\"position\":2,\"name\":\"SERVICES HYPOTH\\u00c9CAIRES\",\"item\":\"https:\/\/sebastienchampagne.com\/fr\/services\/\"},{\"@type\":\"ListItem\",\"position\":3,\"name\":\"REFINANCEMENT HYPOTH\\u00c9CAIRE : une solution strat\\u00e9gique pour avancer en toute confiance\"}]}]}<\/script>\n<!-- \/ Yoast SEO plugin. -->","yoast_head_json":{"description":"Explorez vos options de refinancement hypoth\u00e9caire : r\u00e9duction de paiements, consolidation de dettes, r\u00e9nos ou projet important. Analyse personnalis\u00e9e, accompagnement humain et conseils transparents.","robots":{"index":"index","follow":"follow","max-snippet":"max-snippet:-1","max-image-preview":"max-image-preview:large","max-video-preview":"max-video-preview:-1"},"canonical":"https:\/\/sebastienchampagne.com\/fr\/services\/refinancement-hypothecaire\/","og_locale":"fr_FR","og_type":"article","og_title":"Refinancement hypoth\u00e9caire | Solutions adapt\u00e9es \u00e0 votre situation | S\u00e9bastien Champagne","og_description":"Explorez vos options de refinancement hypoth\u00e9caire : r\u00e9duction de paiements, consolidation de dettes, r\u00e9nos ou projet important. Analyse personnalis\u00e9e, accompagnement humain et conseils transparents.","og_url":"https:\/\/sebastienchampagne.com\/fr\/services\/refinancement-hypothecaire\/","og_site_name":"Dominion Lending Centres","article_modified_time":"2026-02-05T21:20:56+00:00","og_image":[{"width":1920,"height":800,"url":"https:\/\/sebastienchampagne.com\/wp-content\/uploads\/2025\/12\/sebastien-champagne-refinancement-calculatrice.jpg","path":"\/var\/www\/sites\/wps\/sites\/code\/wp-content\/uploads\/2025\/12\/sebastien-champagne-refinancement-calculatrice.jpg","size":"full","id":1645,"alt":"Personne utilisant une calculatrice et un ordinateur portable pour analyser des options de refinancement hypoth\u00e9caire","pixels":1536000,"type":"image\/jpeg"}],"twitter_card":"summary","twitter_misc":{"Dur\u00e9e de lecture est.":"4 minutes"},"schema":{"@context":"https:\/\/schema.org","@graph":[{"@type":"Organization","@id":"https:\/\/sebastienchampagne.com\/fr\/#organization","name":"Centres Hypoth\u00e9caires Dominion","url":"https:\/\/sebastienchampagne.com\/fr\/","sameAs":[],"logo":{"@type":"ImageObject","@id":"https:\/\/sebastienchampagne.com\/fr\/#logo","inLanguage":"fr-FR","url":"https:\/\/sebastienchampagne.com\/wp-content\/uploads\/2017\/01\/vector_DLC1.jpg","contentUrl":"https:\/\/sebastienchampagne.com\/wp-content\/uploads\/2017\/01\/vector_DLC1.jpg","width":369,"height":173,"caption":"Centres Hypoth\u00e9caires Dominion"},"image":{"@id":"https:\/\/sebastienchampagne.com\/fr\/#logo"}},{"@type":"WebSite","@id":"https:\/\/sebastienchampagne.com\/fr\/#website","url":"https:\/\/sebastienchampagne.com\/fr\/","name":"Dominion Lending Centres","description":"DLC Broker Site","publisher":{"@id":"https:\/\/sebastienchampagne.com\/fr\/#organization"},"potentialAction":[{"@type":"SearchAction","target":{"@type":"EntryPoint","urlTemplate":"https:\/\/sebastienchampagne.com\/fr\/?s={search_term_string}"},"query-input":"required name=search_term_string"}],"inLanguage":"fr-FR"},{"@type":"ImageObject","@id":"https:\/\/sebastienchampagne.com\/fr\/services\/refinancement-hypothecaire\/#primaryimage","inLanguage":"fr-FR","url":"https:\/\/sebastienchampagne.com\/wp-content\/uploads\/2025\/12\/sebastien-champagne-refinancement-calculatrice.jpg","contentUrl":"https:\/\/sebastienchampagne.com\/wp-content\/uploads\/2025\/12\/sebastien-champagne-refinancement-calculatrice.jpg","width":1920,"height":800,"caption":"Personne utilisant une calculatrice et un ordinateur portable pour analyser des options de refinancement hypoth\u00e9caire"},{"@type":"WebPage","@id":"https:\/\/sebastienchampagne.com\/fr\/services\/refinancement-hypothecaire\/#webpage","url":"https:\/\/sebastienchampagne.com\/fr\/services\/refinancement-hypothecaire\/","name":"Refinancement hypoth\u00e9caire | Solutions adapt\u00e9es \u00e0 votre situation | S\u00e9bastien Champagne","isPartOf":{"@id":"https:\/\/sebastienchampagne.com\/fr\/#website"},"primaryImageOfPage":{"@id":"https:\/\/sebastienchampagne.com\/fr\/services\/refinancement-hypothecaire\/#primaryimage"},"datePublished":"2016-09-13T17:48:38+00:00","dateModified":"2026-02-05T21:20:56+00:00","description":"Explorez vos options de refinancement hypoth\u00e9caire : r\u00e9duction de paiements, consolidation de dettes, r\u00e9nos ou projet important. Analyse personnalis\u00e9e, accompagnement humain et conseils transparents.","breadcrumb":{"@id":"https:\/\/sebastienchampagne.com\/fr\/services\/refinancement-hypothecaire\/#breadcrumb"},"inLanguage":"fr-FR","potentialAction":[{"@type":"ReadAction","target":["https:\/\/sebastienchampagne.com\/fr\/services\/refinancement-hypothecaire\/"]}]},{"@type":"BreadcrumbList","@id":"https:\/\/sebastienchampagne.com\/fr\/services\/refinancement-hypothecaire\/#breadcrumb","itemListElement":[{"@type":"ListItem","position":1,"name":"Home","item":"https:\/\/sebastienchampagne.com\/fr\/"},{"@type":"ListItem","position":2,"name":"SERVICES HYPOTH\u00c9CAIRES","item":"https:\/\/sebastienchampagne.com\/fr\/services\/"},{"@type":"ListItem","position":3,"name":"REFINANCEMENT HYPOTH\u00c9CAIRE : une solution strat\u00e9gique pour avancer en toute confiance"}]}]}},"_links":{"self":[{"href":"https:\/\/sebastienchampagne.com\/fr\/wp-json\/wp\/v2\/pages\/627"}],"collection":[{"href":"https:\/\/sebastienchampagne.com\/fr\/wp-json\/wp\/v2\/pages"}],"about":[{"href":"https:\/\/sebastienchampagne.com\/fr\/wp-json\/wp\/v2\/types\/page"}],"author":[{"embeddable":true,"href":"https:\/\/sebastienchampagne.com\/fr\/wp-json\/wp\/v2\/users\/1"}],"replies":[{"embeddable":true,"href":"https:\/\/sebastienchampagne.com\/fr\/wp-json\/wp\/v2\/comments?post=627"}],"version-history":[{"count":14,"href":"https:\/\/sebastienchampagne.com\/fr\/wp-json\/wp\/v2\/pages\/627\/revisions"}],"predecessor-version":[{"id":1927,"href":"https:\/\/sebastienchampagne.com\/fr\/wp-json\/wp\/v2\/pages\/627\/revisions\/1927"}],"up":[{"embeddable":true,"href":"https:\/\/sebastienchampagne.com\/fr\/wp-json\/wp\/v2\/pages\/629"}],"wp:featuredmedia":[{"embeddable":true,"href":"https:\/\/sebastienchampagne.com\/fr\/wp-json\/wp\/v2\/media\/1645"}],"wp:attachment":[{"href":"https:\/\/sebastienchampagne.com\/fr\/wp-json\/wp\/v2\/media?parent=627"}],"curies":[{"name":"wp","href":"https:\/\/api.w.org\/{rel}","templated":true}]}}