{"id":625,"date":"2016-09-13T13:48:52","date_gmt":"2016-09-13T17:48:52","guid":{"rendered":"http:\/\/simon.wps.dev\/fr\/contact\/"},"modified":"2026-02-05T13:52:05","modified_gmt":"2026-02-05T18:52:05","slug":"contact","status":"publish","type":"page","link":"https:\/\/sebastienchampagne.com\/fr\/contact\/","title":{"rendered":"Contacter un courtier hypoth\u00e9caire \u00e0 Laval"},"content":{"rendered":"<h1>Comment me joindre<\/h1>\n<div id=\"contact-actions\">\n<p><!-- 1) Courriel --><br \/>\n<a class=\"contact-btn email-btn\" href=\"mailto:schampagne@xperto.ca\" aria-label=\"Envoyer un courriel \u00e0 S\u00e9bastien Champagne\"><br \/>\n schampagne@xperto.ca<br \/>\n<\/a><\/p>\n<p><!-- 2) Appelez 450-577-1591 --><br \/>\n<a class=\"contact-btn call-btn\" href=\"tel:+14505771591\" aria-label=\"Appeler au 450-577-1591\"><br \/>\n\ud83d\udcde 450-577-1591<br \/>\n<\/a><\/p>\n<p><!-- 3) Prendre rendez-vous --><br \/>\n<a class=\"contact-btn rdv-btn\" href=\"https:\/\/calendly.com\/schampagne-xperto\" target=\"_blank\" rel=\"noopener\"><br \/>\nPrendre rendez-vous<br \/>\n<\/a><\/p>\n<\/div>\n<p id=\"texte-formulaire\" style=\"text-align: center; font-size: 18px; font-weight: 500; margin: 30px 0; color: #003366;\">Vous avez un projet d&rsquo;achat, de refinancement ou de renouvellement hypoth\u00e9caire? Remplissez le formulaire ci-dessous et je vous recontacterai dans les 24 prochaines heures.<\/p>\n<p>&nbsp;<\/p>\n<script type=\"text\/javascript\">if(!gform){document.addEventListener(\"gform_main_scripts_loaded\",function(){gform.scriptsLoaded=!0}),window.addEventListener(\"DOMContentLoaded\",function(){gform.domLoaded=!0});var gform={domLoaded:!1,scriptsLoaded:!1,initializeOnLoaded:function(o){gform.domLoaded&&gform.scriptsLoaded?o():!gform.domLoaded&&gform.scriptsLoaded?window.addEventListener(\"DOMContentLoaded\",o):document.addEventListener(\"gform_main_scripts_loaded\",o)},hooks:{action:{},filter:{}},addAction:function(o,n,r,t){gform.addHook(\"action\",o,n,r,t)},addFilter:function(o,n,r,t){gform.addHook(\"filter\",o,n,r,t)},doAction:function(o){gform.doHook(\"action\",o,arguments)},applyFilters:function(o){return gform.doHook(\"filter\",o,arguments)},removeAction:function(o,n){gform.removeHook(\"action\",o,n)},removeFilter:function(o,n,r){gform.removeHook(\"filter\",o,n,r)},addHook:function(o,n,r,t,i){null==gform.hooks[o][n]&&(gform.hooks[o][n]=[]);var e=gform.hooks[o][n];null==i&&(i=n+\"_\"+e.length),null==t&&(t=10),gform.hooks[o][n].push({tag:i,callable:r,priority:t})},doHook:function(o,n,r){if(r=Array.prototype.slice.call(r,1),null!=gform.hooks[o][n]){var t,i=gform.hooks[o][n];i.sort(function(o,n){return o.priority-n.priority});for(var e=0;e<i.length;e++)\"function\"!=typeof(t=i[e].callable)&&(t=window[t]),\"action\"==o?t.apply(null,r):r[0]=t.apply(null,r)}if(\"filter\"==o)return r[0]},removeHook:function(o,n,r,t){if(null!=gform.hooks[o][n])for(var i=gform.hooks[o][n],e=i.length-1;0<=e;e--)null!=t&&t!=i[e].tag||null!=r&&r!=i[e].priority||i.splice(e,1)}}}<\/script>\n                <div class='gf_browser_gecko gform_wrapper gravity-theme contact-form_wrapper' id='gform_wrapper_8' >\n                        <div class='gform_heading'>\n                            <h2 class=\"gform_title\">Coordonn\u00e9es<\/h2>\n                            <span class='gform_description'><\/span>\n\t\t\t\t\t\t\t<p class='gform_required_legend'>\u00ab\u00a0<span class=\"gfield_required gfield_required_asterisk\">*<\/span>\u00a0\u00bb indique les champs n\u00e9cessaires<\/p>\n                        <\/div><form method='post' enctype='multipart\/form-data'  id='gform_8' class='contact-form' action='\/fr\/wp-json\/wp\/v2\/pages\/625' novalidate>\n                        <div class='gform_body gform-body'><div id='gform_fields_8' class='gform_fields top_label form_sublabel_below description_below'><div id=\"field_8_22\" class=\"gfield gfield--width-full gfield_contains_required field_sublabel_below field_description_below gfield_visibility_visible\" ><label class='gfield_label' for='input_8_22' >NOM COMPLET<span class=\"gfield_required\"><span class=\"gfield_required gfield_required_asterisk\">*<\/span><\/span><\/label><div class='ginput_container ginput_container_text'><input name='input_22' id='input_8_22' type='text' value='' class='medium'     aria-required=\"true\" aria-invalid=\"false\"   \/> <\/div><\/div><div id=\"field_8_2\" class=\"gfield contact-form-email gfield_contains_required field_sublabel_below field_description_below gfield_visibility_visible\" ><label class='gfield_label' for='input_8_2' >ADRESSE COURRIEL<span class=\"gfield_required\"><span class=\"gfield_required gfield_required_asterisk\">*<\/span><\/span><\/label><div class='ginput_container ginput_container_email'>\n                            <input name='input_2' id='input_8_2' type='email' value='' class='medium'    aria-required=\"true\" aria-invalid=\"false\"  \/>\n                        <\/div><\/div><div id=\"field_8_19\" class=\"gfield gf_left_half gfield--width-half gfield_contains_required field_sublabel_below field_description_below gfield_visibility_visible\" ><label class='gfield_label' for='input_8_19' >T\u00c9L\u00c9PHONE<span class=\"gfield_required\"><span class=\"gfield_required gfield_required_asterisk\">*<\/span><\/span><\/label><div class='ginput_container ginput_container_phone'><input name='input_19' id='input_8_19' type='tel' value='' class='large'   aria-required=\"true\" aria-invalid=\"false\"   \/><\/div><\/div><div id=\"field_8_6\" class=\"gfield gf_left_half gfield--width-half field_sublabel_below field_description_below gfield_visibility_visible\" ><label class='gfield_label' for='input_8_6' >ME CONTACTER AU SUJET<\/label><div class='ginput_container ginput_container_select'><select name='input_6' id='input_8_6' class='large gfield_select'     aria-invalid=\"false\" ><option value='Mortgage' >Hypoth\u00e8que<\/option><option value='' >Questions\/commentaires<\/option><option value='Other' >Autre<\/option><\/select><\/div><\/div><div id=\"field_8_9\" class=\"gfield gfield_contains_required field_sublabel_below field_description_below gfield_visibility_visible\" ><label class='gfield_label' for='input_8_9' >Raison de votre demande<span class=\"gfield_required\"><span class=\"gfield_required gfield_required_asterisk\">*<\/span><\/span><\/label><div class='ginput_container ginput_container_textarea'><textarea name='input_9' id='input_8_9' class='textarea medium'    placeholder='Renouvellement, refinancement, consolidation de dette, changement de propri\u00e9t\u00e9, etc.' aria-required=\"true\" aria-invalid=\"false\"   rows='10' cols='50'><\/textarea><\/div><\/div><div id=\"field_8_26\" class=\"gfield gfield--width-full gfield_html gfield_html_formatted gfield_no_follows_desc field_sublabel_below field_description_below gfield_visibility_visible\" ><p style=\"margin-top:10px; font-size:14px; color:#555;\">\nRappel dans un d\u00e9lai de 24 h ouvrables<br>\nAucune obligation \u2013 100 % confidentiel\n<\/p>\n\n<p style=\"margin-top:6px; font-size:12px; color:#777;\">\nEn soumettant ce formulaire, vous acceptez d\u2019\u00eatre contact\u00e9 par t\u00e9l\u00e9phone ou courriel concernant votre demande.\nLa politique de confidentialit\u00e9 et les conditions d\u2019utilisation de Google s\u2019appliquent.\n<\/p>\n<\/div><div id=\"field_8_27\" class=\"gfield gform_validation_container field_sublabel_below field_description_below gfield_visibility_visible\" ><label class='gfield_label' for='input_8_27' >Phone<\/label><div class='ginput_container'><input name='input_27' id='input_8_27' type='text' value='' autocomplete='new-password'\/><\/div><div class='gfield_description' id='gfield_description_8_27'>Ce champ n\u2019est utilis\u00e9 qu\u2019\u00e0 des fins de validation et devrait rester inchang\u00e9.<\/div><\/div><\/div><\/div>\n        <div class='gform_footer top_label'> <input type='submit' id='gform_submit_button_8' class='gform_button button' value='Envoyer'  onclick='if(window[\"gf_submitting_8\"]){return false;}  if( !jQuery(\"#gform_8\")[0].checkValidity || jQuery(\"#gform_8\")[0].checkValidity()){window[\"gf_submitting_8\"]=true;}  ' onkeypress='if( event.keyCode == 13 ){ if(window[\"gf_submitting_8\"]){return false;} if( !jQuery(\"#gform_8\")[0].checkValidity || jQuery(\"#gform_8\")[0].checkValidity()){window[\"gf_submitting_8\"]=true;}  jQuery(\"#gform_8\").trigger(\"submit\",[true]); }' \/> \n            <input type='hidden' class='gform_hidden' name='is_submit_8' value='1' \/>\n            <input type='hidden' class='gform_hidden' name='gform_submit' value='8' \/>\n            \n            <input type='hidden' class='gform_hidden' name='gform_unique_id' value='' \/>\n            <input type='hidden' class='gform_hidden' name='state_8' value='WyJbXSIsIjBiNWMxODhiZjA3NWUwOGU4NmQxODE1MDQxMzJlMmQzIl0=' \/>\n            <input type='hidden' class='gform_hidden' name='gform_target_page_number_8' id='gform_target_page_number_8' value='0' \/>\n            <input type='hidden' class='gform_hidden' name='gform_source_page_number_8' id='gform_source_page_number_8' value='1' \/>\n            <input type='hidden' name='gform_field_values' value='' \/>\n            \n        <\/div>\n                        <\/form>\n                        <\/div>\n<div class=\"sc-nap-discret\" style=\"margin-top: 40px; padding-top: 20px; border-top: 1px solid #e5e5e5; font-size: 14px; color: #555; text-align: center; line-height: 1.6;\">\n<p><strong>S\u00e9bastien Champagne \u2013 Courtier hypoth\u00e9caire<\/strong><\/p>\n<p>Bureau : 3899 A. des Laurentides, Suite 203, Laval (QC) H7L 3H7<\/p>\n<p>T\u00e9l\u00e9phone : <a href=\"tel:+14505771591\">450-577-1591<\/a> |<br \/>\nCourriel : <a href=\"mailto:schampagne@xperto.ca\">schampagne@xperto.ca<\/a><\/p>\n<p><span style=\"font-size: 13px; opacity: 0.8;\"><br \/>\nServices offerts en personne \u00e0 Laval et partout sur la Rive-Nord, ainsi qu\u2019\u00e0 distance dans tout le Qu\u00e9bec.<br \/>\n<\/span><\/p>\n<div id=\"formulaire-contact\"><\/div>\n<\/div>\n","protected":false},"excerpt":{"rendered":"<p>Comment me joindre schampagne@xperto.ca \ud83d\udcde 450-577-1591 Prendre rendez-vous Vous avez un projet d&rsquo;achat, de refinancement ou de renouvellement hypoth\u00e9caire? Remplissez le formulaire ci-dessous et je vous recontacterai dans les 24 prochaines heures. &nbsp; S\u00e9bastien Champagne \u2013 Courtier hypoth\u00e9caire Bureau : 3899 A. des Laurentides, Suite 203, Laval (QC) H7L 3H7 T\u00e9l\u00e9phone : 450-577-1591 | Courriel [&hellip;]<\/p>\n","protected":false},"author":1,"featured_media":0,"parent":0,"menu_order":0,"comment_status":"closed","ping_status":"closed","template":"page-templates\/no-banner.php","meta":[],"yoast_head":"<!-- This site is optimized with the Yoast SEO plugin v17.1 - https:\/\/yoast.com\/wordpress\/plugins\/seo\/ -->\n<meta name=\"description\" content=\"Contactez S\u00e9bastien Champagne, courtier hypoth\u00e9caire \u00e0 Laval et sur la Rive-Nord. Appel, rendez-vous ou formulaire en ligne. R\u00e9ponse rapide.\" \/>\n<meta name=\"robots\" content=\"index, follow, max-snippet:-1, max-image-preview:large, max-video-preview:-1\" \/>\n<link rel=\"canonical\" href=\"https:\/\/sebastienchampagne.com\/fr\/contact\/\" \/>\n<meta property=\"og:locale\" content=\"fr_FR\" \/>\n<meta property=\"og:type\" content=\"article\" \/>\n<meta property=\"og:title\" content=\"Contact | S\u00e9bastien Champagne, courtier hypoth\u00e9caire \u00e0 Laval\" \/>\n<meta property=\"og:description\" content=\"Contactez S\u00e9bastien Champagne, courtier hypoth\u00e9caire \u00e0 Laval et sur la Rive-Nord. Appel, rendez-vous ou formulaire en ligne. R\u00e9ponse rapide.\" \/>\n<meta property=\"og:url\" content=\"https:\/\/sebastienchampagne.com\/fr\/contact\/\" \/>\n<meta property=\"og:site_name\" content=\"Dominion Lending Centres\" \/>\n<meta property=\"article:modified_time\" content=\"2026-02-05T18:52:05+00:00\" \/>\n<meta name=\"twitter:card\" content=\"summary\" \/>\n<meta name=\"twitter:label1\" content=\"Dur\u00e9e de lecture est.\" \/>\n\t<meta name=\"twitter:data1\" content=\"1 minute\" \/>\n<script type=\"application\/ld+json\" class=\"yoast-schema-graph\">{\"@context\":\"https:\/\/schema.org\",\"@graph\":[{\"@type\":\"Organization\",\"@id\":\"https:\/\/sebastienchampagne.com\/fr\/#organization\",\"name\":\"Centres Hypoth\\u00e9caires Dominion\",\"url\":\"https:\/\/sebastienchampagne.com\/fr\/\",\"sameAs\":[],\"logo\":{\"@type\":\"ImageObject\",\"@id\":\"https:\/\/sebastienchampagne.com\/fr\/#logo\",\"inLanguage\":\"fr-FR\",\"url\":\"https:\/\/sebastienchampagne.com\/wp-content\/uploads\/2017\/01\/vector_DLC1.jpg\",\"contentUrl\":\"https:\/\/sebastienchampagne.com\/wp-content\/uploads\/2017\/01\/vector_DLC1.jpg\",\"width\":369,\"height\":173,\"caption\":\"Centres Hypoth\\u00e9caires Dominion\"},\"image\":{\"@id\":\"https:\/\/sebastienchampagne.com\/fr\/#logo\"}},{\"@type\":\"WebSite\",\"@id\":\"https:\/\/sebastienchampagne.com\/fr\/#website\",\"url\":\"https:\/\/sebastienchampagne.com\/fr\/\",\"name\":\"Dominion Lending Centres\",\"description\":\"DLC Broker Site\",\"publisher\":{\"@id\":\"https:\/\/sebastienchampagne.com\/fr\/#organization\"},\"potentialAction\":[{\"@type\":\"SearchAction\",\"target\":{\"@type\":\"EntryPoint\",\"urlTemplate\":\"https:\/\/sebastienchampagne.com\/fr\/?s={search_term_string}\"},\"query-input\":\"required name=search_term_string\"}],\"inLanguage\":\"fr-FR\"},{\"@type\":\"WebPage\",\"@id\":\"https:\/\/sebastienchampagne.com\/fr\/contact\/#webpage\",\"url\":\"https:\/\/sebastienchampagne.com\/fr\/contact\/\",\"name\":\"Contact | S\\u00e9bastien Champagne, courtier hypoth\\u00e9caire \\u00e0 Laval\",\"isPartOf\":{\"@id\":\"https:\/\/sebastienchampagne.com\/fr\/#website\"},\"datePublished\":\"2016-09-13T17:48:52+00:00\",\"dateModified\":\"2026-02-05T18:52:05+00:00\",\"description\":\"Contactez S\\u00e9bastien Champagne, courtier hypoth\\u00e9caire \\u00e0 Laval et sur la Rive-Nord. Appel, rendez-vous ou formulaire en ligne. R\\u00e9ponse rapide.\",\"breadcrumb\":{\"@id\":\"https:\/\/sebastienchampagne.com\/fr\/contact\/#breadcrumb\"},\"inLanguage\":\"fr-FR\",\"potentialAction\":[{\"@type\":\"ReadAction\",\"target\":[\"https:\/\/sebastienchampagne.com\/fr\/contact\/\"]}]},{\"@type\":\"BreadcrumbList\",\"@id\":\"https:\/\/sebastienchampagne.com\/fr\/contact\/#breadcrumb\",\"itemListElement\":[{\"@type\":\"ListItem\",\"position\":1,\"name\":\"Home\",\"item\":\"https:\/\/sebastienchampagne.com\/fr\/\"},{\"@type\":\"ListItem\",\"position\":2,\"name\":\"Contacter un courtier hypoth\\u00e9caire \\u00e0 Laval\"}]}]}<\/script>\n<!-- \/ Yoast SEO plugin. -->","yoast_head_json":{"description":"Contactez S\u00e9bastien Champagne, courtier hypoth\u00e9caire \u00e0 Laval et sur la Rive-Nord. Appel, rendez-vous ou formulaire en ligne. R\u00e9ponse rapide.","robots":{"index":"index","follow":"follow","max-snippet":"max-snippet:-1","max-image-preview":"max-image-preview:large","max-video-preview":"max-video-preview:-1"},"canonical":"https:\/\/sebastienchampagne.com\/fr\/contact\/","og_locale":"fr_FR","og_type":"article","og_title":"Contact | S\u00e9bastien Champagne, courtier hypoth\u00e9caire \u00e0 Laval","og_description":"Contactez S\u00e9bastien Champagne, courtier hypoth\u00e9caire \u00e0 Laval et sur la Rive-Nord. Appel, rendez-vous ou formulaire en ligne. R\u00e9ponse rapide.","og_url":"https:\/\/sebastienchampagne.com\/fr\/contact\/","og_site_name":"Dominion Lending Centres","article_modified_time":"2026-02-05T18:52:05+00:00","twitter_card":"summary","twitter_misc":{"Dur\u00e9e de lecture est.":"1 minute"},"schema":{"@context":"https:\/\/schema.org","@graph":[{"@type":"Organization","@id":"https:\/\/sebastienchampagne.com\/fr\/#organization","name":"Centres Hypoth\u00e9caires Dominion","url":"https:\/\/sebastienchampagne.com\/fr\/","sameAs":[],"logo":{"@type":"ImageObject","@id":"https:\/\/sebastienchampagne.com\/fr\/#logo","inLanguage":"fr-FR","url":"https:\/\/sebastienchampagne.com\/wp-content\/uploads\/2017\/01\/vector_DLC1.jpg","contentUrl":"https:\/\/sebastienchampagne.com\/wp-content\/uploads\/2017\/01\/vector_DLC1.jpg","width":369,"height":173,"caption":"Centres Hypoth\u00e9caires Dominion"},"image":{"@id":"https:\/\/sebastienchampagne.com\/fr\/#logo"}},{"@type":"WebSite","@id":"https:\/\/sebastienchampagne.com\/fr\/#website","url":"https:\/\/sebastienchampagne.com\/fr\/","name":"Dominion Lending Centres","description":"DLC Broker Site","publisher":{"@id":"https:\/\/sebastienchampagne.com\/fr\/#organization"},"potentialAction":[{"@type":"SearchAction","target":{"@type":"EntryPoint","urlTemplate":"https:\/\/sebastienchampagne.com\/fr\/?s={search_term_string}"},"query-input":"required name=search_term_string"}],"inLanguage":"fr-FR"},{"@type":"WebPage","@id":"https:\/\/sebastienchampagne.com\/fr\/contact\/#webpage","url":"https:\/\/sebastienchampagne.com\/fr\/contact\/","name":"Contact | S\u00e9bastien Champagne, courtier hypoth\u00e9caire \u00e0 Laval","isPartOf":{"@id":"https:\/\/sebastienchampagne.com\/fr\/#website"},"datePublished":"2016-09-13T17:48:52+00:00","dateModified":"2026-02-05T18:52:05+00:00","description":"Contactez S\u00e9bastien Champagne, courtier hypoth\u00e9caire \u00e0 Laval et sur la Rive-Nord. Appel, rendez-vous ou formulaire en ligne. R\u00e9ponse rapide.","breadcrumb":{"@id":"https:\/\/sebastienchampagne.com\/fr\/contact\/#breadcrumb"},"inLanguage":"fr-FR","potentialAction":[{"@type":"ReadAction","target":["https:\/\/sebastienchampagne.com\/fr\/contact\/"]}]},{"@type":"BreadcrumbList","@id":"https:\/\/sebastienchampagne.com\/fr\/contact\/#breadcrumb","itemListElement":[{"@type":"ListItem","position":1,"name":"Home","item":"https:\/\/sebastienchampagne.com\/fr\/"},{"@type":"ListItem","position":2,"name":"Contacter un courtier hypoth\u00e9caire \u00e0 Laval"}]}]}},"_links":{"self":[{"href":"https:\/\/sebastienchampagne.com\/fr\/wp-json\/wp\/v2\/pages\/625"}],"collection":[{"href":"https:\/\/sebastienchampagne.com\/fr\/wp-json\/wp\/v2\/pages"}],"about":[{"href":"https:\/\/sebastienchampagne.com\/fr\/wp-json\/wp\/v2\/types\/page"}],"author":[{"embeddable":true,"href":"https:\/\/sebastienchampagne.com\/fr\/wp-json\/wp\/v2\/users\/1"}],"replies":[{"embeddable":true,"href":"https:\/\/sebastienchampagne.com\/fr\/wp-json\/wp\/v2\/comments?post=625"}],"version-history":[{"count":57,"href":"https:\/\/sebastienchampagne.com\/fr\/wp-json\/wp\/v2\/pages\/625\/revisions"}],"predecessor-version":[{"id":1924,"href":"https:\/\/sebastienchampagne.com\/fr\/wp-json\/wp\/v2\/pages\/625\/revisions\/1924"}],"wp:attachment":[{"href":"https:\/\/sebastienchampagne.com\/fr\/wp-json\/wp\/v2\/media?parent=625"}],"curies":[{"name":"wp","href":"https:\/\/api.w.org\/{rel}","templated":true}]}}