{"id":624,"date":"2016-09-13T14:53:24","date_gmt":"2016-09-13T18:53:24","guid":{"rendered":"http:\/\/simon.wps.dev\/fr\/benefits-of-using-a-mortgage-professional\/"},"modified":"2026-02-20T09:00:45","modified_gmt":"2026-02-20T14:00:45","slug":"avantages-courtier-hypothecaire","status":"publish","type":"page","link":"https:\/\/sebastienchampagne.com\/fr\/a-propos\/avantages-courtier-hypothecaire\/","title":{"rendered":"POURQUOI UTILISER LES SERVICES D\u2019UN COURTIER HYPOTH\u00c9CAIRE?"},"content":{"rendered":"<h2 data-start=\"152\" data-end=\"215\">Les avantages de faire affaire avec un courtier hypoth\u00e9caire<\/h2>\n<p data-start=\"217\" data-end=\"508\">Choisir de travailler avec un courtier hypoth\u00e9caire, c\u2019est choisir la tranquillit\u00e9 d\u2019esprit. Mon r\u00f4le, c\u2019est de vous accompagner \u00e0 chaque \u00e9tape de votre projet \u2014 que ce soit pour un achat, un renouvellement, un refinancement ou un investissement. Vous n\u2019\u00eates jamais seul dans le processus.<\/p>\n<h2 data-start=\"510\" data-end=\"859\">Un acc\u00e8s \u00e0 plusieurs pr\u00eateurs<\/h2>\n<p data-start=\"510\" data-end=\"859\">En tant que courtier, je travaille pour vous, et non pour une seule institution financi\u00e8re. Cela signifie que je magasine les meilleures options de taux et de conditions parmi plusieurs pr\u00eateurs, afin de trouver la solution la plus avantageuse selon votre situation. Mon objectif : vous faire \u00e9conomiser du temps, de l\u2019argent et du stress.<\/p>\n<h2 data-start=\"861\" data-end=\"1221\">Un accompagnement personnalis\u00e9 et impartial<\/h2>\n<p data-start=\"861\" data-end=\"1221\">Mais au-del\u00e0 des chiffres, c\u2019est l\u2019humain qui compte. Chaque dossier est unique, et je prends le temps de bien comprendre vos besoins, vos priorit\u00e9s et votre r\u00e9alit\u00e9. Je suis l\u00e0 pour vous expliquer chaque \u00e9tape avec clart\u00e9, vous conseiller avec transparence, et vous accompagner jusqu\u2019\u00e0 la concr\u00e9tisation de votre projet, dans le respect et la bienveillance.<\/p>\n<h2 data-start=\"861\" data-end=\"1221\">Des solutions adapt\u00e9es \u00e0 votre situation financi\u00e8re<\/h2>\n<p data-start=\"1223\" data-end=\"1441\">Faire affaire avec un courtier hypoth\u00e9caire, c\u2019est b\u00e9n\u00e9ficier d\u2019un service personnalis\u00e9, comp\u00e9tent et humain \u2014 un partenaire de confiance qui veille \u00e0 ce que vos d\u00e9cisions financi\u00e8res soient prises en toute s\u00e9r\u00e9nit\u00e9.<\/p>\n<h2>Pour en savoir plus<\/h2>\n<p>N&rsquo;h\u00e9sitez pas \u00e0 consulter le site suivant pour en apprendre plus sur le r\u00f4le et les obligations d&rsquo;un courtier hypoth\u00e9caire: <a href=\"https:\/\/lautorite.qc.ca\/grand-public\/finances-personnelles\/prets-hypothecaires\/le-courtier-hypothecaire-residentiel\">Autorit\u00e9 des marchs financiers &#8211; Le courtier hypoth\u00e9caire r\u00e9sidentiel<\/a><\/p>\n<p data-start=\"1223\" data-end=\"1441\">\n<div style=\"text-align: center; margin-top: 30px;\"><a style=\"display: inline-flex; align-items: center; justify-content: center; background: #f5c400; color: #003366; padding: 10px 24px; font-weight: bold; font-size: 14px; line-height: 1; border-radius: 6px; text-decoration: none; box-shadow: 0 4px 10px rgba(0,0,0,0.15);\" href=\"https:\/\/sebastienchampagne.com\/fr\/contact\/\"><br \/>\n\ud83d\udcde Discutons de votre projet<br \/>\n<\/a><\/div>\n<div style=\"text-align: center; margin-top: 16px; margin-bottom: 0;\"><a style=\"display: inline-flex; align-items: center; justify-content: center; background: #ffffff; color: #003366; padding: 6px 16px; font-weight: 600; font-size: 13px; line-height: 1; border-radius: 5px; text-decoration: none; border: 1px solid #003366;\" href=\"https:\/\/sebastienchampagne.com\/fr\/services\/\"><br \/>\nVoir mes services<br \/>\n<\/a><\/div>\n<p>&nbsp;<\/p>\n","protected":false},"excerpt":{"rendered":"<p>Un courtier hypoth\u00e9caire travaille pour vous, et non pour une seule institution financi\u00e8re.<br \/>\nCela signifie plus de choix, une comparaison objective des offres et un accompagnement personnalis\u00e9 pour aujourd\u2019hui et pour l\u2019avenir.<\/p>\n","protected":false},"author":1,"featured_media":1426,"parent":1814,"menu_order":0,"comment_status":"closed","ping_status":"closed","template":"","meta":[],"yoast_head":"<!-- This site is optimized with the Yoast SEO plugin v17.1 - https:\/\/yoast.com\/wordpress\/plugins\/seo\/ -->\n<meta name=\"description\" content=\"D\u00e9couvrez les avantages d\u2019un courtier hypoth\u00e9caire : plus de choix, un accompagnement personnalis\u00e9 et des solutions adapt\u00e9es \u00e0 votre situation financi\u00e8re.\" \/>\n<meta name=\"robots\" content=\"noindex, follow\" \/>\n<meta property=\"og:locale\" content=\"fr_FR\" \/>\n<meta property=\"og:type\" content=\"article\" \/>\n<meta property=\"og:title\" content=\"Avantages d\u2019un courtier hypoth\u00e9caire | Pourquoi faire appel \u00e0 un expert\" \/>\n<meta property=\"og:description\" content=\"D\u00e9couvrez les avantages d\u2019un courtier hypoth\u00e9caire : plus de choix, un accompagnement personnalis\u00e9 et des solutions adapt\u00e9es \u00e0 votre situation financi\u00e8re.\" \/>\n<meta property=\"og:url\" content=\"https:\/\/sebastienchampagne.com\/fr\/a-propos\/avantages-courtier-hypothecaire\/\" \/>\n<meta property=\"og:site_name\" content=\"Dominion Lending Centres\" \/>\n<meta property=\"article:modified_time\" content=\"2026-02-20T14:00:45+00:00\" \/>\n<meta property=\"og:image\" content=\"https:\/\/sebastienchampagne.com\/wp-content\/uploads\/2025\/11\/Courtier-qui-explique-1024x683.png\" \/>\n\t<meta property=\"og:image:width\" content=\"1024\" \/>\n\t<meta property=\"og:image:height\" content=\"683\" \/>\n<meta name=\"twitter:card\" content=\"summary\" \/>\n<meta name=\"twitter:label1\" content=\"Dur\u00e9e de lecture est.\" \/>\n\t<meta name=\"twitter:data1\" content=\"2 minutes\" \/>\n<script type=\"application\/ld+json\" class=\"yoast-schema-graph\">{\"@context\":\"https:\/\/schema.org\",\"@graph\":[{\"@type\":\"Organization\",\"@id\":\"https:\/\/sebastienchampagne.com\/fr\/#organization\",\"name\":\"Centres Hypoth\\u00e9caires Dominion\",\"url\":\"https:\/\/sebastienchampagne.com\/fr\/\",\"sameAs\":[],\"logo\":{\"@type\":\"ImageObject\",\"@id\":\"https:\/\/sebastienchampagne.com\/fr\/#logo\",\"inLanguage\":\"fr-FR\",\"url\":\"https:\/\/sebastienchampagne.com\/wp-content\/uploads\/2017\/01\/vector_DLC1.jpg\",\"contentUrl\":\"https:\/\/sebastienchampagne.com\/wp-content\/uploads\/2017\/01\/vector_DLC1.jpg\",\"width\":369,\"height\":173,\"caption\":\"Centres Hypoth\\u00e9caires Dominion\"},\"image\":{\"@id\":\"https:\/\/sebastienchampagne.com\/fr\/#logo\"}},{\"@type\":\"WebSite\",\"@id\":\"https:\/\/sebastienchampagne.com\/fr\/#website\",\"url\":\"https:\/\/sebastienchampagne.com\/fr\/\",\"name\":\"Dominion Lending Centres\",\"description\":\"DLC Broker Site\",\"publisher\":{\"@id\":\"https:\/\/sebastienchampagne.com\/fr\/#organization\"},\"potentialAction\":[{\"@type\":\"SearchAction\",\"target\":{\"@type\":\"EntryPoint\",\"urlTemplate\":\"https:\/\/sebastienchampagne.com\/fr\/?s={search_term_string}\"},\"query-input\":\"required name=search_term_string\"}],\"inLanguage\":\"fr-FR\"},{\"@type\":\"ImageObject\",\"@id\":\"https:\/\/sebastienchampagne.com\/fr\/a-propos\/avantages-courtier-hypothecaire\/#primaryimage\",\"inLanguage\":\"fr-FR\",\"url\":\"https:\/\/sebastienchampagne.com\/wp-content\/uploads\/2025\/11\/Courtier-qui-explique.png\",\"contentUrl\":\"https:\/\/sebastienchampagne.com\/wp-content\/uploads\/2025\/11\/Courtier-qui-explique.png\",\"width\":1536,\"height\":1024},{\"@type\":\"WebPage\",\"@id\":\"https:\/\/sebastienchampagne.com\/fr\/a-propos\/avantages-courtier-hypothecaire\/#webpage\",\"url\":\"https:\/\/sebastienchampagne.com\/fr\/a-propos\/avantages-courtier-hypothecaire\/\",\"name\":\"Avantages d\\u2019un courtier hypoth\\u00e9caire | Pourquoi faire appel \\u00e0 un expert\",\"isPartOf\":{\"@id\":\"https:\/\/sebastienchampagne.com\/fr\/#website\"},\"primaryImageOfPage\":{\"@id\":\"https:\/\/sebastienchampagne.com\/fr\/a-propos\/avantages-courtier-hypothecaire\/#primaryimage\"},\"datePublished\":\"2016-09-13T18:53:24+00:00\",\"dateModified\":\"2026-02-20T14:00:45+00:00\",\"description\":\"D\\u00e9couvrez les avantages d\\u2019un courtier hypoth\\u00e9caire : plus de choix, un accompagnement personnalis\\u00e9 et des solutions adapt\\u00e9es \\u00e0 votre situation financi\\u00e8re.\",\"breadcrumb\":{\"@id\":\"https:\/\/sebastienchampagne.com\/fr\/a-propos\/avantages-courtier-hypothecaire\/#breadcrumb\"},\"inLanguage\":\"fr-FR\",\"potentialAction\":[{\"@type\":\"ReadAction\",\"target\":[\"https:\/\/sebastienchampagne.com\/fr\/a-propos\/avantages-courtier-hypothecaire\/\"]}]},{\"@type\":\"BreadcrumbList\",\"@id\":\"https:\/\/sebastienchampagne.com\/fr\/a-propos\/avantages-courtier-hypothecaire\/#breadcrumb\",\"itemListElement\":[{\"@type\":\"ListItem\",\"position\":1,\"name\":\"Home\",\"item\":\"https:\/\/sebastienchampagne.com\/fr\/\"},{\"@type\":\"ListItem\",\"position\":2,\"name\":\"\\u00c0 propos\",\"item\":\"https:\/\/sebastienchampagne.com\/fr\/a-propos\/\"},{\"@type\":\"ListItem\",\"position\":3,\"name\":\"POURQUOI UTILISER LES SERVICES D\\u2019UN COURTIER HYPOTH\\u00c9CAIRE?\"}]}]}<\/script>\n<!-- \/ Yoast SEO plugin. -->","yoast_head_json":{"description":"D\u00e9couvrez les avantages d\u2019un courtier hypoth\u00e9caire : plus de choix, un accompagnement personnalis\u00e9 et des solutions adapt\u00e9es \u00e0 votre situation financi\u00e8re.","robots":{"index":"noindex","follow":"follow"},"og_locale":"fr_FR","og_type":"article","og_title":"Avantages d\u2019un courtier hypoth\u00e9caire | Pourquoi faire appel \u00e0 un expert","og_description":"D\u00e9couvrez les avantages d\u2019un courtier hypoth\u00e9caire : plus de choix, un accompagnement personnalis\u00e9 et des solutions adapt\u00e9es \u00e0 votre situation financi\u00e8re.","og_url":"https:\/\/sebastienchampagne.com\/fr\/a-propos\/avantages-courtier-hypothecaire\/","og_site_name":"Dominion Lending Centres","article_modified_time":"2026-02-20T14:00:45+00:00","og_image":[{"width":1024,"height":683,"path":"2025\/11\/Courtier-qui-explique-1024x683.png","url":"https:\/\/sebastienchampagne.com\/wp-content\/uploads\/2025\/11\/Courtier-qui-explique-1024x683.png","size":"large","id":1426,"alt":"","pixels":699392,"type":"image\/png"}],"twitter_card":"summary","twitter_misc":{"Dur\u00e9e de lecture est.":"2 minutes"},"schema":{"@context":"https:\/\/schema.org","@graph":[{"@type":"Organization","@id":"https:\/\/sebastienchampagne.com\/fr\/#organization","name":"Centres Hypoth\u00e9caires Dominion","url":"https:\/\/sebastienchampagne.com\/fr\/","sameAs":[],"logo":{"@type":"ImageObject","@id":"https:\/\/sebastienchampagne.com\/fr\/#logo","inLanguage":"fr-FR","url":"https:\/\/sebastienchampagne.com\/wp-content\/uploads\/2017\/01\/vector_DLC1.jpg","contentUrl":"https:\/\/sebastienchampagne.com\/wp-content\/uploads\/2017\/01\/vector_DLC1.jpg","width":369,"height":173,"caption":"Centres Hypoth\u00e9caires Dominion"},"image":{"@id":"https:\/\/sebastienchampagne.com\/fr\/#logo"}},{"@type":"WebSite","@id":"https:\/\/sebastienchampagne.com\/fr\/#website","url":"https:\/\/sebastienchampagne.com\/fr\/","name":"Dominion Lending Centres","description":"DLC Broker Site","publisher":{"@id":"https:\/\/sebastienchampagne.com\/fr\/#organization"},"potentialAction":[{"@type":"SearchAction","target":{"@type":"EntryPoint","urlTemplate":"https:\/\/sebastienchampagne.com\/fr\/?s={search_term_string}"},"query-input":"required name=search_term_string"}],"inLanguage":"fr-FR"},{"@type":"ImageObject","@id":"https:\/\/sebastienchampagne.com\/fr\/a-propos\/avantages-courtier-hypothecaire\/#primaryimage","inLanguage":"fr-FR","url":"https:\/\/sebastienchampagne.com\/wp-content\/uploads\/2025\/11\/Courtier-qui-explique.png","contentUrl":"https:\/\/sebastienchampagne.com\/wp-content\/uploads\/2025\/11\/Courtier-qui-explique.png","width":1536,"height":1024},{"@type":"WebPage","@id":"https:\/\/sebastienchampagne.com\/fr\/a-propos\/avantages-courtier-hypothecaire\/#webpage","url":"https:\/\/sebastienchampagne.com\/fr\/a-propos\/avantages-courtier-hypothecaire\/","name":"Avantages d\u2019un courtier hypoth\u00e9caire | Pourquoi faire appel \u00e0 un expert","isPartOf":{"@id":"https:\/\/sebastienchampagne.com\/fr\/#website"},"primaryImageOfPage":{"@id":"https:\/\/sebastienchampagne.com\/fr\/a-propos\/avantages-courtier-hypothecaire\/#primaryimage"},"datePublished":"2016-09-13T18:53:24+00:00","dateModified":"2026-02-20T14:00:45+00:00","description":"D\u00e9couvrez les avantages d\u2019un courtier hypoth\u00e9caire : plus de choix, un accompagnement personnalis\u00e9 et des solutions adapt\u00e9es \u00e0 votre situation financi\u00e8re.","breadcrumb":{"@id":"https:\/\/sebastienchampagne.com\/fr\/a-propos\/avantages-courtier-hypothecaire\/#breadcrumb"},"inLanguage":"fr-FR","potentialAction":[{"@type":"ReadAction","target":["https:\/\/sebastienchampagne.com\/fr\/a-propos\/avantages-courtier-hypothecaire\/"]}]},{"@type":"BreadcrumbList","@id":"https:\/\/sebastienchampagne.com\/fr\/a-propos\/avantages-courtier-hypothecaire\/#breadcrumb","itemListElement":[{"@type":"ListItem","position":1,"name":"Home","item":"https:\/\/sebastienchampagne.com\/fr\/"},{"@type":"ListItem","position":2,"name":"\u00c0 propos","item":"https:\/\/sebastienchampagne.com\/fr\/a-propos\/"},{"@type":"ListItem","position":3,"name":"POURQUOI UTILISER LES SERVICES D\u2019UN COURTIER HYPOTH\u00c9CAIRE?"}]}]}},"_links":{"self":[{"href":"https:\/\/sebastienchampagne.com\/fr\/wp-json\/wp\/v2\/pages\/624"}],"collection":[{"href":"https:\/\/sebastienchampagne.com\/fr\/wp-json\/wp\/v2\/pages"}],"about":[{"href":"https:\/\/sebastienchampagne.com\/fr\/wp-json\/wp\/v2\/types\/page"}],"author":[{"embeddable":true,"href":"https:\/\/sebastienchampagne.com\/fr\/wp-json\/wp\/v2\/users\/1"}],"replies":[{"embeddable":true,"href":"https:\/\/sebastienchampagne.com\/fr\/wp-json\/wp\/v2\/comments?post=624"}],"version-history":[{"count":12,"href":"https:\/\/sebastienchampagne.com\/fr\/wp-json\/wp\/v2\/pages\/624\/revisions"}],"predecessor-version":[{"id":1938,"href":"https:\/\/sebastienchampagne.com\/fr\/wp-json\/wp\/v2\/pages\/624\/revisions\/1938"}],"up":[{"embeddable":true,"href":"https:\/\/sebastienchampagne.com\/fr\/wp-json\/wp\/v2\/pages\/1814"}],"wp:featuredmedia":[{"embeddable":true,"href":"https:\/\/sebastienchampagne.com\/fr\/wp-json\/wp\/v2\/media\/1426"}],"wp:attachment":[{"href":"https:\/\/sebastienchampagne.com\/fr\/wp-json\/wp\/v2\/media?parent=624"}],"curies":[{"name":"wp","href":"https:\/\/api.w.org\/{rel}","templated":true}]}}