{"id":623,"date":"2016-09-13T14:53:48","date_gmt":"2016-09-13T18:53:48","guid":{"rendered":"http:\/\/simon.wps.dev\/fr\/mortgage-professional-cost\/"},"modified":"2026-02-20T10:01:49","modified_gmt":"2026-02-20T15:01:49","slug":"cout-dun-courtier-hypothecaire","status":"publish","type":"page","link":"https:\/\/sebastienchampagne.com\/fr\/a-propos\/cout-dun-courtier-hypothecaire\/","title":{"rendered":"Combien co\u00fbte un courtier hypoth\u00e9caire au Qu\u00e9bec ?"},"content":{"rendered":"<h1>Combien co\u00fbte un courtier hypoth\u00e9caire au Qu\u00e9bec?<\/h1>\n<h2 data-start=\"441\" data-end=\"509\">Est-ce que les services d\u2019un courtier hypoth\u00e9caire sont payants ?<\/h2>\n<p data-start=\"511\" data-end=\"686\">C\u2019est une question l\u00e9gitime, et la r\u00e9ponse est rassurante : dans la grande majorit\u00e9 des cas, les services d\u2019un courtier hypoth\u00e9caire ne co\u00fbtent rien directement au client. Leur r\u00e9mun\u00e9ration est g\u00e9n\u00e9ralement faite par la caisse ou la banque \u00e0 laquelle le dossier a \u00e9t\u00e9 envoy\u00e9.<\/p>\n<p data-start=\"874\" data-end=\"997\">\u00a0Vous b\u00e9n\u00e9ficiez donc d\u2019un accompagnement complet, sans frais additionnels, tout en ayant acc\u00e8s \u00e0 plusieurs pr\u00eateurs.<\/p>\n<h2 data-start=\"1004\" data-end=\"1057\">Comment un courtier hypoth\u00e9caire est-il r\u00e9mun\u00e9r\u00e9 ?<\/h2>\n<p data-start=\"1059\" data-end=\"1272\">Contrairement \u00e0 une banque qui propose uniquement ses propres produits, un courtier hypoth\u00e9caire compare diff\u00e9rentes options aupr\u00e8s de plusieurs pr\u00eateurs (banques, institutions alternatives, pr\u00eateurs sp\u00e9cialis\u00e9s).<\/p>\n<p data-start=\"1274\" data-end=\"1309\">Lorsque votre dossier est accept\u00e9 :<\/p>\n<ul data-start=\"1310\" data-end=\"1442\">\n<li data-start=\"1310\" data-end=\"1355\">\n<p data-start=\"1312\" data-end=\"1355\">le pr\u00eateur verse une commission au courtier<\/p>\n<\/li>\n<li data-start=\"1356\" data-end=\"1392\">\n<p data-start=\"1358\" data-end=\"1392\">cela n\u2019augmente pas votre taux<\/p>\n<\/li>\n<li data-start=\"1393\" data-end=\"1442\">\n<p data-start=\"1395\" data-end=\"1442\">cela n\u2019entra\u00eene aucun frais cach\u00e9 pour vous<\/p>\n<\/li>\n<\/ul>\n<p data-start=\"1444\" data-end=\"1520\">Mon r\u00f4le est de d\u00e9fendre vos int\u00e9r\u00eats, pas ceux d\u2019une seule institution.<\/p>\n<h2 data-start=\"1527\" data-end=\"1588\">Y a-t-il des situations o\u00f9 des frais peuvent s\u2019appliquer ?<\/h2>\n<p data-start=\"1590\" data-end=\"1706\">Oui, dans certains cas particuliers, des honoraires peuvent \u00eatre requis, notamment lorsque le dossier implique :<\/p>\n<ul data-start=\"1707\" data-end=\"1813\">\n<li data-start=\"1707\" data-end=\"1732\">\n<p data-start=\"1709\" data-end=\"1732\">un cr\u00e9dit plus complexe<\/p>\n<\/li>\n<li data-start=\"1733\" data-end=\"1768\">\n<p data-start=\"1735\" data-end=\"1768\">une situation financi\u00e8re atypique<\/p>\n<\/li>\n<li data-start=\"1769\" data-end=\"1813\">\n<p data-start=\"1771\" data-end=\"1813\">un financement hors normes traditionnelles<\/p>\n<\/li>\n<\/ul>\n<p data-start=\"1815\" data-end=\"1857\">Dans tous les cas, ces frais doivent \u00eatre :<\/p>\n<ul data-start=\"1858\" data-end=\"1982\">\n<li data-start=\"1858\" data-end=\"1895\">\n<p data-start=\"1860\" data-end=\"1895\">expliqu\u00e9s clairement \u00e0 l\u2019avance<\/p>\n<\/li>\n<li data-start=\"1896\" data-end=\"1941\">\n<p data-start=\"1898\" data-end=\"1941\">discut\u00e9s avec vous avant toute d\u00e9marche<\/p>\n<\/li>\n<li data-start=\"1942\" data-end=\"1982\">\n<p data-start=\"1944\" data-end=\"1982\">jamais impos\u00e9s sans votre consentement<\/p>\n<\/li>\n<\/ul>\n<p data-start=\"1984\" data-end=\"2039\">La transparence fait partie int\u00e9grante de mon approche.<\/p>\n<hr data-start=\"2780\" data-end=\"2783\" \/>\n<h2 data-start=\"2785\" data-end=\"2833\">Pour en savoir plus<\/h2>\n<p>N&rsquo;h\u00e9sitez pas \u00e0 consulter le site suivant pour en apprendre plus sur le r\u00f4les et les obligations d&rsquo;un courtier hypoth\u00e9caire:\u00a0<a href=\"https:\/\/lautorite.qc.ca\/grand-public\/finances-personnelles\/prets-hypothecaires\/le-courtier-hypothecaire-residentiel\">https:\/\/lautorite.qc.ca\/grand-public\/finances-personnelles\/prets-hypothecaires\/le-courtier-hypothecaire-residentiel<\/a>.<\/p>\n<hr data-start=\"2780\" data-end=\"2783\" \/>\n<h2 data-start=\"2785\" data-end=\"2833\">\ud83d\udcde Discutons de votre projet, sans engagement<\/h2>\n<p data-start=\"2835\" data-end=\"2978\">Chaque situation est unique.<br data-start=\"2863\" data-end=\"2866\" \/>Je prends le temps de comprendre la v\u00f4tre afin de vous proposer des solutions claires, adapt\u00e9es et avantageuses.<\/p>\n<div style=\"text-align: center; margin-top: 30px;\"><a style=\"display: inline-flex; align-items: center; justify-content: center; background: #f5c400; color: #003366; padding: 10px 24px; font-weight: bold; font-size: 14px; line-height: 1; border-radius: 6px; text-decoration: none; box-shadow: 0 4px 10px rgba(0,0,0,0.15);\" href=\"https:\/\/sebastienchampagne.com\/fr\/contact\/\"><br \/>\n\ud83d\udcde Discutons de votre projet<br \/>\n<\/a><\/div>\n<div style=\"text-align: center; margin-top: 16px; margin-bottom: 0;\"><a style=\"display: inline-flex; align-items: center; justify-content: center; background: #ffffff; color: #003366; padding: 6px 16px; font-weight: 600; font-size: 13px; line-height: 1; border-radius: 5px; text-decoration: none; border: 1px solid #003366;\" href=\"https:\/\/sebastienchampagne.com\/fr\/services\/\"><br \/>\nVoir mes services<br \/>\n<\/a><\/div>\n","protected":false},"excerpt":{"rendered":"<p>Dans la majorit\u00e9 des cas, les services d\u2019un courtier hypoth\u00e9caire sont offerts sans frais directement pour le client.<\/p>\n","protected":false},"author":1,"featured_media":1714,"parent":1814,"menu_order":0,"comment_status":"closed","ping_status":"closed","template":"","meta":[],"yoast_head":"<!-- This site is optimized with the Yoast SEO plugin v17.1 - https:\/\/yoast.com\/wordpress\/plugins\/seo\/ -->\n<meta name=\"description\" content=\"Un courtier hypoth\u00e9caire est-il gratuit ? D\u00e9couvrez comment fonctionne sa r\u00e9mun\u00e9ration et pourquoi ses services n\u2019augmentent pas le co\u00fbt de votre hypoth\u00e8que.\" \/>\n<meta name=\"robots\" content=\"noindex, follow\" \/>\n<meta property=\"og:locale\" content=\"fr_FR\" \/>\n<meta property=\"og:type\" content=\"article\" \/>\n<meta property=\"og:title\" content=\"Co\u00fbt d\u2019un courtier hypoth\u00e9caire au Qu\u00e9bec | Services gratuits\" \/>\n<meta property=\"og:description\" content=\"Un courtier hypoth\u00e9caire est-il gratuit ? D\u00e9couvrez comment fonctionne sa r\u00e9mun\u00e9ration et pourquoi ses services n\u2019augmentent pas le co\u00fbt de votre hypoth\u00e8que.\" \/>\n<meta property=\"og:url\" content=\"https:\/\/sebastienchampagne.com\/fr\/a-propos\/cout-dun-courtier-hypothecaire\/\" \/>\n<meta property=\"og:site_name\" content=\"Dominion Lending Centres\" \/>\n<meta property=\"article:modified_time\" content=\"2026-02-20T15:01:49+00:00\" \/>\n<meta property=\"og:image\" content=\"https:\/\/sebastienchampagne.com\/wp-content\/uploads\/2025\/12\/sebastien-champagne-services-hypothe\u0301caires1.jpg\" \/>\n\t<meta property=\"og:image:width\" content=\"1920\" \/>\n\t<meta property=\"og:image:height\" content=\"800\" \/>\n<meta name=\"twitter:card\" content=\"summary\" \/>\n<meta name=\"twitter:label1\" content=\"Dur\u00e9e de lecture est.\" \/>\n\t<meta name=\"twitter:data1\" content=\"2 minutes\" \/>\n<script type=\"application\/ld+json\" class=\"yoast-schema-graph\">{\"@context\":\"https:\/\/schema.org\",\"@graph\":[{\"@type\":\"Organization\",\"@id\":\"https:\/\/sebastienchampagne.com\/fr\/#organization\",\"name\":\"Centres Hypoth\\u00e9caires Dominion\",\"url\":\"https:\/\/sebastienchampagne.com\/fr\/\",\"sameAs\":[],\"logo\":{\"@type\":\"ImageObject\",\"@id\":\"https:\/\/sebastienchampagne.com\/fr\/#logo\",\"inLanguage\":\"fr-FR\",\"url\":\"https:\/\/sebastienchampagne.com\/wp-content\/uploads\/2017\/01\/vector_DLC1.jpg\",\"contentUrl\":\"https:\/\/sebastienchampagne.com\/wp-content\/uploads\/2017\/01\/vector_DLC1.jpg\",\"width\":369,\"height\":173,\"caption\":\"Centres Hypoth\\u00e9caires Dominion\"},\"image\":{\"@id\":\"https:\/\/sebastienchampagne.com\/fr\/#logo\"}},{\"@type\":\"WebSite\",\"@id\":\"https:\/\/sebastienchampagne.com\/fr\/#website\",\"url\":\"https:\/\/sebastienchampagne.com\/fr\/\",\"name\":\"Dominion Lending Centres\",\"description\":\"DLC Broker Site\",\"publisher\":{\"@id\":\"https:\/\/sebastienchampagne.com\/fr\/#organization\"},\"potentialAction\":[{\"@type\":\"SearchAction\",\"target\":{\"@type\":\"EntryPoint\",\"urlTemplate\":\"https:\/\/sebastienchampagne.com\/fr\/?s={search_term_string}\"},\"query-input\":\"required name=search_term_string\"}],\"inLanguage\":\"fr-FR\"},{\"@type\":\"ImageObject\",\"@id\":\"https:\/\/sebastienchampagne.com\/fr\/a-propos\/cout-dun-courtier-hypothecaire\/#primaryimage\",\"inLanguage\":\"fr-FR\",\"url\":\"https:\/\/sebastienchampagne.com\/wp-content\/uploads\/2025\/12\/sebastien-champagne-services-hypothe\\u0301caires1.jpg\",\"contentUrl\":\"https:\/\/sebastienchampagne.com\/wp-content\/uploads\/2025\/12\/sebastien-champagne-services-hypothe\\u0301caires1.jpg\",\"width\":1920,\"height\":800,\"caption\":\"Rencontre avec un courtier hypoth\\u00e9caire portant sur sa r\\u00e9mun\\u00e9ration\"},{\"@type\":\"WebPage\",\"@id\":\"https:\/\/sebastienchampagne.com\/fr\/a-propos\/cout-dun-courtier-hypothecaire\/#webpage\",\"url\":\"https:\/\/sebastienchampagne.com\/fr\/a-propos\/cout-dun-courtier-hypothecaire\/\",\"name\":\"Co\\u00fbt d\\u2019un courtier hypoth\\u00e9caire au Qu\\u00e9bec | Services gratuits\",\"isPartOf\":{\"@id\":\"https:\/\/sebastienchampagne.com\/fr\/#website\"},\"primaryImageOfPage\":{\"@id\":\"https:\/\/sebastienchampagne.com\/fr\/a-propos\/cout-dun-courtier-hypothecaire\/#primaryimage\"},\"datePublished\":\"2016-09-13T18:53:48+00:00\",\"dateModified\":\"2026-02-20T15:01:49+00:00\",\"description\":\"Un courtier hypoth\\u00e9caire est-il gratuit ? D\\u00e9couvrez comment fonctionne sa r\\u00e9mun\\u00e9ration et pourquoi ses services n\\u2019augmentent pas le co\\u00fbt de votre hypoth\\u00e8que.\",\"breadcrumb\":{\"@id\":\"https:\/\/sebastienchampagne.com\/fr\/a-propos\/cout-dun-courtier-hypothecaire\/#breadcrumb\"},\"inLanguage\":\"fr-FR\",\"potentialAction\":[{\"@type\":\"ReadAction\",\"target\":[\"https:\/\/sebastienchampagne.com\/fr\/a-propos\/cout-dun-courtier-hypothecaire\/\"]}]},{\"@type\":\"BreadcrumbList\",\"@id\":\"https:\/\/sebastienchampagne.com\/fr\/a-propos\/cout-dun-courtier-hypothecaire\/#breadcrumb\",\"itemListElement\":[{\"@type\":\"ListItem\",\"position\":1,\"name\":\"Home\",\"item\":\"https:\/\/sebastienchampagne.com\/fr\/\"},{\"@type\":\"ListItem\",\"position\":2,\"name\":\"\\u00c0 propos\",\"item\":\"https:\/\/sebastienchampagne.com\/fr\/a-propos\/\"},{\"@type\":\"ListItem\",\"position\":3,\"name\":\"Combien co\\u00fbte un courtier hypoth\\u00e9caire au Qu\\u00e9bec ?\"}]}]}<\/script>\n<!-- \/ Yoast SEO plugin. -->","yoast_head_json":{"description":"Un courtier hypoth\u00e9caire est-il gratuit ? D\u00e9couvrez comment fonctionne sa r\u00e9mun\u00e9ration et pourquoi ses services n\u2019augmentent pas le co\u00fbt de votre hypoth\u00e8que.","robots":{"index":"noindex","follow":"follow"},"og_locale":"fr_FR","og_type":"article","og_title":"Co\u00fbt d\u2019un courtier hypoth\u00e9caire au Qu\u00e9bec | Services gratuits","og_description":"Un courtier hypoth\u00e9caire est-il gratuit ? D\u00e9couvrez comment fonctionne sa r\u00e9mun\u00e9ration et pourquoi ses services n\u2019augmentent pas le co\u00fbt de votre hypoth\u00e8que.","og_url":"https:\/\/sebastienchampagne.com\/fr\/a-propos\/cout-dun-courtier-hypothecaire\/","og_site_name":"Dominion Lending Centres","article_modified_time":"2026-02-20T15:01:49+00:00","og_image":[{"width":1920,"height":800,"url":"https:\/\/sebastienchampagne.com\/wp-content\/uploads\/2025\/12\/sebastien-champagne-services-hypothe\u0301caires1.jpg","path":"\/var\/www\/sites\/wps\/sites\/code\/wp-content\/uploads\/2025\/12\/sebastien-champagne-services-hypothe\u0301caires1.jpg","size":"full","id":1714,"alt":"Rencontre avec un courtier hypoth\u00e9caire portant sur sa r\u00e9mun\u00e9ration","pixels":1536000,"type":"image\/jpeg"}],"twitter_card":"summary","twitter_misc":{"Dur\u00e9e de lecture est.":"2 minutes"},"schema":{"@context":"https:\/\/schema.org","@graph":[{"@type":"Organization","@id":"https:\/\/sebastienchampagne.com\/fr\/#organization","name":"Centres Hypoth\u00e9caires Dominion","url":"https:\/\/sebastienchampagne.com\/fr\/","sameAs":[],"logo":{"@type":"ImageObject","@id":"https:\/\/sebastienchampagne.com\/fr\/#logo","inLanguage":"fr-FR","url":"https:\/\/sebastienchampagne.com\/wp-content\/uploads\/2017\/01\/vector_DLC1.jpg","contentUrl":"https:\/\/sebastienchampagne.com\/wp-content\/uploads\/2017\/01\/vector_DLC1.jpg","width":369,"height":173,"caption":"Centres Hypoth\u00e9caires Dominion"},"image":{"@id":"https:\/\/sebastienchampagne.com\/fr\/#logo"}},{"@type":"WebSite","@id":"https:\/\/sebastienchampagne.com\/fr\/#website","url":"https:\/\/sebastienchampagne.com\/fr\/","name":"Dominion Lending Centres","description":"DLC Broker Site","publisher":{"@id":"https:\/\/sebastienchampagne.com\/fr\/#organization"},"potentialAction":[{"@type":"SearchAction","target":{"@type":"EntryPoint","urlTemplate":"https:\/\/sebastienchampagne.com\/fr\/?s={search_term_string}"},"query-input":"required name=search_term_string"}],"inLanguage":"fr-FR"},{"@type":"ImageObject","@id":"https:\/\/sebastienchampagne.com\/fr\/a-propos\/cout-dun-courtier-hypothecaire\/#primaryimage","inLanguage":"fr-FR","url":"https:\/\/sebastienchampagne.com\/wp-content\/uploads\/2025\/12\/sebastien-champagne-services-hypothe\u0301caires1.jpg","contentUrl":"https:\/\/sebastienchampagne.com\/wp-content\/uploads\/2025\/12\/sebastien-champagne-services-hypothe\u0301caires1.jpg","width":1920,"height":800,"caption":"Rencontre avec un courtier hypoth\u00e9caire portant sur sa r\u00e9mun\u00e9ration"},{"@type":"WebPage","@id":"https:\/\/sebastienchampagne.com\/fr\/a-propos\/cout-dun-courtier-hypothecaire\/#webpage","url":"https:\/\/sebastienchampagne.com\/fr\/a-propos\/cout-dun-courtier-hypothecaire\/","name":"Co\u00fbt d\u2019un courtier hypoth\u00e9caire au Qu\u00e9bec | Services gratuits","isPartOf":{"@id":"https:\/\/sebastienchampagne.com\/fr\/#website"},"primaryImageOfPage":{"@id":"https:\/\/sebastienchampagne.com\/fr\/a-propos\/cout-dun-courtier-hypothecaire\/#primaryimage"},"datePublished":"2016-09-13T18:53:48+00:00","dateModified":"2026-02-20T15:01:49+00:00","description":"Un courtier hypoth\u00e9caire est-il gratuit ? D\u00e9couvrez comment fonctionne sa r\u00e9mun\u00e9ration et pourquoi ses services n\u2019augmentent pas le co\u00fbt de votre hypoth\u00e8que.","breadcrumb":{"@id":"https:\/\/sebastienchampagne.com\/fr\/a-propos\/cout-dun-courtier-hypothecaire\/#breadcrumb"},"inLanguage":"fr-FR","potentialAction":[{"@type":"ReadAction","target":["https:\/\/sebastienchampagne.com\/fr\/a-propos\/cout-dun-courtier-hypothecaire\/"]}]},{"@type":"BreadcrumbList","@id":"https:\/\/sebastienchampagne.com\/fr\/a-propos\/cout-dun-courtier-hypothecaire\/#breadcrumb","itemListElement":[{"@type":"ListItem","position":1,"name":"Home","item":"https:\/\/sebastienchampagne.com\/fr\/"},{"@type":"ListItem","position":2,"name":"\u00c0 propos","item":"https:\/\/sebastienchampagne.com\/fr\/a-propos\/"},{"@type":"ListItem","position":3,"name":"Combien co\u00fbte un courtier hypoth\u00e9caire au Qu\u00e9bec ?"}]}]}},"_links":{"self":[{"href":"https:\/\/sebastienchampagne.com\/fr\/wp-json\/wp\/v2\/pages\/623"}],"collection":[{"href":"https:\/\/sebastienchampagne.com\/fr\/wp-json\/wp\/v2\/pages"}],"about":[{"href":"https:\/\/sebastienchampagne.com\/fr\/wp-json\/wp\/v2\/types\/page"}],"author":[{"embeddable":true,"href":"https:\/\/sebastienchampagne.com\/fr\/wp-json\/wp\/v2\/users\/1"}],"replies":[{"embeddable":true,"href":"https:\/\/sebastienchampagne.com\/fr\/wp-json\/wp\/v2\/comments?post=623"}],"version-history":[{"count":14,"href":"https:\/\/sebastienchampagne.com\/fr\/wp-json\/wp\/v2\/pages\/623\/revisions"}],"predecessor-version":[{"id":1937,"href":"https:\/\/sebastienchampagne.com\/fr\/wp-json\/wp\/v2\/pages\/623\/revisions\/1937"}],"up":[{"embeddable":true,"href":"https:\/\/sebastienchampagne.com\/fr\/wp-json\/wp\/v2\/pages\/1814"}],"wp:featuredmedia":[{"embeddable":true,"href":"https:\/\/sebastienchampagne.com\/fr\/wp-json\/wp\/v2\/media\/1714"}],"wp:attachment":[{"href":"https:\/\/sebastienchampagne.com\/fr\/wp-json\/wp\/v2\/media?parent=623"}],"curies":[{"name":"wp","href":"https:\/\/api.w.org\/{rel}","templated":true}]}}