{"id":608,"date":"2016-09-13T15:08:08","date_gmt":"2016-09-13T19:08:08","guid":{"rendered":"http:\/\/simon.wps.dev\/fr\/resources\/"},"modified":"2026-01-29T12:05:03","modified_gmt":"2026-01-29T17:05:03","slug":"ressources","status":"publish","type":"page","link":"https:\/\/sebastienchampagne.com\/fr\/ressources\/","title":{"rendered":"RESSOURCES"},"content":{"rendered":"<h2>Hypoth\u00e8que, Finance &amp; Immobilier<\/h2>\n<ul>\n<li><a href=\"https:\/\/www.banqueducanada.ca\" rel=\"external\">Banque du Canada<\/a><\/li>\n<li><a href=\"https:\/\/www.mortgageproscan.ca\/fr\/\" rel=\"external\">PROFESSIONNELS HYPOTH\u00c9CAIRES DU CANADA<\/a><\/li>\n<li><a href=\"https:\/\/www.cmhc.ca\/fr\/index.cfm\" rel=\"external\">Soci\u00e9t\u00e9 Canadienne d\u2019hypoth\u00e8ques et de logement<\/a><\/li>\n<li><a href=\"https:\/\/www.sagen.ca\/fr\/\" rel=\"external\">Sagen<\/a><\/li>\n<li><a href=\"https:\/\/www.cra-arc.gc.ca\/menu-fra.html\" rel=\"external\">Agence de revenu du Canada<\/a><\/li>\n<li><a href=\"https:\/\/www.cahpi.ca\/fr.html\" rel=\"external\">L\u2019association Canadienne des inspecteurs de biens immobilier<\/a><\/li>\n<\/ul>\n","protected":false},"excerpt":{"rendered":"<p>Hypoth\u00e8que, Finance &amp; Immobilier Banque du Canada PROFESSIONNELS HYPOTH\u00c9CAIRES DU CANADA Soci\u00e9t\u00e9 Canadienne d&#8217;hypoth\u00e8ques et de logement Sagen Financial Canada Agence de revenu du Canada L&#8217;association Canadienne des inspecteurs de biens immobilier<\/p>\n","protected":false},"author":1,"featured_media":531,"parent":0,"menu_order":0,"comment_status":"closed","ping_status":"closed","template":"","meta":[],"yoast_head":"<!-- This site is optimized with the Yoast SEO plugin v17.1 - https:\/\/yoast.com\/wordpress\/plugins\/seo\/ -->\n<meta name=\"robots\" content=\"noindex, follow\" \/>\n<meta property=\"og:locale\" content=\"fr_FR\" \/>\n<meta property=\"og:type\" content=\"article\" \/>\n<meta property=\"og:title\" content=\"RESSOURCES - Dominion Lending Centres\" \/>\n<meta property=\"og:description\" content=\"Hypoth\u00e8que, Finance &amp; Immobilier Banque du Canada PROFESSIONNELS HYPOTH\u00c9CAIRES DU CANADA Soci\u00e9t\u00e9 Canadienne d&#8217;hypoth\u00e8ques et de logement Sagen Financial Canada Agence de revenu du Canada L&#8217;association Canadienne des inspecteurs de biens immobilier\" \/>\n<meta property=\"og:url\" content=\"https:\/\/sebastienchampagne.com\/fr\/ressources\/\" \/>\n<meta property=\"og:site_name\" content=\"Dominion Lending Centres\" \/>\n<meta property=\"article:modified_time\" content=\"2026-01-29T17:05:03+00:00\" \/>\n<meta property=\"og:image\" content=\"https:\/\/sebastienchampagne.com\/wp-content\/uploads\/2016\/09\/resources.jpg\" \/>\n\t<meta property=\"og:image:width\" content=\"1200\" \/>\n\t<meta property=\"og:image:height\" content=\"611\" \/>\n<meta name=\"twitter:card\" content=\"summary\" \/>\n<script type=\"application\/ld+json\" class=\"yoast-schema-graph\">{\"@context\":\"https:\/\/schema.org\",\"@graph\":[{\"@type\":\"Organization\",\"@id\":\"https:\/\/sebastienchampagne.com\/fr\/#organization\",\"name\":\"Centres Hypoth\\u00e9caires Dominion\",\"url\":\"https:\/\/sebastienchampagne.com\/fr\/\",\"sameAs\":[],\"logo\":{\"@type\":\"ImageObject\",\"@id\":\"https:\/\/sebastienchampagne.com\/fr\/#logo\",\"inLanguage\":\"fr-FR\",\"url\":\"https:\/\/sebastienchampagne.com\/wp-content\/uploads\/2017\/01\/vector_DLC1.jpg\",\"contentUrl\":\"https:\/\/sebastienchampagne.com\/wp-content\/uploads\/2017\/01\/vector_DLC1.jpg\",\"width\":369,\"height\":173,\"caption\":\"Centres Hypoth\\u00e9caires Dominion\"},\"image\":{\"@id\":\"https:\/\/sebastienchampagne.com\/fr\/#logo\"}},{\"@type\":\"WebSite\",\"@id\":\"https:\/\/sebastienchampagne.com\/fr\/#website\",\"url\":\"https:\/\/sebastienchampagne.com\/fr\/\",\"name\":\"Dominion Lending Centres\",\"description\":\"DLC Broker Site\",\"publisher\":{\"@id\":\"https:\/\/sebastienchampagne.com\/fr\/#organization\"},\"potentialAction\":[{\"@type\":\"SearchAction\",\"target\":{\"@type\":\"EntryPoint\",\"urlTemplate\":\"https:\/\/sebastienchampagne.com\/fr\/?s={search_term_string}\"},\"query-input\":\"required name=search_term_string\"}],\"inLanguage\":\"fr-FR\"},{\"@type\":\"ImageObject\",\"@id\":\"https:\/\/sebastienchampagne.com\/fr\/ressources\/#primaryimage\",\"inLanguage\":\"fr-FR\",\"url\":\"https:\/\/sebastienchampagne.com\/wp-content\/uploads\/2016\/09\/resources.jpg\",\"contentUrl\":\"https:\/\/sebastienchampagne.com\/wp-content\/uploads\/2016\/09\/resources.jpg\",\"width\":1200,\"height\":611},{\"@type\":\"WebPage\",\"@id\":\"https:\/\/sebastienchampagne.com\/fr\/ressources\/#webpage\",\"url\":\"https:\/\/sebastienchampagne.com\/fr\/ressources\/\",\"name\":\"RESSOURCES - Dominion Lending Centres\",\"isPartOf\":{\"@id\":\"https:\/\/sebastienchampagne.com\/fr\/#website\"},\"primaryImageOfPage\":{\"@id\":\"https:\/\/sebastienchampagne.com\/fr\/ressources\/#primaryimage\"},\"datePublished\":\"2016-09-13T19:08:08+00:00\",\"dateModified\":\"2026-01-29T17:05:03+00:00\",\"breadcrumb\":{\"@id\":\"https:\/\/sebastienchampagne.com\/fr\/ressources\/#breadcrumb\"},\"inLanguage\":\"fr-FR\",\"potentialAction\":[{\"@type\":\"ReadAction\",\"target\":[\"https:\/\/sebastienchampagne.com\/fr\/ressources\/\"]}]},{\"@type\":\"BreadcrumbList\",\"@id\":\"https:\/\/sebastienchampagne.com\/fr\/ressources\/#breadcrumb\",\"itemListElement\":[{\"@type\":\"ListItem\",\"position\":1,\"name\":\"Home\",\"item\":\"https:\/\/sebastienchampagne.com\/fr\/\"},{\"@type\":\"ListItem\",\"position\":2,\"name\":\"RESSOURCES\"}]}]}<\/script>\n<!-- \/ Yoast SEO plugin. -->","yoast_head_json":{"robots":{"index":"noindex","follow":"follow"},"og_locale":"fr_FR","og_type":"article","og_title":"RESSOURCES - Dominion Lending Centres","og_description":"Hypoth\u00e8que, Finance &amp; Immobilier Banque du Canada PROFESSIONNELS HYPOTH\u00c9CAIRES DU CANADA Soci\u00e9t\u00e9 Canadienne d&#8217;hypoth\u00e8ques et de logement Sagen Financial Canada Agence de revenu du Canada L&#8217;association Canadienne des inspecteurs de biens immobilier","og_url":"https:\/\/sebastienchampagne.com\/fr\/ressources\/","og_site_name":"Dominion Lending Centres","article_modified_time":"2026-01-29T17:05:03+00:00","og_image":[{"width":1200,"height":611,"url":"https:\/\/sebastienchampagne.com\/wp-content\/uploads\/2016\/09\/resources.jpg","path":"\/var\/www\/sites\/wps\/sites\/code\/wp-content\/uploads\/2016\/09\/resources.jpg","size":"full","id":531,"alt":"","pixels":733200,"type":"image\/jpeg"}],"twitter_card":"summary","schema":{"@context":"https:\/\/schema.org","@graph":[{"@type":"Organization","@id":"https:\/\/sebastienchampagne.com\/fr\/#organization","name":"Centres Hypoth\u00e9caires Dominion","url":"https:\/\/sebastienchampagne.com\/fr\/","sameAs":[],"logo":{"@type":"ImageObject","@id":"https:\/\/sebastienchampagne.com\/fr\/#logo","inLanguage":"fr-FR","url":"https:\/\/sebastienchampagne.com\/wp-content\/uploads\/2017\/01\/vector_DLC1.jpg","contentUrl":"https:\/\/sebastienchampagne.com\/wp-content\/uploads\/2017\/01\/vector_DLC1.jpg","width":369,"height":173,"caption":"Centres Hypoth\u00e9caires Dominion"},"image":{"@id":"https:\/\/sebastienchampagne.com\/fr\/#logo"}},{"@type":"WebSite","@id":"https:\/\/sebastienchampagne.com\/fr\/#website","url":"https:\/\/sebastienchampagne.com\/fr\/","name":"Dominion Lending Centres","description":"DLC Broker Site","publisher":{"@id":"https:\/\/sebastienchampagne.com\/fr\/#organization"},"potentialAction":[{"@type":"SearchAction","target":{"@type":"EntryPoint","urlTemplate":"https:\/\/sebastienchampagne.com\/fr\/?s={search_term_string}"},"query-input":"required name=search_term_string"}],"inLanguage":"fr-FR"},{"@type":"ImageObject","@id":"https:\/\/sebastienchampagne.com\/fr\/ressources\/#primaryimage","inLanguage":"fr-FR","url":"https:\/\/sebastienchampagne.com\/wp-content\/uploads\/2016\/09\/resources.jpg","contentUrl":"https:\/\/sebastienchampagne.com\/wp-content\/uploads\/2016\/09\/resources.jpg","width":1200,"height":611},{"@type":"WebPage","@id":"https:\/\/sebastienchampagne.com\/fr\/ressources\/#webpage","url":"https:\/\/sebastienchampagne.com\/fr\/ressources\/","name":"RESSOURCES - Dominion Lending Centres","isPartOf":{"@id":"https:\/\/sebastienchampagne.com\/fr\/#website"},"primaryImageOfPage":{"@id":"https:\/\/sebastienchampagne.com\/fr\/ressources\/#primaryimage"},"datePublished":"2016-09-13T19:08:08+00:00","dateModified":"2026-01-29T17:05:03+00:00","breadcrumb":{"@id":"https:\/\/sebastienchampagne.com\/fr\/ressources\/#breadcrumb"},"inLanguage":"fr-FR","potentialAction":[{"@type":"ReadAction","target":["https:\/\/sebastienchampagne.com\/fr\/ressources\/"]}]},{"@type":"BreadcrumbList","@id":"https:\/\/sebastienchampagne.com\/fr\/ressources\/#breadcrumb","itemListElement":[{"@type":"ListItem","position":1,"name":"Home","item":"https:\/\/sebastienchampagne.com\/fr\/"},{"@type":"ListItem","position":2,"name":"RESSOURCES"}]}]}},"_links":{"self":[{"href":"https:\/\/sebastienchampagne.com\/fr\/wp-json\/wp\/v2\/pages\/608"}],"collection":[{"href":"https:\/\/sebastienchampagne.com\/fr\/wp-json\/wp\/v2\/pages"}],"about":[{"href":"https:\/\/sebastienchampagne.com\/fr\/wp-json\/wp\/v2\/types\/page"}],"author":[{"embeddable":true,"href":"https:\/\/sebastienchampagne.com\/fr\/wp-json\/wp\/v2\/users\/1"}],"replies":[{"embeddable":true,"href":"https:\/\/sebastienchampagne.com\/fr\/wp-json\/wp\/v2\/comments?post=608"}],"version-history":[{"count":4,"href":"https:\/\/sebastienchampagne.com\/fr\/wp-json\/wp\/v2\/pages\/608\/revisions"}],"predecessor-version":[{"id":1830,"href":"https:\/\/sebastienchampagne.com\/fr\/wp-json\/wp\/v2\/pages\/608\/revisions\/1830"}],"wp:featuredmedia":[{"embeddable":true,"href":"https:\/\/sebastienchampagne.com\/fr\/wp-json\/wp\/v2\/media\/531"}],"wp:attachment":[{"href":"https:\/\/sebastienchampagne.com\/fr\/wp-json\/wp\/v2\/media?parent=608"}],"curies":[{"name":"wp","href":"https:\/\/api.w.org\/{rel}","templated":true}]}}