{"id":601,"date":"2016-10-24T14:43:20","date_gmt":"2016-10-24T18:43:20","guid":{"rendered":"http:\/\/simon.wps.dev\/fr\/home-purchase-overview\/"},"modified":"2026-02-06T08:56:20","modified_gmt":"2026-02-06T13:56:20","slug":"acheter-une-maison","status":"publish","type":"page","link":"https:\/\/sebastienchampagne.com\/fr\/services\/acheter-une-maison\/","title":{"rendered":"\u00a0Acheter une maison au Qu\u00e9bec avec un accompagnement personnalis\u00e9."},"content":{"rendered":"<h2 data-start=\"2160\" data-end=\"2205\">Acheter une propri\u00e9t\u00e9 : l\u2019achat d\u2019une vie<\/h2>\n<p data-start=\"2207\" data-end=\"2496\">Acheter une propri\u00e9t\u00e9 au Qu\u00e9bec est, pour beaucoup de gens, le plus gros achat de leur vie.<br data-start=\"2292\" data-end=\"2295\" \/>C\u2019est pourquoi il est essentiel de prendre le temps de bien analyser ses besoins, son budget et ses options de financement, et surtout, d\u2019\u00eatre bien entour\u00e9 du d\u00e9but jusqu\u2019\u00e0 la fin du processus.<\/p>\n<p data-start=\"2498\" data-end=\"2743\">Acheter une maison, c\u2019est un peu comme entreprendre un voyage important :<br data-start=\"2571\" data-end=\"2574\" \/>si le plan est clair, que le financement est bien structur\u00e9 et que la destination est d\u00e9finie, il n\u2019y a aucune raison que le parcours ne se d\u00e9roule pas correctement.<\/p>\n<p data-start=\"2745\" data-end=\"3008\">Aujourd\u2019hui, le co\u00fbt des propri\u00e9t\u00e9s est \u00e9lev\u00e9 et l\u2019acc\u00e8s \u00e0 la propri\u00e9t\u00e9 peut sembler difficile.<br data-start=\"2840\" data-end=\"2843\" \/>Cela dit, il est encore tout \u00e0 fait possible d\u2019acheter une maison, \u00e0 condition d\u2019\u00eatre disciplin\u00e9, bien inform\u00e9 et d\u2019utiliser les bonnes strat\u00e9gies hypoth\u00e9caires.<\/p>\n<p data-start=\"3010\" data-end=\"3264\">C\u2019est exactement l\u00e0 que mon r\u00f4le prend tout son sens.<br data-start=\"3063\" data-end=\"3066\" \/>Dans les sections suivantes, vous trouverez des pistes de solutions concr\u00e8tes pour l\u2019achat d\u2019une propri\u00e9t\u00e9, mais chaque situation \u00e9tant unique, un plan personnalis\u00e9 fait toute la diff\u00e9rence.<\/p>\n<p data-start=\"3266\" data-end=\"3415\">N\u2019h\u00e9sitez pas \u00e0 me contacter afin que je puisse vous accompagner et adapter une strat\u00e9gie d\u2019achat et de financement hypoth\u00e9caire \u00e0 votre r\u00e9alit\u00e9.<\/p>\n<p>&nbsp;<\/p>\n<hr data-start=\"787\" data-end=\"790\" \/>\n<h2 data-start=\"792\" data-end=\"839\">Le processus d\u2019achat, expliqu\u00e9 simplement<\/h2>\n<h3 data-start=\"841\" data-end=\"887\">1. Analyse de votre situation financi\u00e8re<\/h3>\n<p data-start=\"888\" data-end=\"1135\">Tout commence par une rencontre. Nous prenons le temps d\u2019analyser ensemble vos revenus, vos dettes, votre \u00e9pargne et vos objectifs. Cette \u00e9tape permet de d\u00e9terminer votre capacit\u00e9 d\u2019emprunt r\u00e9elle, sans mettre en p\u00e9ril votre confort financier.<\/p>\n<h3 data-start=\"1137\" data-end=\"1162\">2. La mise de fonds<\/h3>\n<p data-start=\"1163\" data-end=\"1235\">La mise de fonds correspond au montant que vous investissez au d\u00e9part.<\/p>\n<ul data-start=\"1236\" data-end=\"1402\">\n<li data-start=\"1236\" data-end=\"1320\">\n<p data-start=\"1238\" data-end=\"1320\">Le minimum est g\u00e9n\u00e9ralement de 5 % pour une propri\u00e9t\u00e9 de 500 000 $ et moins.<\/p>\n<\/li>\n<li data-start=\"1321\" data-end=\"1402\">\n<p data-start=\"1323\" data-end=\"1402\">\u00c0 partir de 20 %, il est possible d\u2019\u00e9viter l\u2019assurance pr\u00eat hypoth\u00e9caire.<\/p>\n<\/li>\n<\/ul>\n<p data-start=\"1404\" data-end=\"1531\">Nous choisissons ensemble la strat\u00e9gie la plus adapt\u00e9e \u00e0 votre situation, selon vos objectifs et votre tol\u00e9rance au risque.<\/p>\n<h3 data-start=\"1533\" data-end=\"1572\">3. La pr\u00e9approbation hypoth\u00e9caire<\/h3>\n<p data-start=\"1573\" data-end=\"1607\">La pr\u00e9approbation vous permet de :<\/p>\n<ul data-start=\"1608\" data-end=\"1766\">\n<li data-start=\"1608\" data-end=\"1645\">\n<p data-start=\"1610\" data-end=\"1645\">conna\u00eetre pr\u00e9cis\u00e9ment votre budget,<\/p>\n<\/li>\n<li data-start=\"1646\" data-end=\"1666\">\n<p data-start=\"1648\" data-end=\"1666\">s\u00e9curiser un taux,<\/p>\n<\/li>\n<li data-start=\"1667\" data-end=\"1710\">\n<p data-start=\"1669\" data-end=\"1710\">magasiner votre propri\u00e9t\u00e9 avec confiance,<\/p>\n<\/li>\n<li data-start=\"1711\" data-end=\"1766\">\n<p data-start=\"1713\" data-end=\"1766\">et rassurer les vendeurs lors de votre offre d\u2019achat.<\/p>\n<\/li>\n<\/ul>\n<h3 data-start=\"1768\" data-end=\"1805\">4. La recherche de la propri\u00e9t\u00e9<\/h3>\n<p data-start=\"1806\" data-end=\"1945\">Avec un budget clair, vous pouvez entamer votre recherche de maison ou de condo en toute s\u00e9r\u00e9nit\u00e9, accompagn\u00e9 de votre courtier immobilier.<\/p>\n<h3 data-start=\"1947\" data-end=\"1995\">5. L\u2019offre d\u2019achat et le financement final<\/h3>\n<p data-start=\"1996\" data-end=\"2185\">Une fois l\u2019offre accept\u00e9e, j\u2019effectue pour vous les d\u00e9marches aupr\u00e8s de plusieurs institutions financi\u00e8res afin d\u2019obtenir la meilleure solution hypoth\u00e9caire possible, selon vos besoins.<\/p>\n<h3 data-start=\"2187\" data-end=\"2232\">6. Le notaire et la prise de possession<\/h3>\n<p data-start=\"2233\" data-end=\"2430\">Nous finalisons ensemble tous les d\u00e9tails financiers, incluant les frais de cl\u00f4ture (notaire, taxes, assurances). Vous arrivez au jour de la signature pr\u00e9par\u00e9, confiant.<\/p>\n<hr data-start=\"2432\" data-end=\"2435\" \/>\n<h2 data-start=\"2437\" data-end=\"2496\">Aides, cr\u00e9dits et subventions pour premiers acheteurs<\/h2>\n<p data-start=\"2498\" data-end=\"2585\">Si vous achetez votre premi\u00e8re propri\u00e9t\u00e9, plusieurs programmes peuvent vous aider :<\/p>\n<ul data-start=\"2587\" data-end=\"3032\">\n<li data-start=\"2587\" data-end=\"2756\">\n<p data-start=\"2589\" data-end=\"2756\"><strong data-start=\"2589\" data-end=\"2671\">CELIAPP (Compte d\u2019\u00e9pargne libre d\u2019imp\u00f4t pour l\u2019achat d\u2019une premi\u00e8re propri\u00e9t\u00e9)<\/strong><br data-start=\"2671\" data-end=\"2674\" \/>Un outil puissant pour accumuler votre mise de fonds avec des avantages fiscaux.<\/p>\n<\/li>\n<li data-start=\"2760\" data-end=\"2874\">\n<p data-start=\"2762\" data-end=\"2874\"><strong data-start=\"2762\" data-end=\"2819\">Cr\u00e9dit d\u2019imp\u00f4t pour l\u2019achat d\u2019une premi\u00e8re habitation<\/strong><br data-start=\"2819\" data-end=\"2822\" \/>Il permet d\u2019all\u00e9ger certains frais li\u00e9s \u00e0 l\u2019achat.<\/p>\n<\/li>\n<li data-start=\"2876\" data-end=\"3032\">\n<p data-start=\"2878\" data-end=\"3032\"><strong data-start=\"2878\" data-end=\"2918\">Programmes municipaux et provinciaux<\/strong><br data-start=\"2918\" data-end=\"2921\" \/>Certaines villes offrent des aides financi\u00e8res, des cong\u00e9s de taxes ou des subventions selon votre situation.<\/p>\n<\/li>\n<\/ul>\n<p data-start=\"3034\" data-end=\"3154\">Je vous aide \u00e0 identifier toutes les aides auxquelles vous \u00eates admissible, pour maximiser votre pouvoir d\u2019achat.<\/p>\n<hr data-start=\"3156\" data-end=\"3159\" \/>\n<h2 data-start=\"3161\" data-end=\"3209\">Strat\u00e9gies possibles pour la mise de fonds<\/h2>\n<p data-start=\"3211\" data-end=\"3301\">Chaque situation est unique. Voici quelques approches que nous pouvons analyser ensemble :<\/p>\n<ul data-start=\"3303\" data-end=\"3866\">\n<li data-start=\"3303\" data-end=\"3445\">\n<p data-start=\"3305\" data-end=\"3445\"><strong data-start=\"3305\" data-end=\"3337\">Mise de fonds minimale (5 %)<\/strong><br data-start=\"3337\" data-end=\"3340\" \/>Id\u00e9ale pour acc\u00e9der plus rapidement \u00e0 la propri\u00e9t\u00e9 tout en conservant des liquidit\u00e9s pour les impr\u00e9vus.<\/p>\n<\/li>\n<li data-start=\"3447\" data-end=\"3570\">\n<p data-start=\"3449\" data-end=\"3570\"><strong data-start=\"3449\" data-end=\"3482\">Mise de fonds de 20 % et plus<\/strong><br data-start=\"3482\" data-end=\"3485\" \/>Permet d\u2019\u00e9viter l\u2019assurance pr\u00eat hypoth\u00e9caire et de r\u00e9duire les paiements mensuels.<\/p>\n<\/li>\n<li data-start=\"3572\" data-end=\"3722\">\n<p data-start=\"3574\" data-end=\"3722\"><strong data-start=\"3574\" data-end=\"3596\">Strat\u00e9gie combin\u00e9e<\/strong><br data-start=\"3596\" data-end=\"3599\" \/>\u00c9pargne personnelle, CELIAPP, REER (RAP), aides gouvernementales : il est souvent possible de combiner plusieurs sources.<\/p>\n<\/li>\n<li data-start=\"3724\" data-end=\"3866\">\n<p data-start=\"3726\" data-end=\"3866\"><strong data-start=\"3726\" data-end=\"3757\">Planification \u00e0 moyen terme<\/strong><br data-start=\"3757\" data-end=\"3760\" \/>Si vous n\u2019\u00eates pas pr\u00eat \u00e0 acheter imm\u00e9diatement, je peux vous aider \u00e0 b\u00e2tir un plan d\u2019\u00e9pargne structur\u00e9.<\/p>\n<\/li>\n<\/ul>\n<p data-start=\"3868\" data-end=\"3989\">Mon objectif est simple : vous proposer la solution la plus saine et la plus s\u00e9curitaire pour votre avenir financier.<\/p>\n<hr data-start=\"3991\" data-end=\"3994\" \/>\n<h2 data-start=\"3996\" data-end=\"4045\">Un accompagnement humain, du d\u00e9but \u00e0 la fin<\/h2>\n<p data-start=\"4047\" data-end=\"4130\">Ce qui me distingue, c\u2019est avant tout mon approche humaine. Je prends le temps de :<\/p>\n<ul data-start=\"4131\" data-end=\"4346\">\n<li data-start=\"4131\" data-end=\"4172\">\n<p data-start=\"4133\" data-end=\"4172\">vous expliquer chaque \u00e9tape clairement,<\/p>\n<\/li>\n<li data-start=\"4173\" data-end=\"4207\">\n<p data-start=\"4175\" data-end=\"4207\">r\u00e9pondre \u00e0 toutes vos questions,<\/p>\n<\/li>\n<li data-start=\"4208\" data-end=\"4241\">\n<p data-start=\"4210\" data-end=\"4241\">comparer les options pour vous,<\/p>\n<\/li>\n<li data-start=\"4242\" data-end=\"4280\">\n<p data-start=\"4244\" data-end=\"4280\">vous informer des programmes d\u2019aide,<\/p>\n<\/li>\n<li data-start=\"4281\" data-end=\"4346\">\n<p data-start=\"4283\" data-end=\"4346\">et surtout, vous accompagner sans pression, \u00e0 votre rythme.<\/p>\n<\/li>\n<\/ul>\n<p data-start=\"4348\" data-end=\"4503\">Vous n\u2019\u00eates jamais seul dans votre d\u00e9marche. Je suis l\u00e0 pour vous guider, vous rassurer et vous aider \u00e0 faire les meilleurs choix pour votre projet de vie.<\/p>\n<hr data-start=\"4505\" data-end=\"4508\" \/>\n<h2 data-start=\"4510\" data-end=\"4548\">Pr\u00eat \u00e0 discuter de votre projet?<\/h2>\n<p data-start=\"4550\" data-end=\"4753\">Que vous soyez au tout d\u00e9but de votre r\u00e9flexion ou d\u00e9j\u00e0 pr\u00eat \u00e0 acheter, je vous invite \u00e0 me contacter pour une rencontre sans engagement. Ensemble, nous b\u00e2tirons un plan solide et adapt\u00e9 \u00e0 votre r\u00e9alit\u00e9.<\/p>\n<div style=\"margin-top: 40px; margin-bottom: 50px; display: flex; justify-content: center;\"><a style=\"display: inline-block; background: #f5c400; color: #003366; padding: 0px 34px 20px 34px; font-weight: bold; font-size: 16px; border-radius: 8px; text-decoration: none; box-shadow: 0 6px 14px rgba(0,0,0,0.15);\" href=\"https:\/\/sebastienchampagne.com\/fr\/contact\/\"><br \/>\n\ud83d\udcde Parler \u00e0 un expert<br \/>\n<\/a><\/div>\n<blockquote data-start=\"1137\" data-end=\"1271\"><p>&nbsp;<\/p><\/blockquote>\n","protected":false},"excerpt":{"rendered":"<p>L\u2019achat d\u2019une propri\u00e9t\u00e9 est une d\u00e9cision majeure. Un accompagnement expert et personnalis\u00e9 vous assure de bien planifier chaque \u00e9tape, d\u2019\u00e9viter les pi\u00e8ges fr\u00e9quents et de s\u00e9curiser votre investissement.<\/p>\n","protected":false},"author":1,"featured_media":1451,"parent":629,"menu_order":0,"comment_status":"closed","ping_status":"closed","template":"","meta":[],"yoast_head":"<!-- This site is optimized with the Yoast SEO plugin v17.1 - https:\/\/yoast.com\/wordpress\/plugins\/seo\/ -->\n<meta name=\"description\" content=\"Besoin d\u2019un courtier hypoth\u00e9caire pour l\u2019achat de votre maison? Je vous accompagne dans tout le processus \u2014 financement, conseils, tranquillit\u00e9 d\u2019esprit.\" \/>\n<meta name=\"robots\" content=\"index, follow, max-snippet:-1, max-image-preview:large, max-video-preview:-1\" \/>\n<link rel=\"canonical\" href=\"https:\/\/sebastienchampagne.com\/fr\/services\/acheter-une-maison\/\" \/>\n<meta property=\"og:locale\" content=\"fr_FR\" \/>\n<meta property=\"og:type\" content=\"article\" \/>\n<meta property=\"og:title\" content=\"\u00a0Acheter une maison au Qu\u00e9bec avec un accompagnement personnalis\u00e9. - Dominion Lending Centres\" \/>\n<meta property=\"og:description\" content=\"Besoin d\u2019un courtier hypoth\u00e9caire pour l\u2019achat de votre maison? Je vous accompagne dans tout le processus \u2014 financement, conseils, tranquillit\u00e9 d\u2019esprit.\" \/>\n<meta property=\"og:url\" content=\"https:\/\/sebastienchampagne.com\/fr\/services\/acheter-une-maison\/\" \/>\n<meta property=\"og:site_name\" content=\"Dominion Lending Centres\" \/>\n<meta property=\"article:modified_time\" content=\"2026-02-06T13:56:20+00:00\" \/>\n<meta property=\"og:image\" content=\"https:\/\/sebastienchampagne.com\/wp-content\/uploads\/2025\/12\/getty-images-31ALlbij22M-unsplash-scaled.jpg\" \/>\n\t<meta property=\"og:image:width\" content=\"2560\" \/>\n\t<meta property=\"og:image:height\" content=\"1707\" \/>\n<meta name=\"twitter:card\" content=\"summary\" \/>\n<meta name=\"twitter:label1\" content=\"Dur\u00e9e de lecture est.\" \/>\n\t<meta name=\"twitter:data1\" content=\"3 minutes\" \/>\n<script type=\"application\/ld+json\" class=\"yoast-schema-graph\">{\"@context\":\"https:\/\/schema.org\",\"@graph\":[{\"@type\":\"Organization\",\"@id\":\"https:\/\/sebastienchampagne.com\/fr\/#organization\",\"name\":\"Centres Hypoth\\u00e9caires Dominion\",\"url\":\"https:\/\/sebastienchampagne.com\/fr\/\",\"sameAs\":[],\"logo\":{\"@type\":\"ImageObject\",\"@id\":\"https:\/\/sebastienchampagne.com\/fr\/#logo\",\"inLanguage\":\"fr-FR\",\"url\":\"https:\/\/sebastienchampagne.com\/wp-content\/uploads\/2017\/01\/vector_DLC1.jpg\",\"contentUrl\":\"https:\/\/sebastienchampagne.com\/wp-content\/uploads\/2017\/01\/vector_DLC1.jpg\",\"width\":369,\"height\":173,\"caption\":\"Centres Hypoth\\u00e9caires Dominion\"},\"image\":{\"@id\":\"https:\/\/sebastienchampagne.com\/fr\/#logo\"}},{\"@type\":\"WebSite\",\"@id\":\"https:\/\/sebastienchampagne.com\/fr\/#website\",\"url\":\"https:\/\/sebastienchampagne.com\/fr\/\",\"name\":\"Dominion Lending Centres\",\"description\":\"DLC Broker Site\",\"publisher\":{\"@id\":\"https:\/\/sebastienchampagne.com\/fr\/#organization\"},\"potentialAction\":[{\"@type\":\"SearchAction\",\"target\":{\"@type\":\"EntryPoint\",\"urlTemplate\":\"https:\/\/sebastienchampagne.com\/fr\/?s={search_term_string}\"},\"query-input\":\"required name=search_term_string\"}],\"inLanguage\":\"fr-FR\"},{\"@type\":\"ImageObject\",\"@id\":\"https:\/\/sebastienchampagne.com\/fr\/services\/acheter-une-maison\/#primaryimage\",\"inLanguage\":\"fr-FR\",\"url\":\"https:\/\/sebastienchampagne.com\/wp-content\/uploads\/2025\/12\/getty-images-31ALlbij22M-unsplash-scaled.jpg\",\"contentUrl\":\"https:\/\/sebastienchampagne.com\/wp-content\/uploads\/2025\/12\/getty-images-31ALlbij22M-unsplash-scaled.jpg\",\"width\":2560,\"height\":1707,\"caption\":\"Rencontre avec nouveaux acheteurs\"},{\"@type\":\"WebPage\",\"@id\":\"https:\/\/sebastienchampagne.com\/fr\/services\/acheter-une-maison\/#webpage\",\"url\":\"https:\/\/sebastienchampagne.com\/fr\/services\/acheter-une-maison\/\",\"name\":\"\\u00a0Acheter une maison au Qu\\u00e9bec avec un accompagnement personnalis\\u00e9. - Dominion Lending Centres\",\"isPartOf\":{\"@id\":\"https:\/\/sebastienchampagne.com\/fr\/#website\"},\"primaryImageOfPage\":{\"@id\":\"https:\/\/sebastienchampagne.com\/fr\/services\/acheter-une-maison\/#primaryimage\"},\"datePublished\":\"2016-10-24T18:43:20+00:00\",\"dateModified\":\"2026-02-06T13:56:20+00:00\",\"description\":\"Besoin d\\u2019un courtier hypoth\\u00e9caire pour l\\u2019achat de votre maison? Je vous accompagne dans tout le processus \\u2014 financement, conseils, tranquillit\\u00e9 d\\u2019esprit.\",\"breadcrumb\":{\"@id\":\"https:\/\/sebastienchampagne.com\/fr\/services\/acheter-une-maison\/#breadcrumb\"},\"inLanguage\":\"fr-FR\",\"potentialAction\":[{\"@type\":\"ReadAction\",\"target\":[\"https:\/\/sebastienchampagne.com\/fr\/services\/acheter-une-maison\/\"]}]},{\"@type\":\"BreadcrumbList\",\"@id\":\"https:\/\/sebastienchampagne.com\/fr\/services\/acheter-une-maison\/#breadcrumb\",\"itemListElement\":[{\"@type\":\"ListItem\",\"position\":1,\"name\":\"Home\",\"item\":\"https:\/\/sebastienchampagne.com\/fr\/\"},{\"@type\":\"ListItem\",\"position\":2,\"name\":\"SERVICES HYPOTH\\u00c9CAIRES\",\"item\":\"https:\/\/sebastienchampagne.com\/fr\/services\/\"},{\"@type\":\"ListItem\",\"position\":3,\"name\":\"\\u00a0Acheter une maison au Qu\\u00e9bec avec un accompagnement personnalis\\u00e9.\"}]}]}<\/script>\n<!-- \/ Yoast SEO plugin. -->","yoast_head_json":{"description":"Besoin d\u2019un courtier hypoth\u00e9caire pour l\u2019achat de votre maison? Je vous accompagne dans tout le processus \u2014 financement, conseils, tranquillit\u00e9 d\u2019esprit.","robots":{"index":"index","follow":"follow","max-snippet":"max-snippet:-1","max-image-preview":"max-image-preview:large","max-video-preview":"max-video-preview:-1"},"canonical":"https:\/\/sebastienchampagne.com\/fr\/services\/acheter-une-maison\/","og_locale":"fr_FR","og_type":"article","og_title":"\u00a0Acheter une maison au Qu\u00e9bec avec un accompagnement personnalis\u00e9. - Dominion Lending Centres","og_description":"Besoin d\u2019un courtier hypoth\u00e9caire pour l\u2019achat de votre maison? Je vous accompagne dans tout le processus \u2014 financement, conseils, tranquillit\u00e9 d\u2019esprit.","og_url":"https:\/\/sebastienchampagne.com\/fr\/services\/acheter-une-maison\/","og_site_name":"Dominion Lending Centres","article_modified_time":"2026-02-06T13:56:20+00:00","og_image":[{"width":2560,"height":1707,"url":"https:\/\/sebastienchampagne.com\/wp-content\/uploads\/2025\/12\/getty-images-31ALlbij22M-unsplash-scaled.jpg","path":"\/var\/www\/sites\/wps\/sites\/code\/wp-content\/uploads\/2025\/12\/getty-images-31ALlbij22M-unsplash-scaled.jpg","size":"full","id":1451,"alt":"Rencontre avec nouveaux acheteurs","pixels":4369920,"type":"image\/jpeg"}],"twitter_card":"summary","twitter_misc":{"Dur\u00e9e de lecture est.":"3 minutes"},"schema":{"@context":"https:\/\/schema.org","@graph":[{"@type":"Organization","@id":"https:\/\/sebastienchampagne.com\/fr\/#organization","name":"Centres Hypoth\u00e9caires Dominion","url":"https:\/\/sebastienchampagne.com\/fr\/","sameAs":[],"logo":{"@type":"ImageObject","@id":"https:\/\/sebastienchampagne.com\/fr\/#logo","inLanguage":"fr-FR","url":"https:\/\/sebastienchampagne.com\/wp-content\/uploads\/2017\/01\/vector_DLC1.jpg","contentUrl":"https:\/\/sebastienchampagne.com\/wp-content\/uploads\/2017\/01\/vector_DLC1.jpg","width":369,"height":173,"caption":"Centres Hypoth\u00e9caires Dominion"},"image":{"@id":"https:\/\/sebastienchampagne.com\/fr\/#logo"}},{"@type":"WebSite","@id":"https:\/\/sebastienchampagne.com\/fr\/#website","url":"https:\/\/sebastienchampagne.com\/fr\/","name":"Dominion Lending Centres","description":"DLC Broker Site","publisher":{"@id":"https:\/\/sebastienchampagne.com\/fr\/#organization"},"potentialAction":[{"@type":"SearchAction","target":{"@type":"EntryPoint","urlTemplate":"https:\/\/sebastienchampagne.com\/fr\/?s={search_term_string}"},"query-input":"required name=search_term_string"}],"inLanguage":"fr-FR"},{"@type":"ImageObject","@id":"https:\/\/sebastienchampagne.com\/fr\/services\/acheter-une-maison\/#primaryimage","inLanguage":"fr-FR","url":"https:\/\/sebastienchampagne.com\/wp-content\/uploads\/2025\/12\/getty-images-31ALlbij22M-unsplash-scaled.jpg","contentUrl":"https:\/\/sebastienchampagne.com\/wp-content\/uploads\/2025\/12\/getty-images-31ALlbij22M-unsplash-scaled.jpg","width":2560,"height":1707,"caption":"Rencontre avec nouveaux acheteurs"},{"@type":"WebPage","@id":"https:\/\/sebastienchampagne.com\/fr\/services\/acheter-une-maison\/#webpage","url":"https:\/\/sebastienchampagne.com\/fr\/services\/acheter-une-maison\/","name":"\u00a0Acheter une maison au Qu\u00e9bec avec un accompagnement personnalis\u00e9. - Dominion Lending Centres","isPartOf":{"@id":"https:\/\/sebastienchampagne.com\/fr\/#website"},"primaryImageOfPage":{"@id":"https:\/\/sebastienchampagne.com\/fr\/services\/acheter-une-maison\/#primaryimage"},"datePublished":"2016-10-24T18:43:20+00:00","dateModified":"2026-02-06T13:56:20+00:00","description":"Besoin d\u2019un courtier hypoth\u00e9caire pour l\u2019achat de votre maison? Je vous accompagne dans tout le processus \u2014 financement, conseils, tranquillit\u00e9 d\u2019esprit.","breadcrumb":{"@id":"https:\/\/sebastienchampagne.com\/fr\/services\/acheter-une-maison\/#breadcrumb"},"inLanguage":"fr-FR","potentialAction":[{"@type":"ReadAction","target":["https:\/\/sebastienchampagne.com\/fr\/services\/acheter-une-maison\/"]}]},{"@type":"BreadcrumbList","@id":"https:\/\/sebastienchampagne.com\/fr\/services\/acheter-une-maison\/#breadcrumb","itemListElement":[{"@type":"ListItem","position":1,"name":"Home","item":"https:\/\/sebastienchampagne.com\/fr\/"},{"@type":"ListItem","position":2,"name":"SERVICES HYPOTH\u00c9CAIRES","item":"https:\/\/sebastienchampagne.com\/fr\/services\/"},{"@type":"ListItem","position":3,"name":"\u00a0Acheter une maison au Qu\u00e9bec avec un accompagnement personnalis\u00e9."}]}]}},"_links":{"self":[{"href":"https:\/\/sebastienchampagne.com\/fr\/wp-json\/wp\/v2\/pages\/601"}],"collection":[{"href":"https:\/\/sebastienchampagne.com\/fr\/wp-json\/wp\/v2\/pages"}],"about":[{"href":"https:\/\/sebastienchampagne.com\/fr\/wp-json\/wp\/v2\/types\/page"}],"author":[{"embeddable":true,"href":"https:\/\/sebastienchampagne.com\/fr\/wp-json\/wp\/v2\/users\/1"}],"replies":[{"embeddable":true,"href":"https:\/\/sebastienchampagne.com\/fr\/wp-json\/wp\/v2\/comments?post=601"}],"version-history":[{"count":16,"href":"https:\/\/sebastienchampagne.com\/fr\/wp-json\/wp\/v2\/pages\/601\/revisions"}],"predecessor-version":[{"id":1555,"href":"https:\/\/sebastienchampagne.com\/fr\/wp-json\/wp\/v2\/pages\/601\/revisions\/1555"}],"up":[{"embeddable":true,"href":"https:\/\/sebastienchampagne.com\/fr\/wp-json\/wp\/v2\/pages\/629"}],"wp:featuredmedia":[{"embeddable":true,"href":"https:\/\/sebastienchampagne.com\/fr\/wp-json\/wp\/v2\/media\/1451"}],"wp:attachment":[{"href":"https:\/\/sebastienchampagne.com\/fr\/wp-json\/wp\/v2\/media?parent=601"}],"curies":[{"name":"wp","href":"https:\/\/api.w.org\/{rel}","templated":true}]}}