{"id":1842,"date":"2026-01-22T08:03:45","date_gmt":"2026-01-22T13:03:45","guid":{"rendered":"https:\/\/sebastienchampagne.com\/?page_id=1842"},"modified":"2026-03-19T17:12:34","modified_gmt":"2026-03-19T21:12:34","slug":"montreal-rive-nord","status":"publish","type":"page","link":"https:\/\/sebastienchampagne.com\/fr\/regions-desservies\/montreal-rive-nord\/","title":{"rendered":"Courtier hypoth\u00e9caire \u00e0 Montr\u00e9al &#038; Rive-Nord"},"content":{"rendered":"<h1 style=\"font-size: 28px; margin-bottom: 10px;\">Obtenez la meilleure solution hypoth\u00e9caire pour votre situation<\/h1>\n<p style=\"font-size: 18px; margin-bottom: 16px;\">Achat, renouvellement ou refinancement \u2014 simple, rapide, sans engagement.<\/p>\n<ul style=\"margin-top: 16px;\">\n<li>Comparaison des options sur le march\u00e9<\/li>\n<li>Conseils adapt\u00e9s \u00e0 votre situation<\/li>\n<li>Accompagnement personnalis\u00e9 du d\u00e9but \u00e0 la fin<\/li>\n<\/ul>\n<p style=\"margin-top: 16px; font-size: 14px; color: #555;\">Remplissez le formulaire en quelques secondes \u2014 je vous recontacte rapidement pour analyser votre situation.<\/p>\n<div id=\"formulaire\" style=\"margin-top: 20px;\"><script type=\"text\/javascript\">if(!gform){document.addEventListener(\"gform_main_scripts_loaded\",function(){gform.scriptsLoaded=!0}),window.addEventListener(\"DOMContentLoaded\",function(){gform.domLoaded=!0});var gform={domLoaded:!1,scriptsLoaded:!1,initializeOnLoaded:function(o){gform.domLoaded&&gform.scriptsLoaded?o():!gform.domLoaded&&gform.scriptsLoaded?window.addEventListener(\"DOMContentLoaded\",o):document.addEventListener(\"gform_main_scripts_loaded\",o)},hooks:{action:{},filter:{}},addAction:function(o,n,r,t){gform.addHook(\"action\",o,n,r,t)},addFilter:function(o,n,r,t){gform.addHook(\"filter\",o,n,r,t)},doAction:function(o){gform.doHook(\"action\",o,arguments)},applyFilters:function(o){return gform.doHook(\"filter\",o,arguments)},removeAction:function(o,n){gform.removeHook(\"action\",o,n)},removeFilter:function(o,n,r){gform.removeHook(\"filter\",o,n,r)},addHook:function(o,n,r,t,i){null==gform.hooks[o][n]&&(gform.hooks[o][n]=[]);var e=gform.hooks[o][n];null==i&&(i=n+\"_\"+e.length),null==t&&(t=10),gform.hooks[o][n].push({tag:i,callable:r,priority:t})},doHook:function(o,n,r){if(r=Array.prototype.slice.call(r,1),null!=gform.hooks[o][n]){var t,i=gform.hooks[o][n];i.sort(function(o,n){return o.priority-n.priority});for(var e=0;e<i.length;e++)\"function\"!=typeof(t=i[e].callable)&&(t=window[t]),\"action\"==o?t.apply(null,r):r[0]=t.apply(null,r)}if(\"filter\"==o)return r[0]},removeHook:function(o,n,r,t){if(null!=gform.hooks[o][n])for(var i=gform.hooks[o][n],e=i.length-1;0<=e;e--)null!=t&&t!=i[e].tag||null!=r&&r!=i[e].priority||i.splice(e,1)}}}<\/script>\n                <div class='gf_browser_gecko gform_wrapper gravity-theme' id='gform_wrapper_9' ><div id='gf_9' class='gform_anchor' tabindex='-1'><\/div><form method='post' enctype='multipart\/form-data' target='gform_ajax_frame_9' id='gform_9'  action='\/fr\/wp-json\/wp\/v2\/pages\/1842#gf_9' novalidate>\n                        <div class='gform_body gform-body'><div id='gform_fields_9' class='gform_fields top_label form_sublabel_below description_below'><div id=\"field_9_1\" class=\"gfield field_sublabel_below field_description_below gfield_visibility_visible\" ><label class='gfield_label' for='input_9_1' >NOM<\/label><div class='ginput_container ginput_container_text'><input name='input_1' id='input_9_1' type='text' value='' class='large'      aria-invalid=\"false\"   \/> <\/div><\/div><div id=\"field_9_2\" class=\"gfield field_sublabel_below field_description_below gfield_visibility_visible\" ><label class='gfield_label' for='input_9_2' >T\u00c9L\u00c9PHONE<\/label><div class='ginput_container ginput_container_text'><input name='input_2' id='input_9_2' type='text' value='' class='large'      aria-invalid=\"false\"   \/> <\/div><\/div><div id=\"field_9_3\" class=\"gfield field_sublabel_below field_description_below gfield_visibility_visible\" ><label class='gfield_label' for='input_9_3' >COURRIEL<\/label><div class='ginput_container ginput_container_text'><input name='input_3' id='input_9_3' type='text' value='' class='large'      aria-invalid=\"false\"   \/> <\/div><\/div><div id=\"field_9_4\" class=\"gfield gfield_html gfield_html_formatted gfield_no_follows_desc field_sublabel_below field_description_below gfield_visibility_visible\" ><p style=\"font-size:12px; color:#777;\">\nEn soumettant ce formulaire, vous acceptez d\u2019\u00eatre contact\u00e9 par t\u00e9l\u00e9phone ou courriel concernant votre demande.\n<\/p><\/div><div id=\"field_9_5\" class=\"gfield gform_validation_container field_sublabel_below field_description_below gfield_visibility_visible\" ><label class='gfield_label' for='input_9_5' >Phone<\/label><div class='ginput_container'><input name='input_5' id='input_9_5' type='text' value='' autocomplete='new-password'\/><\/div><div class='gfield_description' id='gfield_description_9_5'>Ce champ n\u2019est utilis\u00e9 qu\u2019\u00e0 des fins de validation et devrait rester inchang\u00e9.<\/div><\/div><\/div><\/div>\n        <div class='gform_footer top_label'> <input type='submit' id='gform_submit_button_9' class='gform_button button' value='Envoyer'  onclick='if(window[\"gf_submitting_9\"]){return false;}  if( !jQuery(\"#gform_9\")[0].checkValidity || jQuery(\"#gform_9\")[0].checkValidity()){window[\"gf_submitting_9\"]=true;}  ' onkeypress='if( event.keyCode == 13 ){ if(window[\"gf_submitting_9\"]){return false;} if( !jQuery(\"#gform_9\")[0].checkValidity || jQuery(\"#gform_9\")[0].checkValidity()){window[\"gf_submitting_9\"]=true;}  jQuery(\"#gform_9\").trigger(\"submit\",[true]); }' \/> <input type='hidden' name='gform_ajax' value='form_id=9&amp;title=&amp;description=&amp;tabindex=0' \/>\n            <input type='hidden' class='gform_hidden' name='is_submit_9' value='1' \/>\n            <input type='hidden' class='gform_hidden' name='gform_submit' value='9' \/>\n            \n            <input type='hidden' class='gform_hidden' name='gform_unique_id' value='' \/>\n            <input type='hidden' class='gform_hidden' name='state_9' value='WyJbXSIsIjBiNWMxODhiZjA3NWUwOGU4NmQxODE1MDQxMzJlMmQzIl0=' \/>\n            <input type='hidden' class='gform_hidden' name='gform_target_page_number_9' id='gform_target_page_number_9' value='0' \/>\n            <input type='hidden' class='gform_hidden' name='gform_source_page_number_9' id='gform_source_page_number_9' value='1' \/>\n            <input type='hidden' name='gform_field_values' value='' \/>\n            \n        <\/div>\n                        <\/form>\n                        <\/div>\n                <iframe style='display:none;width:0px;height:0px;' src='about:blank' name='gform_ajax_frame_9' id='gform_ajax_frame_9' title='Cette iframe contient la logique n\u00e9cessaire pour manipuler Gravity Forms avec Ajax.'><\/iframe>\n                <script type=\"text\/javascript\">\ngform.initializeOnLoaded( function() {gformInitSpinner( 9, 'https:\/\/sebastienchampagne.com\/wp-content\/plugins\/gravityforms\/images\/spinner.svg' );jQuery('#gform_ajax_frame_9').on('load',function(){var contents = jQuery(this).contents().find('*').html();var is_postback = contents.indexOf('GF_AJAX_POSTBACK') >= 0;if(!is_postback){return;}var form_content = jQuery(this).contents().find('#gform_wrapper_9');var is_confirmation = jQuery(this).contents().find('#gform_confirmation_wrapper_9').length > 0;var is_redirect = contents.indexOf('gformRedirect(){') >= 0;var is_form = form_content.length > 0 && ! is_redirect && ! is_confirmation;var mt = parseInt(jQuery('html').css('margin-top'), 10) + parseInt(jQuery('body').css('margin-top'), 10) + 100;if(is_form){jQuery('#gform_wrapper_9').html(form_content.html());if(form_content.hasClass('gform_validation_error')){jQuery('#gform_wrapper_9').addClass('gform_validation_error');} else {jQuery('#gform_wrapper_9').removeClass('gform_validation_error');}setTimeout( function() { \/* delay the scroll by 50 milliseconds to fix a bug in chrome *\/ jQuery(document).scrollTop(jQuery('#gform_wrapper_9').offset().top - mt); }, 50 );if(window['gformInitDatepicker']) {gformInitDatepicker();}if(window['gformInitPriceFields']) {gformInitPriceFields();}var current_page = jQuery('#gform_source_page_number_9').val();gformInitSpinner( 9, 'https:\/\/sebastienchampagne.com\/wp-content\/plugins\/gravityforms\/images\/spinner.svg' );jQuery(document).trigger('gform_page_loaded', [9, current_page]);window['gf_submitting_9'] = false;}else if(!is_redirect){var confirmation_content = jQuery(this).contents().find('.GF_AJAX_POSTBACK').html();if(!confirmation_content){confirmation_content = contents;}setTimeout(function(){jQuery('#gform_wrapper_9').replaceWith(confirmation_content);jQuery(document).scrollTop(jQuery('#gf_9').offset().top - mt);jQuery(document).trigger('gform_confirmation_loaded', [9]);window['gf_submitting_9'] = false;wp.a11y.speak(jQuery('#gform_confirmation_message_9').text());}, 50);}else{jQuery('#gform_9').append(contents);if(window['gformRedirect']) {gformRedirect();}}jQuery(document).trigger('gform_post_render', [9, current_page]);} );} );\n<\/script>\n<\/div>\n<div style=\"margin-top: 16px; text-align: center;\">\n  <a href=\"tel:+14505771591\" \n     style=\"\n     display: inline-block;\n     padding: 10px 18px;\n     background: transparent;\n     color: #003366;\n     font-weight: 600;\n     border-radius: 6px;\n     text-decoration: none;\n     font-size: 15px;\n     border: none;\n  \"><br \/>\n    \ud83d\udcde 450-577-1591<br \/>\n  <\/a>\n<\/div>\n<p>&nbsp;<\/p>\n","protected":false},"excerpt":{"rendered":"<p>Des explications claires, sans pression, selon ta situation.<br \/>\nPremier contact simple, sans obligation.<br \/>\nAchat, renouvellement ou refinancement :<br \/>\nje t\u2019aide \u00e0 comprendre tes options avant de prendre une d\u00e9cision.<\/p>\n","protected":false},"author":4,"featured_media":0,"parent":1739,"menu_order":0,"comment_status":"closed","ping_status":"closed","template":"page-templates\/no-banner.php","meta":[],"yoast_head":"<!-- This site is optimized with the Yoast SEO plugin v17.1 - https:\/\/yoast.com\/wordpress\/plugins\/seo\/ -->\n<meta name=\"description\" content=\"Courtier hypoth\u00e9caire \u00e0 Montr\u00e9al et sur la Rive-Nord. Comparaison de taux, conseils humains et accompagnement personnalis\u00e9. Consultation gratuite.\" \/>\n<meta name=\"robots\" content=\"index, follow, max-snippet:-1, max-image-preview:large, max-video-preview:-1\" \/>\n<link rel=\"canonical\" href=\"https:\/\/sebastienchampagne.com\/fr\/regions-desservies\/montreal-rive-nord\/\" \/>\n<meta property=\"og:locale\" content=\"fr_FR\" \/>\n<meta property=\"og:type\" content=\"article\" \/>\n<meta property=\"og:title\" content=\"Courtier hypoth\u00e9caire \u00e0 Montr\u00e9al et sur la Rive-Nord | Accompagnement personnalis\u00e9\" \/>\n<meta property=\"og:description\" content=\"Courtier hypoth\u00e9caire \u00e0 Montr\u00e9al et sur la Rive-Nord. Comparaison de taux, conseils humains et accompagnement personnalis\u00e9. Consultation gratuite.\" \/>\n<meta property=\"og:url\" content=\"https:\/\/sebastienchampagne.com\/fr\/regions-desservies\/montreal-rive-nord\/\" \/>\n<meta property=\"og:site_name\" content=\"Dominion Lending Centres\" \/>\n<meta property=\"article:modified_time\" content=\"2026-03-19T21:12:34+00:00\" \/>\n<meta name=\"twitter:card\" content=\"summary\" \/>\n<meta name=\"twitter:label1\" content=\"Dur\u00e9e de lecture est.\" \/>\n\t<meta name=\"twitter:data1\" content=\"1 minute\" \/>\n<script type=\"application\/ld+json\" class=\"yoast-schema-graph\">{\"@context\":\"https:\/\/schema.org\",\"@graph\":[{\"@type\":\"Organization\",\"@id\":\"https:\/\/sebastienchampagne.com\/fr\/#organization\",\"name\":\"Centres Hypoth\\u00e9caires Dominion\",\"url\":\"https:\/\/sebastienchampagne.com\/fr\/\",\"sameAs\":[],\"logo\":{\"@type\":\"ImageObject\",\"@id\":\"https:\/\/sebastienchampagne.com\/fr\/#logo\",\"inLanguage\":\"fr-FR\",\"url\":\"https:\/\/sebastienchampagne.com\/wp-content\/uploads\/2017\/01\/vector_DLC1.jpg\",\"contentUrl\":\"https:\/\/sebastienchampagne.com\/wp-content\/uploads\/2017\/01\/vector_DLC1.jpg\",\"width\":369,\"height\":173,\"caption\":\"Centres Hypoth\\u00e9caires Dominion\"},\"image\":{\"@id\":\"https:\/\/sebastienchampagne.com\/fr\/#logo\"}},{\"@type\":\"WebSite\",\"@id\":\"https:\/\/sebastienchampagne.com\/fr\/#website\",\"url\":\"https:\/\/sebastienchampagne.com\/fr\/\",\"name\":\"Dominion Lending Centres\",\"description\":\"DLC Broker Site\",\"publisher\":{\"@id\":\"https:\/\/sebastienchampagne.com\/fr\/#organization\"},\"potentialAction\":[{\"@type\":\"SearchAction\",\"target\":{\"@type\":\"EntryPoint\",\"urlTemplate\":\"https:\/\/sebastienchampagne.com\/fr\/?s={search_term_string}\"},\"query-input\":\"required name=search_term_string\"}],\"inLanguage\":\"fr-FR\"},{\"@type\":\"WebPage\",\"@id\":\"https:\/\/sebastienchampagne.com\/fr\/regions-desservies\/montreal-rive-nord\/#webpage\",\"url\":\"https:\/\/sebastienchampagne.com\/fr\/regions-desservies\/montreal-rive-nord\/\",\"name\":\"Courtier hypoth\\u00e9caire \\u00e0 Montr\\u00e9al et sur la Rive-Nord | Accompagnement personnalis\\u00e9\",\"isPartOf\":{\"@id\":\"https:\/\/sebastienchampagne.com\/fr\/#website\"},\"datePublished\":\"2026-01-22T13:03:45+00:00\",\"dateModified\":\"2026-03-19T21:12:34+00:00\",\"description\":\"Courtier hypoth\\u00e9caire \\u00e0 Montr\\u00e9al et sur la Rive-Nord. Comparaison de taux, conseils humains et accompagnement personnalis\\u00e9. Consultation gratuite.\",\"breadcrumb\":{\"@id\":\"https:\/\/sebastienchampagne.com\/fr\/regions-desservies\/montreal-rive-nord\/#breadcrumb\"},\"inLanguage\":\"fr-FR\",\"potentialAction\":[{\"@type\":\"ReadAction\",\"target\":[\"https:\/\/sebastienchampagne.com\/fr\/regions-desservies\/montreal-rive-nord\/\"]}]},{\"@type\":\"BreadcrumbList\",\"@id\":\"https:\/\/sebastienchampagne.com\/fr\/regions-desservies\/montreal-rive-nord\/#breadcrumb\",\"itemListElement\":[{\"@type\":\"ListItem\",\"position\":1,\"name\":\"Home\",\"item\":\"https:\/\/sebastienchampagne.com\/fr\/\"},{\"@type\":\"ListItem\",\"position\":2,\"name\":\"R\\u00e9gions desservies par votre courtier hypoth\\u00e9caire\",\"item\":\"https:\/\/sebastienchampagne.com\/fr\/regions-desservies\/\"},{\"@type\":\"ListItem\",\"position\":3,\"name\":\"Courtier hypoth\\u00e9caire \\u00e0 Montr\\u00e9al &#038; Rive-Nord\"}]}]}<\/script>\n<!-- \/ Yoast SEO plugin. -->","yoast_head_json":{"description":"Courtier hypoth\u00e9caire \u00e0 Montr\u00e9al et sur la Rive-Nord. Comparaison de taux, conseils humains et accompagnement personnalis\u00e9. Consultation gratuite.","robots":{"index":"index","follow":"follow","max-snippet":"max-snippet:-1","max-image-preview":"max-image-preview:large","max-video-preview":"max-video-preview:-1"},"canonical":"https:\/\/sebastienchampagne.com\/fr\/regions-desservies\/montreal-rive-nord\/","og_locale":"fr_FR","og_type":"article","og_title":"Courtier hypoth\u00e9caire \u00e0 Montr\u00e9al et sur la Rive-Nord | Accompagnement personnalis\u00e9","og_description":"Courtier hypoth\u00e9caire \u00e0 Montr\u00e9al et sur la Rive-Nord. Comparaison de taux, conseils humains et accompagnement personnalis\u00e9. Consultation gratuite.","og_url":"https:\/\/sebastienchampagne.com\/fr\/regions-desservies\/montreal-rive-nord\/","og_site_name":"Dominion Lending Centres","article_modified_time":"2026-03-19T21:12:34+00:00","twitter_card":"summary","twitter_misc":{"Dur\u00e9e de lecture est.":"1 minute"},"schema":{"@context":"https:\/\/schema.org","@graph":[{"@type":"Organization","@id":"https:\/\/sebastienchampagne.com\/fr\/#organization","name":"Centres Hypoth\u00e9caires Dominion","url":"https:\/\/sebastienchampagne.com\/fr\/","sameAs":[],"logo":{"@type":"ImageObject","@id":"https:\/\/sebastienchampagne.com\/fr\/#logo","inLanguage":"fr-FR","url":"https:\/\/sebastienchampagne.com\/wp-content\/uploads\/2017\/01\/vector_DLC1.jpg","contentUrl":"https:\/\/sebastienchampagne.com\/wp-content\/uploads\/2017\/01\/vector_DLC1.jpg","width":369,"height":173,"caption":"Centres Hypoth\u00e9caires Dominion"},"image":{"@id":"https:\/\/sebastienchampagne.com\/fr\/#logo"}},{"@type":"WebSite","@id":"https:\/\/sebastienchampagne.com\/fr\/#website","url":"https:\/\/sebastienchampagne.com\/fr\/","name":"Dominion Lending Centres","description":"DLC Broker Site","publisher":{"@id":"https:\/\/sebastienchampagne.com\/fr\/#organization"},"potentialAction":[{"@type":"SearchAction","target":{"@type":"EntryPoint","urlTemplate":"https:\/\/sebastienchampagne.com\/fr\/?s={search_term_string}"},"query-input":"required name=search_term_string"}],"inLanguage":"fr-FR"},{"@type":"WebPage","@id":"https:\/\/sebastienchampagne.com\/fr\/regions-desservies\/montreal-rive-nord\/#webpage","url":"https:\/\/sebastienchampagne.com\/fr\/regions-desservies\/montreal-rive-nord\/","name":"Courtier hypoth\u00e9caire \u00e0 Montr\u00e9al et sur la Rive-Nord | Accompagnement personnalis\u00e9","isPartOf":{"@id":"https:\/\/sebastienchampagne.com\/fr\/#website"},"datePublished":"2026-01-22T13:03:45+00:00","dateModified":"2026-03-19T21:12:34+00:00","description":"Courtier hypoth\u00e9caire \u00e0 Montr\u00e9al et sur la Rive-Nord. Comparaison de taux, conseils humains et accompagnement personnalis\u00e9. Consultation gratuite.","breadcrumb":{"@id":"https:\/\/sebastienchampagne.com\/fr\/regions-desservies\/montreal-rive-nord\/#breadcrumb"},"inLanguage":"fr-FR","potentialAction":[{"@type":"ReadAction","target":["https:\/\/sebastienchampagne.com\/fr\/regions-desservies\/montreal-rive-nord\/"]}]},{"@type":"BreadcrumbList","@id":"https:\/\/sebastienchampagne.com\/fr\/regions-desservies\/montreal-rive-nord\/#breadcrumb","itemListElement":[{"@type":"ListItem","position":1,"name":"Home","item":"https:\/\/sebastienchampagne.com\/fr\/"},{"@type":"ListItem","position":2,"name":"R\u00e9gions desservies par votre courtier hypoth\u00e9caire","item":"https:\/\/sebastienchampagne.com\/fr\/regions-desservies\/"},{"@type":"ListItem","position":3,"name":"Courtier hypoth\u00e9caire \u00e0 Montr\u00e9al &#038; Rive-Nord"}]}]}},"_links":{"self":[{"href":"https:\/\/sebastienchampagne.com\/fr\/wp-json\/wp\/v2\/pages\/1842"}],"collection":[{"href":"https:\/\/sebastienchampagne.com\/fr\/wp-json\/wp\/v2\/pages"}],"about":[{"href":"https:\/\/sebastienchampagne.com\/fr\/wp-json\/wp\/v2\/types\/page"}],"author":[{"embeddable":true,"href":"https:\/\/sebastienchampagne.com\/fr\/wp-json\/wp\/v2\/users\/4"}],"replies":[{"embeddable":true,"href":"https:\/\/sebastienchampagne.com\/fr\/wp-json\/wp\/v2\/comments?post=1842"}],"version-history":[{"count":42,"href":"https:\/\/sebastienchampagne.com\/fr\/wp-json\/wp\/v2\/pages\/1842\/revisions"}],"predecessor-version":[{"id":1975,"href":"https:\/\/sebastienchampagne.com\/fr\/wp-json\/wp\/v2\/pages\/1842\/revisions\/1975"}],"up":[{"embeddable":true,"href":"https:\/\/sebastienchampagne.com\/fr\/wp-json\/wp\/v2\/pages\/1739"}],"wp:attachment":[{"href":"https:\/\/sebastienchampagne.com\/fr\/wp-json\/wp\/v2\/media?parent=1842"}],"curies":[{"name":"wp","href":"https:\/\/api.w.org\/{rel}","templated":true}]}}