{"id":1814,"date":"2025-12-26T16:27:26","date_gmt":"2025-12-26T21:27:26","guid":{"rendered":"https:\/\/sebastienchampagne.com\/?page_id=1814"},"modified":"2026-01-07T18:19:39","modified_gmt":"2026-01-07T23:19:39","slug":"a-propos","status":"publish","type":"page","link":"https:\/\/sebastienchampagne.com\/fr\/a-propos\/","title":{"rendered":"\u00c0 propos"},"content":{"rendered":"<h2 data-start=\"428\" data-end=\"474\">Courtier hypoth\u00e9caire | S\u00e9bastien Champagne<\/h2>\n<p data-start=\"476\" data-end=\"642\"><img loading=\"lazy\" class=\"wp-image-1497 size-medium alignleft\" src=\"https:\/\/sebastienchampagne.com\/wp-content\/uploads\/2025\/12\/Photo-a\u0300-propos-de-moi-e1766783344483-300x300.jpg\" alt=\"S\u00e9bastien Champagne, courtier hypoth\u00e9caire au Qu\u00e9bec\" width=\"300\" height=\"300\" srcset=\"https:\/\/sebastienchampagne.com\/wp-content\/uploads\/2025\/12\/Photo-a\u0300-propos-de-moi-e1766783344483-300x300.jpg 300w, https:\/\/sebastienchampagne.com\/wp-content\/uploads\/2025\/12\/Photo-a\u0300-propos-de-moi-e1766783344483-150x150.jpg 150w, https:\/\/sebastienchampagne.com\/wp-content\/uploads\/2025\/12\/Photo-a\u0300-propos-de-moi-e1766783344483-768x768.jpg 768w, https:\/\/sebastienchampagne.com\/wp-content\/uploads\/2025\/12\/Photo-a\u0300-propos-de-moi-e1766783344483.jpg 880w\" sizes=\"(max-width: 300px) 100vw, 300px\" \/><\/p>\n<p data-start=\"476\" data-end=\"642\">Choisir un courtier hypoth\u00e9caire, ce n\u2019est pas seulement une question de taux.<br data-start=\"554\" data-end=\"557\" \/>C\u2019est avant tout une question de confiance, de compr\u00e9hension et d\u2019accompagnement.<\/p>\n<p data-start=\"644\" data-end=\"904\">Je m\u2019appelle S\u00e9bastien Champagne, courtier hypoth\u00e9caire, et j\u2019accompagne mes clients avec une approche humaine, structur\u00e9e et transparente, afin qu\u2019ils puissent prendre des d\u00e9cisions \u00e9clair\u00e9es, en toute s\u00e9r\u00e9nit\u00e9, \u00e0 chaque \u00e9tape de leur parcours immobilier.<\/p>\n<hr data-start=\"906\" data-end=\"909\" \/>\n<h2 data-start=\"911\" data-end=\"966\"><\/h2>\n<h2 data-start=\"911\" data-end=\"966\">Pourquoi faire affaire avec un courtier hypoth\u00e9caire<\/h2>\n<p data-start=\"968\" data-end=\"1065\">Un courtier hypoth\u00e9caire agit comme un v\u00e9ritable alli\u00e9, et non comme un simple interm\u00e9diaire.<\/p>\n<p data-start=\"1067\" data-end=\"1135\">Contrairement \u00e0 une institution financi\u00e8re unique, mon r\u00f4le est de :<\/p>\n<ul data-start=\"1136\" data-end=\"1372\">\n<li data-start=\"1136\" data-end=\"1190\">\n<p data-start=\"1138\" data-end=\"1190\">analyser votre situation financi\u00e8re dans son ensemble<\/p>\n<\/li>\n<li data-start=\"1191\" data-end=\"1249\">\n<p data-start=\"1193\" data-end=\"1249\">comparer plusieurs pr\u00eateurs et solutions hypoth\u00e9caires<\/p>\n<\/li>\n<li data-start=\"1250\" data-end=\"1316\">\n<p data-start=\"1252\" data-end=\"1316\">n\u00e9gocier des conditions avantageuses en fonction de votre profil<\/p>\n<\/li>\n<li data-start=\"1317\" data-end=\"1372\">\n<p data-start=\"1319\" data-end=\"1372\">vous expliquer clairement chaque option, sans pression<\/p>\n<\/li>\n<\/ul>\n<p data-start=\"1374\" data-end=\"1520\">Mon objectif n\u2019est pas de vous diriger vers un produit, mais vers la meilleure strat\u00e9gie hypoth\u00e9caire pour aujourd\u2019hui et \u00e0 long terme.<\/p>\n<hr data-start=\"1522\" data-end=\"1525\" \/>\n<h2 data-start=\"1527\" data-end=\"1587\">Mon approche : personnalis\u00e9e, rigoureuse et bienveillante<\/h2>\n<p data-start=\"1589\" data-end=\"1677\">Chaque situation est diff\u00e9rente.<br data-start=\"1621\" data-end=\"1624\" \/>C\u2019est pourquoi je privil\u00e9gie une approche bas\u00e9e sur :<\/p>\n<ul data-start=\"1679\" data-end=\"1967\">\n<li data-start=\"1679\" data-end=\"1763\">\n<p data-start=\"1681\" data-end=\"1763\">L\u2019\u00e9coute active : comprendre vos objectifs r\u00e9els, pas seulement les chiffres<\/p>\n<\/li>\n<li data-start=\"1764\" data-end=\"1835\">\n<p data-start=\"1766\" data-end=\"1835\">La p\u00e9dagogie : vulgariser les aspects complexes de l\u2019hypoth\u00e8que<\/p>\n<\/li>\n<li data-start=\"1836\" data-end=\"1898\">\n<p data-start=\"1838\" data-end=\"1898\">La transparence : aucune surprise, aucun discours flou<\/p>\n<\/li>\n<li data-start=\"1899\" data-end=\"1967\">\n<p data-start=\"1901\" data-end=\"1967\">La strat\u00e9gie : penser au-del\u00e0 de la signature, pour l\u2019avenir<\/p>\n<\/li>\n<\/ul>\n<p data-start=\"1969\" data-end=\"1982\">Que tu sois :<\/p>\n<ul data-start=\"1983\" data-end=\"2084\">\n<li data-start=\"1983\" data-end=\"2003\">\n<p data-start=\"1985\" data-end=\"2003\">premier acheteur<\/p>\n<\/li>\n<li data-start=\"2004\" data-end=\"2056\">\n<p data-start=\"2006\" data-end=\"2056\">propri\u00e9taire souhaitant renouveler ou refinancer<\/p>\n<\/li>\n<li data-start=\"2057\" data-end=\"2084\">\n<p data-start=\"2059\" data-end=\"2084\">investisseur immobilier<\/p>\n<\/li>\n<\/ul>\n<p data-start=\"2086\" data-end=\"2164\">Mon r\u00f4le est de vous accompagner avec clart\u00e9 et structure, du d\u00e9but \u00e0 la fin.<\/p>\n<p><a class=\"btn-services\" href=\"https:\/\/sebastienchampagne.com\/fr\/services\/\"><br \/>\nD\u00e9couvrir mes services<br \/>\n<\/a><\/p>\n<hr data-start=\"2166\" data-end=\"2169\" \/>\n<h2 data-start=\"2171\" data-end=\"2217\">Les co\u00fbts d\u2019un professionnel hypoth\u00e9caire<\/h2>\n<h3 data-start=\"2218\" data-end=\"2252\">Ce que vous devez vraiment savoir<\/h3>\n<p data-start=\"2254\" data-end=\"2350\">Faire affaire avec un courtier hypoth\u00e9caire ne vous occasionne g\u00e9n\u00e9ralement aucun frais direct.<\/p>\n<p data-start=\"2352\" data-end=\"2381\">\ud83d\udc49 Dans la majorit\u00e9 des cas :<\/p>\n<ul data-start=\"2382\" data-end=\"2567\">\n<li data-start=\"2382\" data-end=\"2426\">\n<p data-start=\"2384\" data-end=\"2426\">mes services sont r\u00e9mun\u00e9r\u00e9s par le pr\u00eateur<\/p>\n<\/li>\n<li data-start=\"2427\" data-end=\"2499\">\n<p data-start=\"2429\" data-end=\"2499\">le taux obtenu est \u00e9quivalent ou meilleur que si vous n\u00e9gociez seul<\/p>\n<\/li>\n<li data-start=\"2500\" data-end=\"2567\">\n<p data-start=\"2502\" data-end=\"2567\">vous b\u00e9n\u00e9ficiez d\u2019un accompagnement complet sans frais additionnels<\/p>\n<\/li>\n<\/ul>\n<p data-start=\"2569\" data-end=\"2756\">Dans les situations particuli\u00e8res (dossiers complexes, pr\u00eateurs alternatifs), tout est expliqu\u00e9 clairement \u00e0 l\u2019avance, afin que voous prenniez une d\u00e9cision en toute connaissance de cause.<\/p>\n<p data-start=\"2758\" data-end=\"2815\">La transparence fait partie int\u00e9grante de mon engagement.<\/p>\n<p data-start=\"2758\" data-end=\"2815\"><img loading=\"lazy\" class=\"alignnone wp-image-1520 size-medium\" src=\"https:\/\/sebastienchampagne.com\/wp-content\/uploads\/2025\/12\/courtier-hypothecaire-rive-nord-grand-montreal-e1765904473263-300x169.jpg\" alt=\"Rencontre avec un courtier hypoth\u00e9caire sur la Rive-Nord pour un projet immobilier dans le Grand Montr\u00e9al\" width=\"300\" height=\"169\" srcset=\"https:\/\/sebastienchampagne.com\/wp-content\/uploads\/2025\/12\/courtier-hypothecaire-rive-nord-grand-montreal-e1765904473263-300x169.jpg 300w, https:\/\/sebastienchampagne.com\/wp-content\/uploads\/2025\/12\/courtier-hypothecaire-rive-nord-grand-montreal-e1765904473263-768x433.jpg 768w, https:\/\/sebastienchampagne.com\/wp-content\/uploads\/2025\/12\/courtier-hypothecaire-rive-nord-grand-montreal-e1765904473263.jpg 967w\" sizes=\"(max-width: 300px) 100vw, 300px\" \/><\/p>\n<hr data-start=\"2817\" data-end=\"2820\" \/>\n<h2 data-start=\"2822\" data-end=\"2856\">Mes partenaires hypoth\u00e9caires<\/h2>\n<h3 data-start=\"2857\" data-end=\"2899\">Fiabilit\u00e9, choix et solutions adapt\u00e9es<\/h3>\n<p data-start=\"2901\" data-end=\"2984\">Je travaille avec un large r\u00e9seau de partenaires hypoth\u00e9caires reconnus, incluant :<\/p>\n<ul data-start=\"2986\" data-end=\"3151\">\n<li data-start=\"2986\" data-end=\"3022\">\n<p data-start=\"2988\" data-end=\"3022\">grandes institutions financi\u00e8res<\/p>\n<\/li>\n<li data-start=\"3023\" data-end=\"3062\">\n<p data-start=\"3025\" data-end=\"3062\">pr\u00eateurs sp\u00e9cialis\u00e9s et alternatifs<\/p>\n<\/li>\n<li data-start=\"3063\" data-end=\"3151\">\n<p data-start=\"3065\" data-end=\"3151\">solutions adapt\u00e9es aux travailleurs autonomes, investisseurs et situations atypiques<\/p>\n<\/li>\n<\/ul>\n<p data-start=\"3153\" data-end=\"3183\">Cette diversit\u00e9 me permet de :<\/p>\n<ul data-start=\"3184\" data-end=\"3327\">\n<li data-start=\"3184\" data-end=\"3222\">\n<p data-start=\"3186\" data-end=\"3222\">comparer objectivement les options<\/p>\n<\/li>\n<li data-start=\"3223\" data-end=\"3276\">\n<p data-start=\"3225\" data-end=\"3276\">trouver des solutions l\u00e0 o\u00f9 une banque dirait non<\/p>\n<\/li>\n<li data-start=\"3277\" data-end=\"3327\">\n<p data-start=\"3279\" data-end=\"3327\">adapter la strat\u00e9gie hypoth\u00e9caire \u00e0 votre r\u00e9alit\u00e9<\/p>\n<\/li>\n<\/ul>\n<p data-start=\"3329\" data-end=\"3423\">\ud83d\udc49Vous b\u00e9n\u00e9ficiez ainsi d\u2019un acc\u00e8s \u00e9largi au march\u00e9, sans avoir \u00e0 multiplier les d\u00e9marches.<\/p>\n<hr data-start=\"3425\" data-end=\"3428\" \/>\n<h2 data-start=\"3430\" data-end=\"3498\">Un accompagnement humain, du premier contact jusqu\u2019\u00e0 la signature<\/h2>\n<p data-start=\"3500\" data-end=\"3555\">Mon engagement ne s\u2019arr\u00eate pas \u00e0 l\u2019obtention d\u2019un taux.<\/p>\n<p data-start=\"3557\" data-end=\"3574\">Je vous accompagne :<\/p>\n<ul data-start=\"3575\" data-end=\"3743\">\n<li data-start=\"3575\" data-end=\"3613\">\n<p data-start=\"3577\" data-end=\"3613\">avant l\u2019achat ou le renouvellement<\/p>\n<\/li>\n<li data-start=\"3614\" data-end=\"3653\">\n<p data-start=\"3616\" data-end=\"3653\">pendant l\u2019analyse et la n\u00e9gociation<\/p>\n<\/li>\n<li data-start=\"3654\" data-end=\"3694\">\n<p data-start=\"3656\" data-end=\"3694\">jusqu\u2019\u00e0 la signature chez le notaire<\/p>\n<\/li>\n<li data-start=\"3695\" data-end=\"3743\">\n<p data-start=\"3697\" data-end=\"3743\">et m\u00eame apr\u00e8s, pour r\u00e9pondre \u00e0 vos questions<\/p>\n<\/li>\n<\/ul>\n<p data-start=\"3745\" data-end=\"3832\">Parce qu\u2019un bon accompagnement hypoth\u00e9caire, c\u2019est aussi une relation \u00e0 long terme.<\/p>\n<hr data-start=\"3834\" data-end=\"3837\" \/>\n<h2 data-start=\"3839\" data-end=\"3863\">Parlons de votre projet<\/h2>\n<p data-start=\"3865\" data-end=\"3970\">Que vous soyez au d\u00e9but de votre r\u00e9flexion ou pr\u00eat \u00e0 passer \u00e0 l\u2019action, je suis l\u00e0 pour vous aider \u00e0 y voir clair.<\/p>\n<p data-start=\"3972\" data-end=\"4014\">\ud83d\udc49 <strong data-start=\"3975\" data-end=\"3997\">Parler \u00e0 un expert<\/strong>, c\u2019est obtenir :<\/p>\n<ul data-start=\"4015\" data-end=\"4099\">\n<li data-start=\"4015\" data-end=\"4039\">\n<p data-start=\"4017\" data-end=\"4039\">des r\u00e9ponses claires<\/p>\n<\/li>\n<li data-start=\"4040\" data-end=\"4063\">\n<p data-start=\"4042\" data-end=\"4063\">une analyse honn\u00eate<\/p>\n<\/li>\n<li data-start=\"4064\" data-end=\"4099\">\n<p data-start=\"4066\" data-end=\"4099\">un accompagnement sans pression<\/p>\n<\/li>\n<\/ul>\n<p data-start=\"4101\" data-end=\"4163\"><strong data-start=\"4101\" data-end=\"4163\">Contactez-moi d\u00e8s maintenant pour discuter de votre situation.<\/strong><\/p>\n<p><a class=\"btn-regions\" href=\"https:\/\/sebastienchampagne.com\/fr\/regions-desservies\/\"><br \/>\nVoir les r\u00e9gions desservies<br \/>\n<\/a><\/p>\n<p><a class=\"btn-contact\" href=\"https:\/\/sebastienchampagne.com\/fr\/contact\/\"><br \/>\nMe contacter<br \/>\n<\/a><\/p>\n","protected":false},"excerpt":{"rendered":"<p>Courtier hypoth\u00e9caire | S\u00e9bastien Champagne Choisir un courtier hypoth\u00e9caire, ce n\u2019est pas seulement une question de taux.C\u2019est avant tout une question de confiance, de compr\u00e9hension et d\u2019accompagnement. Je m\u2019appelle S\u00e9bastien Champagne, courtier hypoth\u00e9caire, et j\u2019accompagne mes clients avec une approche humaine, structur\u00e9e et transparente, afin qu\u2019ils puissent prendre des d\u00e9cisions \u00e9clair\u00e9es, en toute s\u00e9r\u00e9nit\u00e9, \u00e0 [&hellip;]<\/p>\n","protected":false},"author":4,"featured_media":0,"parent":0,"menu_order":0,"comment_status":"closed","ping_status":"closed","template":"page-templates\/no-banner.php","meta":[],"yoast_head":"<!-- This site is optimized with the Yoast SEO plugin v17.1 - https:\/\/yoast.com\/wordpress\/plugins\/seo\/ -->\n<meta name=\"description\" content=\"Courtier hypoth\u00e9caire offrant un accompagnement personnalis\u00e9, transparent et strat\u00e9gique. D\u00e9couvrez mon approche et mes partenaires hypoth\u00e9caires.\" \/>\n<meta name=\"robots\" content=\"noindex, follow\" \/>\n<meta property=\"og:locale\" content=\"fr_FR\" \/>\n<meta property=\"og:type\" content=\"article\" \/>\n<meta property=\"og:title\" content=\"Courtier hypoth\u00e9caire | S\u00e9bastien Champagne \u2013 Approche humaine et personnalis\u00e9e\" \/>\n<meta property=\"og:description\" content=\"Courtier hypoth\u00e9caire offrant un accompagnement personnalis\u00e9, transparent et strat\u00e9gique. D\u00e9couvrez mon approche et mes partenaires hypoth\u00e9caires.\" \/>\n<meta property=\"og:url\" content=\"https:\/\/sebastienchampagne.com\/fr\/a-propos\/\" \/>\n<meta property=\"og:site_name\" content=\"Dominion Lending Centres\" \/>\n<meta property=\"article:modified_time\" content=\"2026-01-07T23:19:39+00:00\" \/>\n<meta property=\"og:image\" content=\"https:\/\/sebastienchampagne.com\/wp-content\/uploads\/2025\/12\/Photo-a\u0300-propos-de-moi-e1766783344483-300x300.jpg\" \/>\n<meta name=\"twitter:card\" content=\"summary\" \/>\n<meta name=\"twitter:label1\" content=\"Dur\u00e9e de lecture est.\" \/>\n\t<meta name=\"twitter:data1\" content=\"3 minutes\" \/>\n<script type=\"application\/ld+json\" class=\"yoast-schema-graph\">{\"@context\":\"https:\/\/schema.org\",\"@graph\":[{\"@type\":\"Organization\",\"@id\":\"https:\/\/sebastienchampagne.com\/fr\/#organization\",\"name\":\"Centres Hypoth\\u00e9caires Dominion\",\"url\":\"https:\/\/sebastienchampagne.com\/fr\/\",\"sameAs\":[],\"logo\":{\"@type\":\"ImageObject\",\"@id\":\"https:\/\/sebastienchampagne.com\/fr\/#logo\",\"inLanguage\":\"fr-FR\",\"url\":\"https:\/\/sebastienchampagne.com\/wp-content\/uploads\/2017\/01\/vector_DLC1.jpg\",\"contentUrl\":\"https:\/\/sebastienchampagne.com\/wp-content\/uploads\/2017\/01\/vector_DLC1.jpg\",\"width\":369,\"height\":173,\"caption\":\"Centres Hypoth\\u00e9caires Dominion\"},\"image\":{\"@id\":\"https:\/\/sebastienchampagne.com\/fr\/#logo\"}},{\"@type\":\"WebSite\",\"@id\":\"https:\/\/sebastienchampagne.com\/fr\/#website\",\"url\":\"https:\/\/sebastienchampagne.com\/fr\/\",\"name\":\"Dominion Lending Centres\",\"description\":\"DLC Broker Site\",\"publisher\":{\"@id\":\"https:\/\/sebastienchampagne.com\/fr\/#organization\"},\"potentialAction\":[{\"@type\":\"SearchAction\",\"target\":{\"@type\":\"EntryPoint\",\"urlTemplate\":\"https:\/\/sebastienchampagne.com\/fr\/?s={search_term_string}\"},\"query-input\":\"required name=search_term_string\"}],\"inLanguage\":\"fr-FR\"},{\"@type\":\"ImageObject\",\"@id\":\"https:\/\/sebastienchampagne.com\/fr\/a-propos\/#primaryimage\",\"inLanguage\":\"fr-FR\",\"url\":\"https:\/\/sebastienchampagne.com\/wp-content\/uploads\/2025\/12\/Photo-a\\u0300-propos-de-moi-e1766783344483.jpg\",\"contentUrl\":\"https:\/\/sebastienchampagne.com\/wp-content\/uploads\/2025\/12\/Photo-a\\u0300-propos-de-moi-e1766783344483.jpg\",\"width\":880,\"height\":880,\"caption\":\"S\\u00e9bastien Champagne, courtier hypoth\\u00e9caire au Qu\\u00e9bec\"},{\"@type\":\"WebPage\",\"@id\":\"https:\/\/sebastienchampagne.com\/fr\/a-propos\/#webpage\",\"url\":\"https:\/\/sebastienchampagne.com\/fr\/a-propos\/\",\"name\":\"Courtier hypoth\\u00e9caire | S\\u00e9bastien Champagne \\u2013 Approche humaine et personnalis\\u00e9e\",\"isPartOf\":{\"@id\":\"https:\/\/sebastienchampagne.com\/fr\/#website\"},\"primaryImageOfPage\":{\"@id\":\"https:\/\/sebastienchampagne.com\/fr\/a-propos\/#primaryimage\"},\"datePublished\":\"2025-12-26T21:27:26+00:00\",\"dateModified\":\"2026-01-07T23:19:39+00:00\",\"description\":\"Courtier hypoth\\u00e9caire offrant un accompagnement personnalis\\u00e9, transparent et strat\\u00e9gique. D\\u00e9couvrez mon approche et mes partenaires hypoth\\u00e9caires.\",\"breadcrumb\":{\"@id\":\"https:\/\/sebastienchampagne.com\/fr\/a-propos\/#breadcrumb\"},\"inLanguage\":\"fr-FR\",\"potentialAction\":[{\"@type\":\"ReadAction\",\"target\":[\"https:\/\/sebastienchampagne.com\/fr\/a-propos\/\"]}]},{\"@type\":\"BreadcrumbList\",\"@id\":\"https:\/\/sebastienchampagne.com\/fr\/a-propos\/#breadcrumb\",\"itemListElement\":[{\"@type\":\"ListItem\",\"position\":1,\"name\":\"Home\",\"item\":\"https:\/\/sebastienchampagne.com\/fr\/\"},{\"@type\":\"ListItem\",\"position\":2,\"name\":\"\\u00c0 propos\"}]}]}<\/script>\n<!-- \/ Yoast SEO plugin. -->","yoast_head_json":{"description":"Courtier hypoth\u00e9caire offrant un accompagnement personnalis\u00e9, transparent et strat\u00e9gique. D\u00e9couvrez mon approche et mes partenaires hypoth\u00e9caires.","robots":{"index":"noindex","follow":"follow"},"og_locale":"fr_FR","og_type":"article","og_title":"Courtier hypoth\u00e9caire | S\u00e9bastien Champagne \u2013 Approche humaine et personnalis\u00e9e","og_description":"Courtier hypoth\u00e9caire offrant un accompagnement personnalis\u00e9, transparent et strat\u00e9gique. D\u00e9couvrez mon approche et mes partenaires hypoth\u00e9caires.","og_url":"https:\/\/sebastienchampagne.com\/fr\/a-propos\/","og_site_name":"Dominion Lending Centres","article_modified_time":"2026-01-07T23:19:39+00:00","og_image":[{"url":"https:\/\/sebastienchampagne.com\/wp-content\/uploads\/2025\/12\/Photo-a\u0300-propos-de-moi-e1766783344483-300x300.jpg"}],"twitter_card":"summary","twitter_misc":{"Dur\u00e9e de lecture est.":"3 minutes"},"schema":{"@context":"https:\/\/schema.org","@graph":[{"@type":"Organization","@id":"https:\/\/sebastienchampagne.com\/fr\/#organization","name":"Centres Hypoth\u00e9caires Dominion","url":"https:\/\/sebastienchampagne.com\/fr\/","sameAs":[],"logo":{"@type":"ImageObject","@id":"https:\/\/sebastienchampagne.com\/fr\/#logo","inLanguage":"fr-FR","url":"https:\/\/sebastienchampagne.com\/wp-content\/uploads\/2017\/01\/vector_DLC1.jpg","contentUrl":"https:\/\/sebastienchampagne.com\/wp-content\/uploads\/2017\/01\/vector_DLC1.jpg","width":369,"height":173,"caption":"Centres Hypoth\u00e9caires Dominion"},"image":{"@id":"https:\/\/sebastienchampagne.com\/fr\/#logo"}},{"@type":"WebSite","@id":"https:\/\/sebastienchampagne.com\/fr\/#website","url":"https:\/\/sebastienchampagne.com\/fr\/","name":"Dominion Lending Centres","description":"DLC Broker Site","publisher":{"@id":"https:\/\/sebastienchampagne.com\/fr\/#organization"},"potentialAction":[{"@type":"SearchAction","target":{"@type":"EntryPoint","urlTemplate":"https:\/\/sebastienchampagne.com\/fr\/?s={search_term_string}"},"query-input":"required name=search_term_string"}],"inLanguage":"fr-FR"},{"@type":"ImageObject","@id":"https:\/\/sebastienchampagne.com\/fr\/a-propos\/#primaryimage","inLanguage":"fr-FR","url":"https:\/\/sebastienchampagne.com\/wp-content\/uploads\/2025\/12\/Photo-a\u0300-propos-de-moi-e1766783344483.jpg","contentUrl":"https:\/\/sebastienchampagne.com\/wp-content\/uploads\/2025\/12\/Photo-a\u0300-propos-de-moi-e1766783344483.jpg","width":880,"height":880,"caption":"S\u00e9bastien Champagne, courtier hypoth\u00e9caire au Qu\u00e9bec"},{"@type":"WebPage","@id":"https:\/\/sebastienchampagne.com\/fr\/a-propos\/#webpage","url":"https:\/\/sebastienchampagne.com\/fr\/a-propos\/","name":"Courtier hypoth\u00e9caire | S\u00e9bastien Champagne \u2013 Approche humaine et personnalis\u00e9e","isPartOf":{"@id":"https:\/\/sebastienchampagne.com\/fr\/#website"},"primaryImageOfPage":{"@id":"https:\/\/sebastienchampagne.com\/fr\/a-propos\/#primaryimage"},"datePublished":"2025-12-26T21:27:26+00:00","dateModified":"2026-01-07T23:19:39+00:00","description":"Courtier hypoth\u00e9caire offrant un accompagnement personnalis\u00e9, transparent et strat\u00e9gique. D\u00e9couvrez mon approche et mes partenaires hypoth\u00e9caires.","breadcrumb":{"@id":"https:\/\/sebastienchampagne.com\/fr\/a-propos\/#breadcrumb"},"inLanguage":"fr-FR","potentialAction":[{"@type":"ReadAction","target":["https:\/\/sebastienchampagne.com\/fr\/a-propos\/"]}]},{"@type":"BreadcrumbList","@id":"https:\/\/sebastienchampagne.com\/fr\/a-propos\/#breadcrumb","itemListElement":[{"@type":"ListItem","position":1,"name":"Home","item":"https:\/\/sebastienchampagne.com\/fr\/"},{"@type":"ListItem","position":2,"name":"\u00c0 propos"}]}]}},"_links":{"self":[{"href":"https:\/\/sebastienchampagne.com\/fr\/wp-json\/wp\/v2\/pages\/1814"}],"collection":[{"href":"https:\/\/sebastienchampagne.com\/fr\/wp-json\/wp\/v2\/pages"}],"about":[{"href":"https:\/\/sebastienchampagne.com\/fr\/wp-json\/wp\/v2\/types\/page"}],"author":[{"embeddable":true,"href":"https:\/\/sebastienchampagne.com\/fr\/wp-json\/wp\/v2\/users\/4"}],"replies":[{"embeddable":true,"href":"https:\/\/sebastienchampagne.com\/fr\/wp-json\/wp\/v2\/comments?post=1814"}],"version-history":[{"count":7,"href":"https:\/\/sebastienchampagne.com\/fr\/wp-json\/wp\/v2\/pages\/1814\/revisions"}],"predecessor-version":[{"id":1837,"href":"https:\/\/sebastienchampagne.com\/fr\/wp-json\/wp\/v2\/pages\/1814\/revisions\/1837"}],"wp:attachment":[{"href":"https:\/\/sebastienchampagne.com\/fr\/wp-json\/wp\/v2\/media?parent=1814"}],"curies":[{"name":"wp","href":"https:\/\/api.w.org\/{rel}","templated":true}]}}